{"id":92374,"date":"2025-09-25T13:06:32","date_gmt":"2025-09-25T11:06:32","guid":{"rendered":"https:\/\/xitaso.com\/?page_id=92374"},"modified":"2026-04-07T10:58:49","modified_gmt":"2026-04-07T08:58:49","slug":"multivac-migracion-a-un-marco-hmi-moderno","status":"publish","type":"page","link":"https:\/\/xitaso.com\/es\/proyectos\/multivac-migracion-a-un-marco-hmi-moderno\/","title":{"rendered":"MULTIVAC &#8211; Migraci\u00f3n a un marco HMI moderno"},"content":{"rendered":"<div class=\"wpb-content-wrapper\"><p>[vc_row css_animation=\u00bb\u00bb row_type=\u00bbrow\u00bb use_row_as_full_screen_section=\u00bbno\u00bb type=\u00bbfull_width\u00bb angled_section=\u00bbno\u00bb text_align=\u00bbleft\u00bb background_image_as_pattern=\u00bbwithout_pattern\u00bb z_index=\u00bb\u00bb el_class=\u00bbheader_level2_container\u00bb][vc_column][vc_row_inner row_type=\u00bbrow\u00bb type=\u00bbfull_width\u00bb text_align=\u00bbleft\u00bb css_animation=\u00bb\u00bb css=\u00bb.vc_custom_1758793570768{background-image: url(https:\/\/xitaso.com\/wp-content\/uploads\/MULTIVAC_HMI3_header-1.jpg?id=92392) !important;}\u00bb][vc_column_inner offset=\u00bbvc_hidden-xs\u00bb][vc_empty_space height=\u00bb500&#8243;][\/vc_column_inner][\/vc_row_inner][vc_row_inner row_type=\u00bbrow\u00bb type=\u00bbfull_width\u00bb text_align=\u00bbleft\u00bb css_animation=\u00bb\u00bb][vc_column_inner offset=\u00bbvc_hidden-lg vc_hidden-md vc_hidden-sm\u00bb][vc_single_image image=\u00bb92385&#8243; img_size=\u00bbfull\u00bb css=\u00bb\u00bb qode_css_animation=\u00bb\u00bb][\/vc_column_inner][\/vc_row_inner][vc_row_inner row_type=\u00bbrow\u00bb type=\u00bbgrid\u00bb text_align=\u00bbleft\u00bb css_animation=\u00bb\u00bb][vc_column_inner][vc_raw_html css=\u00bb\u00bb]JTNDZGl2JTIwY2xhc3MlM0QlMjJoZWFkZXJfbGV2ZWwyJTIyJTNFJTBBJTNDZGl2JTIwY2xhc3MlM0QlMjJ0b3BwZXIlMjIlM0VEZXNhcnJvbGxvJTIwZGUlMjB1bmElMjBpbnRlcmZheiUyMGRlJTIwdXN1YXJpbyUyMHNvc3RlbmlibGUlM0MlMkZkaXYlM0UlMEElM0NoMSUzRU1pZ3JhY2klQzMlQjNuJTIwYSUyMHVuJTIwbWFyY28lMjBITUklMjBtb2Rlcm5vJTNDJTJGaDElM0UlMEElM0MlMkZkaXYlM0UlMEElMEE=[\/vc_raw_html][\/vc_column_inner][\/vc_row_inner][\/vc_column][\/vc_row][vc_row css_animation=\u00bb\u00bb row_type=\u00bbrow\u00bb use_row_as_full_screen_section=\u00bbno\u00bb type=\u00bbfull_width\u00bb angled_section=\u00bbno\u00bb text_align=\u00bbleft\u00bb background_image_as_pattern=\u00bbwithout_pattern\u00bb css=\u00bb.vc_custom_1719909582502{background-color: #e8e0e0 !important;}\u00bb z_index=\u00bb\u00bb][vc_column][vc_row_inner row_type=\u00bbrow\u00bb type=\u00bbgrid\u00bb text_align=\u00bbleft\u00bb css_animation=\u00bb\u00bb][vc_column_inner width=\u00bb1\/2&#8243;][vc_empty_space height=\u00bb60&#8243;][vc_column_text css=\u00bb\u00bb]<\/p>\n<h2>El reto<\/h2>\n<p>MULTIVAC utiliza un marco de software central para escalar la capacidad de desarrollo en sus diferentes \u00e1reas de negocio. Es importante contar con un dise\u00f1o uniforme y una implementaci\u00f3n t\u00e9cnica de la interfaz de usuario (HMI), ya que los productos de las distintas \u00e1reas de negocio a menudo se combinan para formar soluciones completas. El marco HMI existente se basaba en la biblioteca JavaScript Polymer, cuyo desarrollo se ha suspendido. Esto provocaba problemas de seguridad y limitaba la posibilidad de introducir nuevas funciones. Adem\u00e1s, el lento rendimiento de Polymer era un problema grave. Para garantizar el futuro de la interfaz de usuario y mejorar significativamente la velocidad, fue necesario sustituir todos los componentes de Polymer por una tecnolog\u00eda moderna (Vue.js).[\/vc_column_text][vc_empty_space height=\u00bb30&#8243;][vc_column_text css=\u00bb\u00bb]<\/p>\n<div class=\"wpb_text_column wpb_content_element \">\n<div class=\"wpb_wrapper\">\n<h2>MULTIVAC Sepp Haggenm\u00fcller SE &amp; Co. KG<\/h2>\n<p><a href=\"https:\/\/multivac.com\/es\/es\">MULTIVAC<\/a> es uno de los principales fabricantes de m\u00e1quinas para el envasado y el procesamiento. La empresa ofrece soluciones completas para la automatizaci\u00f3n en los sectores de productos alimenticios, m\u00e9dicos y farmac\u00e9uticos, as\u00ed como de bienes industriales y de consumo. Con una amplia gama de productos y servicios, MULTIVAC apoya a sus clientes en todo el mundo proporcion\u00e1ndoles sistemas de alta calidad para el envasado, el porcionado, el etiquetado, la inspecci\u00f3n y la automatizaci\u00f3n.<\/p>\n<\/div>\n<\/div>\n<p>[\/vc_column_text][vc_empty_space height=\u00bb10&#8243;][vc_empty_space height=\u00bb30&#8243;][vc_empty_space height=\u00bb30&#8243;][vc_single_image image=\u00bb71537&#8243; img_size=\u00bbfull\u00bb onclick=\u00bbcustom_link\u00bb img_link_target=\u00bb_blank\u00bb css=\u00bb.vc_custom_1758797423658{padding-right: 55% !important;}\u00bb qode_css_animation=\u00bb\u00bb link=\u00bbhttps:\/\/multivac.com\/es\/es\u00bb][vc_empty_space height=\u00bb30&#8243;][\/vc_column_inner][vc_column_inner width=\u00bb1\/2&#8243;][vc_empty_space height=\u00bb30px\u00bb][vc_empty_space height=\u00bb30&#8243; el_class=\u00bbnot-on-mobile\u00bb][vc_column_text css=\u00bb\u00bb]<\/p>\n<h2>Nuestra aportaci\u00f3n<\/h2>\n<p data-renderer-start-pos=\"10302\">Para superar los retos, ayudamos a MULTIVAC a migrar de Polymer a Vue.js, una moderna tecnolog\u00eda JavaScript para aplicaciones web. Esto mejor\u00f3 considerablemente el rendimiento, lo que aument\u00f3 de forma decisiva la velocidad de funcionamiento y, por lo tanto, la facilidad de uso. Nuestro equipo ayud\u00f3 a los desarrolladores a aprender las nuevas tecnolog\u00edas y llev\u00f3 a cabo la conversi\u00f3n de numerosos componentes en diferentes \u00e1reas de negocio. Al mismo tiempo, nos aseguramos de que el marco central, que proporciona los componentes b\u00e1sicos, cumpliera con los requisitos de rendimiento. Para garantizar una alta calidad y eficiencia, introdujimos una automatizaci\u00f3n de pruebas que realiza pruebas de software de forma autom\u00e1tica y peri\u00f3dica. Adem\u00e1s, implementamos una documentaci\u00f3n interactiva que permite a los usuarios del marco trabajar directamente con componentes de muestra e ilustra su aplicaci\u00f3n en la programaci\u00f3n.<\/p>\n<p>[\/vc_column_text][vc_empty_space height=\u00bb30&#8243;][vc_column_text css=\u00bb\u00bb]<\/p>\n<h2>Tecnolog\u00edas\/m\u00e9todos<\/h2>\n<p>[\/vc_column_text][vc_empty_space height=\u00bb15&#8243;][vc_raw_html css=\u00bb\u00bb]JTNDc3BhbiUyMGNsYXNzJTNEJTIydGVjaG5vbG9naWVuJTIyJTNFTW9kZXJuaXphY2klQzMlQjNuJTIwZGUlMjBzb2Z0d2FyZSUzQyUyRnNwYW4lM0UlMEElM0NzcGFuJTIwY2xhc3MlM0QlMjJ0ZWNobm9sb2dpZW4lMjIlM0VFc3RyYXRlZ2lhJTIwbWlncmF0b3JpYSUzQyUyRnNwYW4lM0UlMEElM0NzcGFuJTIwY2xhc3MlM0QlMjJ0ZWNobm9sb2dpZW4lMjIlM0VHZXN0aSVDMyVCM24lMjBkZSUyMHByb3llY3RvcyUzQyUyRnNwYW4lM0UlMEElM0NzcGFuJTIwY2xhc3MlM0QlMjJ0ZWNobm9sb2dpZW4lMjIlM0VQbGFuJTIwZGUlMjBlc3RydWN0dXJhJTIwZGVsJTIwcHJveWVjdG8lMjAlQzMlQTFnaWwlM0MlMkZzcGFuJTNFJTBBJTNDc3BhbiUyMGNsYXNzJTNEJTIydGVjaG5vbG9naWVuJTIyJTNFR2VzdGklQzMlQjNuJTIwZGUlMjBkZXBlbmRlbmNpYXMlMjBjb21wbGVqYXMlMjBlbnRyZSUyMHN1YnByb3llY3RvcyUzQyUyRnNwYW4lM0UlMEElM0NzcGFuJTIwY2xhc3MlM0QlMjJ0ZWNobm9sb2dpZW4lMjIlM0VWaXRlJTNDJTJGc3BhbiUzRSUwQSUzQ3NwYW4lMjBjbGFzcyUzRCUyMnRlY2hub2xvZ2llbiUyMiUzRVZpdGVzdCUzQyUyRnNwYW4lM0UlMEElM0NzcGFuJTIwY2xhc3MlM0QlMjJ0ZWNobm9sb2dpZW4lMjIlM0VucG0lM0MlMkZzcGFuJTNFJTBBJTNDc3BhbiUyMGNsYXNzJTNEJTIydGVjaG5vbG9naWVuJTIyJTNFR2l0aHViJTIwQWN0aW9ucyUzQyUyRnNwYW4lM0UlMEElM0NzcGFuJTIwY2xhc3MlM0QlMjJ0ZWNobm9sb2dpZW4lMjIlM0VUeXBlU2NyaXB0JTNDJTJGc3BhbiUzRSUwQSUzQ3NwYW4lMjBjbGFzcyUzRCUyMnRlY2hub2xvZ2llbiUyMiUzRVZ1ZS5qcyUzQyUyRnNwYW4lM0U=[\/vc_raw_html][vc_empty_space height=\u00bb40&#8243;][\/vc_column_inner][\/vc_row_inner][\/vc_column][\/vc_row][vc_row css_animation=\u00bb\u00bb row_type=\u00bbrow\u00bb use_row_as_full_screen_section=\u00bbno\u00bb type=\u00bbgrid\u00bb angled_section=\u00bbno\u00bb text_align=\u00bbleft\u00bb background_image_as_pattern=\u00bbwithout_pattern\u00bb z_index=\u00bb\u00bb][vc_column][vc_empty_space height=\u00bb30&#8243; el_class=\u00bbnot-on-mobile\u00bb][vc_empty_space height=\u00bb50&#8243;][\/vc_column][\/vc_row][vc_row css_animation=\u00bb\u00bb row_type=\u00bbrow\u00bb use_row_as_full_screen_section=\u00bbno\u00bb type=\u00bbfull_width\u00bb angled_section=\u00bbno\u00bb text_align=\u00bbleft\u00bb background_image_as_pattern=\u00bbwithout_pattern\u00bb el_class=\u00bbtwo-column-with-heading-on-top\u00bb z_index=\u00bb\u00bb][vc_column][vc_row_inner row_type=\u00bbrow\u00bb type=\u00bbgrid\u00bb text_align=\u00bbleft\u00bb css_animation=\u00bb\u00bb][vc_column_inner][vc_empty_space height=\u00bb50&#8243;][vc_column_text css=\u00bb\u00bb]<\/p>\n<h2 style=\"text-align: center;\">Otros proyectos<\/h2>\n<p>[\/vc_column_text][\/vc_column_inner][\/vc_row_inner][vc_empty_space height=\u00bb40&#8243;][\/vc_column][\/vc_row][vc_row css_animation=\u00bb\u00bb row_type=\u00bbrow\u00bb use_row_as_full_screen_section=\u00bbno\u00bb type=\u00bbfull_width\u00bb angled_section=\u00bbno\u00bb text_align=\u00bbleft\u00bb background_image_as_pattern=\u00bbwithout_pattern\u00bb z_index=\u00bb\u00bb el_class=\u00bbthree-column-references\u00bb][vc_column][vc_row_inner row_type=\u00bbrow\u00bb type=\u00bbgrid\u00bb text_align=\u00bbleft\u00bb css_animation=\u00bb\u00bb][vc_column_inner width=\u00bb1\/3&#8243;][vc_raw_html css=\u00bb\u00bb]JTNDYSUyMGhyZWYlM0QlMjIlMkZlcyUyRnByb3llY3RvcyUyRmJocy1pb3QtcGxhdHRmb3JtJTJGJTIyJTNF[\/vc_raw_html][vc_empty_space height=\u00bb250&#8243; image_repeat=\u00bbno-repeat\u00bb background_image=\u00bb75263&#8243;][vc_column_text css=\u00bb\u00bb]<\/p>\n<div class=\"referenz_kunde\">BHS Corrugated<\/div>\n<h3>Plataforma centralizada para el intercambio de datos fluido entre instalaciones<\/h3>\n<p>[\/vc_column_text][vc_raw_html]JTNDJTJGYSUzRQ==[\/vc_raw_html][\/vc_column_inner][vc_column_inner width=\u00bb1\/3&#8243;][vc_raw_html css=\u00bb\u00bb]JTNDYSUyMGhyZWYlM0QlMjIlMkZlcyUyRnByb3llY3RvcyUyRnJvbWEtbGluZWEtZGUtbW9udGFqZS1zaW4tcGFwZWwlMkYlMjIlM0U=[\/vc_raw_html][vc_empty_space height=\u00bb250&#8243; image_repeat=\u00bbno-repeat\u00bb background_image=\u00bb14219&#8243;][vc_column_text css=\u00bb\u00bb]<\/p>\n<div class=\"referenz_kunde\">ROMA<\/div>\n<h3>L\u00ednea de Montaje sin Papel<\/h3>\n<p>[\/vc_column_text][vc_raw_html]JTNDJTJGYSUzRQ==[\/vc_raw_html][\/vc_column_inner][vc_column_inner width=\u00bb1\/3&#8243;][vc_raw_html css=\u00bb\u00bb]JTNDYSUyMGhyZWYlM0QlMjIlMkZlcyUyRnByb3llY3RvcyUyRm11bHRpdmFjLWNoYXRib3QtaWElMkYlMjIlM0U=[\/vc_raw_html][vc_empty_space height=\u00bb250&#8243; image_repeat=\u00bbno-repeat\u00bb background_image=\u00bb94223&#8243;][vc_column_text css=\u00bb\u00bb]<\/p>\n<div class=\"referenz_kunde\">MULTIVAC<\/div>\n<h3>Uso eficiente del conocimiento mediante chatbots asistidos por IA<\/h3>\n<p>[\/vc_column_text][vc_raw_html]JTNDJTJGYSUzRQ==[\/vc_raw_html][\/vc_column_inner][\/vc_row_inner][\/vc_column][\/vc_row][vc_row css_animation=\u00bb\u00bb row_type=\u00bbrow\u00bb use_row_as_full_screen_section=\u00bbno\u00bb type=\u00bbfull_width\u00bb angled_section=\u00bbno\u00bb text_align=\u00bbleft\u00bb background_image_as_pattern=\u00bbwithout_pattern\u00bb][vc_column][vc_empty_space height=\u00bb30&#8243;][vc_column_text css=\u00bb\u00bb]<\/p>\n<p style=\"text-align: center;\"><a class=\"mitPfeil\" href=\"https:\/\/xitaso.com\/es\/proyectos\/todos-los-proyectos\/\">Mostrar todos los proyectos<\/a><\/p>\n<p>[\/vc_column_text][\/vc_column][\/vc_row][vc_row css_animation=\u00bb\u00bb row_type=\u00bbrow\u00bb use_row_as_full_screen_section=\u00bbno\u00bb type=\u00bbfull_width\u00bb angled_section=\u00bbno\u00bb text_align=\u00bbleft\u00bb background_image_as_pattern=\u00bbwithout_pattern\u00bb][vc_column][vc_empty_space height=\u00bb50&#8243;][vc_empty_space height=\u00bb50&#8243; el_class=\u00bbnot-on-mobile\u00bb][\/vc_column][\/vc_row][vc_row css_animation=\u00bb\u00bb row_type=\u00bbrow\u00bb use_row_as_full_screen_section=\u00bbno\u00bb type=\u00bbfull_width\u00bb angled_section=\u00bbno\u00bb text_align=\u00bbleft\u00bb background_image_as_pattern=\u00bbwithout_pattern\u00bb z_index=\u00bb\u00bb el_class=\u00bbyour-contact-person\u00bb css=\u00bb.vc_custom_1719909675989{background-color: #e8e0e0 !important;}\u00bb][vc_column][vc_row_inner row_type=\u00bbrow\u00bb type=\u00bbgrid\u00bb text_align=\u00bbleft\u00bb css_animation=\u00bb\u00bb][vc_column_inner][vc_column_text css=\u00bb\u00bb]<\/p>\n<h2 style=\"text-align: center;\">\u00bfLe interesa un proyecto, un servicio o tiene alguna otra pregunta?<\/h2>\n<p>[\/vc_column_text][vc_single_image image=\u00bb90281&#8243; img_size=\u00bb120&#215;120&#8243; alignment=\u00bbcenter\u00bb style=\u00bbvc_box_circle_2&#8243; css=\u00bb\u00bb qode_css_animation=\u00bb\u00bb][vc_column_text css=\u00bb\u00bb]<\/p>\n<p style=\"text-align: center;\"><strong>Dr. Michael Schackert<\/strong><\/p>\n<p style=\"text-align: center;\">Tel. +49 821 885 882-36<br \/>\n<a href=\"mailto:michael.schackert@xitaso.com\">michael.schackert@xitaso.com<\/a><\/p>\n<p>[\/vc_column_text][\/vc_column_inner][\/vc_row_inner][\/vc_column][\/vc_row]<\/p>\n<\/div>","protected":false},"excerpt":{"rendered":"<p>[vc_row css_animation=\u00bb\u00bb row_type=\u00bbrow\u00bb use_row_as_full_screen_section=\u00bbno\u00bb type=\u00bbfull_width\u00bb angled_section=\u00bbno\u00bb text_align=\u00bbleft\u00bb background_image_as_pattern=\u00bbwithout_pattern\u00bb z_index=\u00bb\u00bb el_class=\u00bbheader_level2_container\u00bb][vc_column][vc_row_inner row_type=\u00bbrow\u00bb type=\u00bbfull_width\u00bb text_align=\u00bbleft\u00bb css_animation=\u00bb\u00bb css=\u00bb.vc_custom_1758793570768{background-image: url(https:\/\/xitaso.com\/wp-content\/uploads\/MULTIVAC_HMI3_header-1.jpg?id=92392) !important;}\u00bb][vc_column_inner offset=\u00bbvc_hidden-xs\u00bb][vc_empty_space height=\u00bb500&#8243;][\/vc_column_inner][\/vc_row_inner][vc_row_inner row_type=\u00bbrow\u00bb type=\u00bbfull_width\u00bb text_align=\u00bbleft\u00bb css_animation=\u00bb\u00bb][vc_column_inner offset=\u00bbvc_hidden-lg vc_hidden-md vc_hidden-sm\u00bb][vc_single_image image=\u00bb92385&#8243; img_size=\u00bbfull\u00bb css=\u00bb\u00bb qode_css_animation=\u00bb\u00bb][\/vc_column_inner][\/vc_row_inner][vc_row_inner row_type=\u00bbrow\u00bb type=\u00bbgrid\u00bb text_align=\u00bbleft\u00bb css_animation=\u00bb\u00bb][vc_column_inner][vc_raw_html css=\u00bb\u00bb]JTNDZGl2JTIwY2xhc3MlM0QlMjJoZWFkZXJfbGV2ZWwyJTIyJTNFJTBBJTNDZGl2JTIwY2xhc3MlM0QlMjJ0b3BwZXIlMjIlM0VEZXNhcnJvbGxvJTIwZGUlMjB1bmElMjBpbnRlcmZheiUyMGRlJTIwdXN1YXJpbyUyMHNvc3RlbmlibGUlM0MlMkZkaXYlM0UlMEElM0NoMSUzRU1pZ3JhY2klQzMlQjNuJTIwYSUyMHVuJTIwbWFyY28lMjBITUklMjBtb2Rlcm5vJTNDJTJGaDElM0UlMEElM0MlMkZkaXYlM0UlMEElMEE=[\/vc_raw_html][\/vc_column_inner][\/vc_row_inner][\/vc_column][\/vc_row][vc_row css_animation=\u00bb\u00bb row_type=\u00bbrow\u00bb use_row_as_full_screen_section=\u00bbno\u00bb type=\u00bbfull_width\u00bb angled_section=\u00bbno\u00bb text_align=\u00bbleft\u00bb background_image_as_pattern=\u00bbwithout_pattern\u00bb css=\u00bb.vc_custom_1719909582502{background-color: #e8e0e0 !important;}\u00bb&#8230;<\/p>\n","protected":false},"author":16,"featured_media":0,"parent":30185,"menu_order":0,"comment_status":"closed","ping_status":"closed","template":"full_width.php","meta":{"_acf_changed":false,"inline_featured_image":false,"footnotes":""},"class_list":["post-92374","page","type-page","status-publish","hentry"],"acf":[],"yoast_head":"<!-- This site is optimized with the Yoast SEO plugin v27.3 - https:\/\/yoast.com\/product\/yoast-seo-wordpress\/ -->\n<title>MULTIVAC - Migraci\u00f3n a un marco HMI moderno &#060; XITASO<\/title>\n<meta name=\"description\" content=\"Software. Beratung. Entwicklung. Realisierung. Wir planen, gestalten und entwickeln digitale L\u00f6sungen f\u00fcr Produkte, Prozesse und Plattformen.\" \/>\n<meta name=\"robots\" content=\"index, follow, max-snippet:-1, max-image-preview:large, max-video-preview:-1\" \/>\n<link rel=\"canonical\" href=\"https:\/\/xitaso.com\/es\/proyectos\/multivac-migracion-a-un-marco-hmi-moderno\/\" \/>\n<meta property=\"og:locale\" content=\"es_ES\" \/>\n<meta property=\"og:type\" content=\"article\" \/>\n<meta property=\"og:title\" content=\"MULTIVAC - Migraci\u00f3n a un marco HMI moderno &#060; XITASO\" \/>\n<meta property=\"og:description\" content=\"Software. Beratung. Entwicklung. Realisierung. Wir planen, gestalten und entwickeln digitale L\u00f6sungen f\u00fcr Produkte, Prozesse und Plattformen.\" \/>\n<meta property=\"og:url\" content=\"https:\/\/xitaso.com\/es\/proyectos\/multivac-migracion-a-un-marco-hmi-moderno\/\" \/>\n<meta property=\"og:site_name\" content=\"XITASO\" \/>\n<meta property=\"article:publisher\" content=\"https:\/\/www.facebook.com\/XITASOGmbH\/\" \/>\n<meta property=\"article:modified_time\" content=\"2026-04-07T08:58:49+00:00\" \/>\n<meta name=\"twitter:card\" content=\"summary_large_image\" \/>\n<meta name=\"twitter:site\" content=\"@xitasogmbh\" \/>\n<meta name=\"twitter:label1\" content=\"Tiempo de lectura\" \/>\n\t<meta name=\"twitter:data1\" content=\"5 minutos\" \/>\n<script type=\"application\/ld+json\" class=\"yoast-schema-graph\">{\"@context\":\"https:\\\/\\\/schema.org\",\"@graph\":[{\"@type\":\"WebPage\",\"@id\":\"https:\\\/\\\/xitaso.com\\\/es\\\/proyectos\\\/multivac-migracion-a-un-marco-hmi-moderno\\\/\",\"url\":\"https:\\\/\\\/xitaso.com\\\/es\\\/proyectos\\\/multivac-migracion-a-un-marco-hmi-moderno\\\/\",\"name\":\"MULTIVAC - Migraci\u00f3n a un marco HMI moderno &#060; XITASO\",\"isPartOf\":{\"@id\":\"https:\\\/\\\/xitaso.com\\\/#website\"},\"datePublished\":\"2025-09-25T11:06:32+00:00\",\"dateModified\":\"2026-04-07T08:58:49+00:00\",\"description\":\"Software. Beratung. Entwicklung. Realisierung. Wir planen, gestalten und entwickeln digitale L\u00f6sungen f\u00fcr Produkte, Prozesse und Plattformen.\",\"breadcrumb\":{\"@id\":\"https:\\\/\\\/xitaso.com\\\/es\\\/proyectos\\\/multivac-migracion-a-un-marco-hmi-moderno\\\/#breadcrumb\"},\"inLanguage\":\"es\",\"potentialAction\":[{\"@type\":\"ReadAction\",\"target\":[\"https:\\\/\\\/xitaso.com\\\/es\\\/proyectos\\\/multivac-migracion-a-un-marco-hmi-moderno\\\/\"]}]},{\"@type\":\"BreadcrumbList\",\"@id\":\"https:\\\/\\\/xitaso.com\\\/es\\\/proyectos\\\/multivac-migracion-a-un-marco-hmi-moderno\\\/#breadcrumb\",\"itemListElement\":[{\"@type\":\"ListItem\",\"position\":1,\"name\":\"Startseite\",\"item\":\"https:\\\/\\\/xitaso.com\\\/es\\\/\"},{\"@type\":\"ListItem\",\"position\":2,\"name\":\"Proyectos\",\"item\":\"https:\\\/\\\/xitaso.com\\\/es\\\/proyectos\\\/\"},{\"@type\":\"ListItem\",\"position\":3,\"name\":\"MULTIVAC &#8211; Migraci\u00f3n a un marco HMI moderno\"}]},{\"@type\":\"WebSite\",\"@id\":\"https:\\\/\\\/xitaso.com\\\/#website\",\"url\":\"https:\\\/\\\/xitaso.com\\\/\",\"name\":\"XITASO\",\"description\":\"\",\"publisher\":{\"@id\":\"https:\\\/\\\/xitaso.com\\\/#organization\"},\"potentialAction\":[{\"@type\":\"SearchAction\",\"target\":{\"@type\":\"EntryPoint\",\"urlTemplate\":\"https:\\\/\\\/xitaso.com\\\/?s={search_term_string}\"},\"query-input\":{\"@type\":\"PropertyValueSpecification\",\"valueRequired\":true,\"valueName\":\"search_term_string\"}}],\"inLanguage\":\"es\"},{\"@type\":\"Organization\",\"@id\":\"https:\\\/\\\/xitaso.com\\\/#organization\",\"name\":\"XITASO GmbH\",\"url\":\"https:\\\/\\\/xitaso.com\\\/\",\"logo\":{\"@type\":\"ImageObject\",\"inLanguage\":\"es\",\"@id\":\"https:\\\/\\\/xitaso.com\\\/#\\\/schema\\\/logo\\\/image\\\/\",\"url\":\"https:\\\/\\\/xitaso.com\\\/wp-content\\\/uploads\\\/XITASO-Logo-quer.png\",\"contentUrl\":\"https:\\\/\\\/xitaso.com\\\/wp-content\\\/uploads\\\/XITASO-Logo-quer.png\",\"width\":1746,\"height\":438,\"caption\":\"XITASO GmbH\"},\"image\":{\"@id\":\"https:\\\/\\\/xitaso.com\\\/#\\\/schema\\\/logo\\\/image\\\/\"},\"sameAs\":[\"https:\\\/\\\/www.facebook.com\\\/XITASOGmbH\\\/\",\"https:\\\/\\\/x.com\\\/xitasogmbh\",\"https:\\\/\\\/www.linkedin.com\\\/organization-guest\\\/company\\\/xitasogmbh\",\"https:\\\/\\\/www.youtube.com\\\/channel\\\/UCQ4Qjq-Pr58NjGVLryNEuyA\"]}]}<\/script>\n<!-- \/ Yoast SEO plugin. -->","yoast_head_json":{"title":"MULTIVAC - Migraci\u00f3n a un marco HMI moderno &#060; XITASO","description":"Software. Beratung. Entwicklung. Realisierung. Wir planen, gestalten und entwickeln digitale L\u00f6sungen f\u00fcr Produkte, Prozesse und Plattformen.","robots":{"index":"index","follow":"follow","max-snippet":"max-snippet:-1","max-image-preview":"max-image-preview:large","max-video-preview":"max-video-preview:-1"},"canonical":"https:\/\/xitaso.com\/es\/proyectos\/multivac-migracion-a-un-marco-hmi-moderno\/","og_locale":"es_ES","og_type":"article","og_title":"MULTIVAC - Migraci\u00f3n a un marco HMI moderno &#060; XITASO","og_description":"Software. Beratung. Entwicklung. Realisierung. Wir planen, gestalten und entwickeln digitale L\u00f6sungen f\u00fcr Produkte, Prozesse und Plattformen.","og_url":"https:\/\/xitaso.com\/es\/proyectos\/multivac-migracion-a-un-marco-hmi-moderno\/","og_site_name":"XITASO","article_publisher":"https:\/\/www.facebook.com\/XITASOGmbH\/","article_modified_time":"2026-04-07T08:58:49+00:00","twitter_card":"summary_large_image","twitter_site":"@xitasogmbh","twitter_misc":{"Tiempo de lectura":"5 minutos"},"schema":{"@context":"https:\/\/schema.org","@graph":[{"@type":"WebPage","@id":"https:\/\/xitaso.com\/es\/proyectos\/multivac-migracion-a-un-marco-hmi-moderno\/","url":"https:\/\/xitaso.com\/es\/proyectos\/multivac-migracion-a-un-marco-hmi-moderno\/","name":"MULTIVAC - Migraci\u00f3n a un marco HMI moderno &#060; XITASO","isPartOf":{"@id":"https:\/\/xitaso.com\/#website"},"datePublished":"2025-09-25T11:06:32+00:00","dateModified":"2026-04-07T08:58:49+00:00","description":"Software. Beratung. Entwicklung. Realisierung. Wir planen, gestalten und entwickeln digitale L\u00f6sungen f\u00fcr Produkte, Prozesse und Plattformen.","breadcrumb":{"@id":"https:\/\/xitaso.com\/es\/proyectos\/multivac-migracion-a-un-marco-hmi-moderno\/#breadcrumb"},"inLanguage":"es","potentialAction":[{"@type":"ReadAction","target":["https:\/\/xitaso.com\/es\/proyectos\/multivac-migracion-a-un-marco-hmi-moderno\/"]}]},{"@type":"BreadcrumbList","@id":"https:\/\/xitaso.com\/es\/proyectos\/multivac-migracion-a-un-marco-hmi-moderno\/#breadcrumb","itemListElement":[{"@type":"ListItem","position":1,"name":"Startseite","item":"https:\/\/xitaso.com\/es\/"},{"@type":"ListItem","position":2,"name":"Proyectos","item":"https:\/\/xitaso.com\/es\/proyectos\/"},{"@type":"ListItem","position":3,"name":"MULTIVAC &#8211; Migraci\u00f3n a un marco HMI moderno"}]},{"@type":"WebSite","@id":"https:\/\/xitaso.com\/#website","url":"https:\/\/xitaso.com\/","name":"XITASO","description":"","publisher":{"@id":"https:\/\/xitaso.com\/#organization"},"potentialAction":[{"@type":"SearchAction","target":{"@type":"EntryPoint","urlTemplate":"https:\/\/xitaso.com\/?s={search_term_string}"},"query-input":{"@type":"PropertyValueSpecification","valueRequired":true,"valueName":"search_term_string"}}],"inLanguage":"es"},{"@type":"Organization","@id":"https:\/\/xitaso.com\/#organization","name":"XITASO GmbH","url":"https:\/\/xitaso.com\/","logo":{"@type":"ImageObject","inLanguage":"es","@id":"https:\/\/xitaso.com\/#\/schema\/logo\/image\/","url":"https:\/\/xitaso.com\/wp-content\/uploads\/XITASO-Logo-quer.png","contentUrl":"https:\/\/xitaso.com\/wp-content\/uploads\/XITASO-Logo-quer.png","width":1746,"height":438,"caption":"XITASO GmbH"},"image":{"@id":"https:\/\/xitaso.com\/#\/schema\/logo\/image\/"},"sameAs":["https:\/\/www.facebook.com\/XITASOGmbH\/","https:\/\/x.com\/xitasogmbh","https:\/\/www.linkedin.com\/organization-guest\/company\/xitasogmbh","https:\/\/www.youtube.com\/channel\/UCQ4Qjq-Pr58NjGVLryNEuyA"]}]}},"_links":{"self":[{"href":"https:\/\/xitaso.com\/es\/wp-json\/wp\/v2\/pages\/92374","targetHints":{"allow":["GET"]}}],"collection":[{"href":"https:\/\/xitaso.com\/es\/wp-json\/wp\/v2\/pages"}],"about":[{"href":"https:\/\/xitaso.com\/es\/wp-json\/wp\/v2\/types\/page"}],"author":[{"embeddable":true,"href":"https:\/\/xitaso.com\/es\/wp-json\/wp\/v2\/users\/16"}],"replies":[{"embeddable":true,"href":"https:\/\/xitaso.com\/es\/wp-json\/wp\/v2\/comments?post=92374"}],"version-history":[{"count":1,"href":"https:\/\/xitaso.com\/es\/wp-json\/wp\/v2\/pages\/92374\/revisions"}],"predecessor-version":[{"id":101780,"href":"https:\/\/xitaso.com\/es\/wp-json\/wp\/v2\/pages\/92374\/revisions\/101780"}],"up":[{"embeddable":true,"href":"https:\/\/xitaso.com\/es\/wp-json\/wp\/v2\/pages\/30185"}],"wp:attachment":[{"href":"https:\/\/xitaso.com\/es\/wp-json\/wp\/v2\/media?parent=92374"}],"curies":[{"name":"wp","href":"https:\/\/api.w.org\/{rel}","templated":true}]}}