{"id":86612,"date":"2025-02-05T12:58:15","date_gmt":"2025-02-05T11:58:15","guid":{"rendered":"https:\/\/xitaso.com\/proyectos\/dmg-mori-penetration-test\/"},"modified":"2026-04-07T11:57:33","modified_gmt":"2026-04-07T09:57:33","slug":"dmg-mori-prueba-de-penetracion","status":"publish","type":"page","link":"https:\/\/xitaso.com\/es\/proyectos\/dmg-mori-prueba-de-penetracion\/","title":{"rendered":"DMG Mori &#8211; Prueba de penetraci\u00f3n"},"content":{"rendered":"<div class=\"wpb-content-wrapper\"><p>[vc_row css_animation=\u00bb\u00bb row_type=\u00bbrow\u00bb use_row_as_full_screen_section=\u00bbno\u00bb type=\u00bbfull_width\u00bb angled_section=\u00bbno\u00bb text_align=\u00bbleft\u00bb background_image_as_pattern=\u00bbwithout_pattern\u00bb z_index=\u00bb\u00bb el_class=\u00bbheader_level2_container\u00bb][vc_column][vc_row_inner row_type=\u00bbrow\u00bb type=\u00bbfull_width\u00bb text_align=\u00bbleft\u00bb css_animation=\u00bb\u00bb css=\u00bb.vc_custom_1738756383870{background-image: url(https:\/\/xitaso.com\/wp-content\/uploads\/Fraesen.jpg?id=78814) !important;}\u00bb][vc_column_inner offset=\u00bbvc_hidden-xs\u00bb][vc_empty_space height=\u00bb450&#8243;][\/vc_column_inner][\/vc_row_inner][vc_row_inner row_type=\u00bbrow\u00bb type=\u00bbfull_width\u00bb text_align=\u00bbleft\u00bb css_animation=\u00bb\u00bb][vc_column_inner offset=\u00bbvc_hidden-lg vc_hidden-md vc_hidden-sm\u00bb][vc_single_image image=\u00bb78816&#8243; img_size=\u00bbfull\u00bb css=\u00bb\u00bb qode_css_animation=\u00bb\u00bb][\/vc_column_inner][\/vc_row_inner][vc_row_inner row_type=\u00bbrow\u00bb type=\u00bbgrid\u00bb text_align=\u00bbleft\u00bb css_animation=\u00bb\u00bb][vc_column_inner][vc_raw_html css=\u00bb\u00bb]JTNDZGl2JTIwY2xhc3MlM0QlMjJoZWFkZXJfbGV2ZWwyJTIyJTNFJTBBJTNDZGl2JTIwY2xhc3MlM0QlMjJ0b3BwZXIlMjIlM0VTZWd1cmlkYWQlMjBlbiUyMGxhJTIwaW5nZW5pZXIlQzMlQURhJTIwbWVjJUMzJUExbmljYSUzQSUyMGlkZW50aWZpY2FjaSVDMyVCM24lMjBkZSUyMHJpZXNnb3MlMjB5JTIwYXVtZW50byUyMGRlJTIwbGElMjBjaWJlcnJlc2lsaWVuY2lhJTNDJTJGZGl2JTNFJTBBJTNDaDElM0VQcnVlYmElMjBkZSUyMHBlbmV0cmFjaSVDMyVCM24lMjBkZSUyMGZyZXNhZG9yYXMlM0MlMkZoMSUzRSUwQSUzQyUyRmRpdiUzRSUwQSUwQQ==[\/vc_raw_html][\/vc_column_inner][\/vc_row_inner][\/vc_column][\/vc_row][vc_row css_animation=\u00bb\u00bb row_type=\u00bbrow\u00bb use_row_as_full_screen_section=\u00bbno\u00bb type=\u00bbfull_width\u00bb angled_section=\u00bbno\u00bb text_align=\u00bbleft\u00bb background_image_as_pattern=\u00bbwithout_pattern\u00bb css=\u00bb.vc_custom_1719909582502{background-color: #e8e0e0 !important;}\u00bb z_index=\u00bb\u00bb][vc_column][vc_row_inner row_type=\u00bbrow\u00bb type=\u00bbgrid\u00bb text_align=\u00bbleft\u00bb css_animation=\u00bb\u00bb][vc_column_inner width=\u00bb1\/2&#8243;][vc_empty_space height=\u00bb60&#8243;][vc_column_text css=\u00bb\u00bb]<\/p>\n<h2>El reto<\/h2>\n<p>La situaci\u00f3n de las amenazas digitales es cada vez m\u00e1s grave. Los ciberataques se producen con m\u00e1s y m\u00e1s frecuencia y cada vez es m\u00e1s dif\u00edcil defenderse de ellos, ya que las \u00faltimas tecnolog\u00edas los facilitan y automatizan. A las empresas cada vez les cuesta m\u00e1s identificar los riesgos en los sistemas y mostrarse resilientes ante los ataques.<\/p>\n<p>Con la plataforma CELOS\u00a0X, DMG\u00a0MORI ofrece aplicaciones digitales para fresadoras que aumentan la productividad y proporcionan a los clientes nuevas funciones digitales. Esto lleva la interconexi\u00f3n y la digitalizaci\u00f3n de las m\u00e1quinas a un nivel nunca visto. La protecci\u00f3n de los datos confidenciales y de la producci\u00f3n se traduce en una mayor necesidad de seguridad inform\u00e1tica.[\/vc_column_text][vc_empty_space height=\u00bb30&#8243;][vc_column_text css=\u00bb\u00bb]<\/p>\n<div class=\"wpb_text_column wpb_content_element \">\n<div class=\"wpb_wrapper\">\n<h2>DMG MORI<\/h2>\n<p><a href=\"https:\/\/es.dmgmori.com\/?_gl=1*3gcdn8*_gcl_au*MTUyNzg2OTA5OC4xNzQ3NzQzMTE2*FPAU*MTUyNzg2OTA5OC4xNzQ3NzQzMTE2*_ga*NjA2MzM5NjMuMTcyODQ4NzU0Mg..*_ga_EE79YGCYYJ*czE3NDc3NDMxMTgkbzQkZzAkdDE3NDc3NDMxMjAkajAkbDAkaDEyODcxOTA0ODA.*_fplc*MmRLYWRZbkZwOUJZb2tNMUt6enV5SUhSQkIzQ0ZlRXMlMkZUZFRNS1RtSEo3VFg0a3lwNFd2SWJYcmQyJTJCdmRUc1RvJTJGYmVDcUVZWlZWeElhQld3dGFFMXFUbGJVOXlHYzlvSEJsZ1R6eHZMdlpiMGl0JTJCNEZPSXNCdE9kNTFraGclM0QlM0Q.*_ga_XQ3E6CJXX5*czE3NDc3NDMxMTgkbzQkZzAkdDE3NDc3NDMxMjAkajU4JGwwJGgwJGRZdC1CcmNLZDRVU0dpRHRUSFVYbHFWbG1yUzNVclFXTVFR\">DMG MORI<\/a>\u00a0es uno de los principales fabricantes mundiales de m\u00e1quinas herramienta de alta precisi\u00f3n y est\u00e1 presente en 43 pa\u00edses, con 116 puntos de distribuci\u00f3n y servicio t\u00e9cnico, incluidas 17 plantas de producci\u00f3n. En la Global One Company, m\u00e1s de 13 000 trabajadores impulsan el desarrollo de soluciones integrales en el entorno de fabricaci\u00f3n. El cat\u00e1logo incluye soluciones sostenibles de fabricaci\u00f3n basadas en tecnolog\u00edas de torneado, fresado, rectificado, taladrado, mecanizado por ultrasonido, LASERTEC y fabricaci\u00f3n aditiva. La integraci\u00f3n tecnol\u00f3gica y las soluciones integrales de automatizaci\u00f3n y digitalizaci\u00f3n permiten a DMG\u00a0MORI aumentar la productividad y la eficiencia de los recursos simult\u00e1neamente.<\/p>\n<\/div>\n<\/div>\n<p>[\/vc_column_text][vc_empty_space height=\u00bb50px\u00bb][vc_single_image image=\u00bb79281&#8243; img_size=\u00bbfull\u00bb css=\u00bb\u00bb qode_css_animation=\u00bb\u00bb][\/vc_column_inner][vc_column_inner width=\u00bb1\/2&#8243;][vc_empty_space height=\u00bb30px\u00bb][vc_empty_space height=\u00bb30&#8243;][vc_column_text css=\u00bb\u00bb]<\/p>\n<h2>Nuestra aportaci\u00f3n<\/h2>\n<p>Aprovechando nuestra experiencia tecnol\u00f3gica en ciberseguridad y nuestros conocimientos de ingenier\u00eda mec\u00e1nica, llevamos a cabo una prueba de penetraci\u00f3n (<em>pen test<\/em>) en la m\u00e1quina. Se examinaron al detalle los componentes del sistema, las interfaces y los protocolos utilizados. Nuestros expertos en seguridad validaron la eficacia de las medidas adoptadas y recomendaron otras para optimizar a largo plazo la ciberresiliencia de la \u00faltima versi\u00f3n del ecosistema CELOS\u00a0X.<\/p>\n<p><strong>Resultados importantes:<\/strong><\/p>\n<ul>\n<li><strong>Informe de seguridad exhaustivo:<\/strong><br \/>\nLos puntos que identificamos se describieron al detalle y se evaluaron en un informe exhaustivo. Adem\u00e1s, se mitigaron los riesgos con recomendaciones viables.<\/li>\n<li><strong>Resumen para directivos:<\/strong><br \/>\nLos resultados se prepararon en una versi\u00f3n para directivos con una clasificaci\u00f3n de la ciberresiliencia.<\/li>\n<li><strong>Asesoramiento sobre medidas de seguridad eficaces:<\/strong><br \/>\nEn colaboraci\u00f3n con los desarrolladores y responsables de seguridad de los productos de DMG\u00a0MORI, se elaboraron otras medidas e iniciativas para una ciberseguridad eficaz.<\/li>\n<\/ul>\n<p>[\/vc_column_text][vc_empty_space height=\u00bb30&#8243;][vc_column_text css=\u00bb\u00bb]<\/p>\n<h2>Tecnolog\u00edas<\/h2>\n<p>[\/vc_column_text][vc_empty_space height=\u00bb15&#8243;][vc_raw_html css=\u00bb\u00bb]JTNDc3BhbiUyMGNsYXNzJTNEJTIydGVjaG5vbG9naWVuJTIyJTNFS2FsaSUyMExpbnV4JTNDJTJGc3BhbiUzRSUwQSUzQ3NwYW4lMjBjbGFzcyUzRCUyMnRlY2hub2xvZ2llbiUyMiUzRW5tYXAlM0MlMkZzcGFuJTNFJTBBJTNDc3BhbiUyMGNsYXNzJTNEJTIydGVjaG5vbG9naWVuJTIyJTNFTWFuLWluLXRoZS1taWRkbGUlMjBQcm94eSUzQyUyRnNwYW4lM0UlMEElM0NzcGFuJTIwY2xhc3MlM0QlMjJ0ZWNobm9sb2dpZW4lMjIlM0VNZXRhc3Bsb2l0JTNDJTJGc3BhbiUzRSUwQSUzQ3NwYW4lMjBjbGFzcyUzRCUyMnRlY2hub2xvZ2llbiUyMiUzRUhUVFAlM0MlMkZzcGFuJTNFJTBBJTNDc3BhbiUyMGNsYXNzJTNEJTIydGVjaG5vbG9naWVuJTIyJTNFT1BDJTIwVUElM0MlMkZzcGFuJTNFJTBBJTNDc3BhbiUyMGNsYXNzJTNEJTIydGVjaG5vbG9naWVuJTIyJTNFRGVjb21waWxlciUzQyUyRnNwYW4lM0UlMEElM0NzcGFuJTIwY2xhc3MlM0QlMjJ0ZWNobm9sb2dpZW4lMjIlM0VTaW51bWVyaWslM0MlMkZzcGFuJTNFJTBB[\/vc_raw_html][vc_empty_space height=\u00bb30&#8243;][\/vc_column_inner][\/vc_row_inner][\/vc_column][\/vc_row][vc_row css_animation=\u00bb\u00bb row_type=\u00bbrow\u00bb use_row_as_full_screen_section=\u00bbno\u00bb type=\u00bbgrid\u00bb angled_section=\u00bbno\u00bb text_align=\u00bbleft\u00bb background_image_as_pattern=\u00bbwithout_pattern\u00bb z_index=\u00bb\u00bb][vc_column width=\u00bb1\/5&#8243;][\/vc_column][vc_column width=\u00bb3\/5&#8243;][vc_empty_space height=\u00bb30&#8243; el_class=\u00bbnot-on-mobile\u00bb][vc_empty_space height=\u00bb50&#8243;][\/vc_column][vc_column width=\u00bb1\/5&#8243;][\/vc_column][\/vc_row][vc_row css_animation=\u00bb\u00bb row_type=\u00bbrow\u00bb use_row_as_full_screen_section=\u00bbno\u00bb type=\u00bbfull_width\u00bb angled_section=\u00bbno\u00bb text_align=\u00bbleft\u00bb background_image_as_pattern=\u00bbwithout_pattern\u00bb el_class=\u00bbtwo-column-with-heading-on-top\u00bb z_index=\u00bb\u00bb][vc_column][vc_row_inner row_type=\u00bbrow\u00bb type=\u00bbgrid\u00bb text_align=\u00bbleft\u00bb css_animation=\u00bb\u00bb][vc_column_inner][vc_empty_space height=\u00bb50&#8243;][vc_column_text css=\u00bb\u00bb]<\/p>\n<h2 style=\"text-align: center;\">Otros proyectos<\/h2>\n<p>[\/vc_column_text][\/vc_column_inner][\/vc_row_inner][vc_empty_space height=\u00bb40&#8243;][\/vc_column][\/vc_row][vc_row css_animation=\u00bb\u00bb row_type=\u00bbrow\u00bb use_row_as_full_screen_section=\u00bbno\u00bb type=\u00bbfull_width\u00bb angled_section=\u00bbno\u00bb text_align=\u00bbleft\u00bb background_image_as_pattern=\u00bbwithout_pattern\u00bb z_index=\u00bb\u00bb el_class=\u00bbthree-column-references\u00bb][vc_column][vc_row_inner row_type=\u00bbrow\u00bb type=\u00bbgrid\u00bb text_align=\u00bbleft\u00bb css_animation=\u00bb\u00bb][vc_column_inner width=\u00bb1\/3&#8243;][vc_raw_html css=\u00bb\u00bb]JTNDYSUyMGhyZWYlM0QlMjIlMkZlcyUyRnByb3llY3RvcyUyRm1hbi1pbGx1bWluZS1nZXN0aW9uLWVuZXJnZXRpY2EtcGFyYS1lbXByZXNhcy1pbmR1c3RyaWFsZXMlMkYlMjIlM0U=[\/vc_raw_html][vc_empty_space height=\u00bb250&#8243; image_repeat=\u00bbno-repeat\u00bb background_image=\u00bb13572&#8243;][vc_column_text css=\u00bb\u00bb]<\/p>\n<div class=\"referenz_kunde\">MAN \/ Fraunhofer<\/div>\n<h3>Gesti\u00f3n para Redes de Suministro de Energ\u00eda<\/h3>\n<p>[\/vc_column_text][vc_raw_html]JTNDJTJGYSUzRQ==[\/vc_raw_html][\/vc_column_inner][vc_column_inner width=\u00bb1\/3&#8243;][vc_raw_html css=\u00bb\u00bb]JTNDYSUyMGhyZWYlM0QlMjIlMkZlcyUyRnByb3llY3RvcyUyRmF1c2VjdXMtc2VndXJpZGFkLWluZm9ybWF0aWNhLWNvbi1rcml0aXMtZGVmZW5kZXIlMkYlMjIlM0U=[\/vc_raw_html][vc_empty_space height=\u00bb250&#8243; image_repeat=\u00bbno-repeat\u00bb background_image=\u00bb28658&#8243;][vc_column_text css=\u00bb\u00bb]<\/p>\n<div class=\"referenz_kunde\">ausecus<\/div>\n<h3>Seguridad Inform\u00e1tica con KRITIS Defender<\/h3>\n<p>[\/vc_column_text][vc_raw_html]JTNDJTJGYSUzRQ==[\/vc_raw_html][\/vc_column_inner][vc_column_inner width=\u00bb1\/3&#8243;][vc_raw_html css=\u00bb\u00bb]JTNDYSUyMGhyZWYlM0QlMjIlMkZlcyUyRnByb3llY3RvcyUyRmFtaXF1YXN5JTJGJTIyJTNF[\/vc_raw_html][vc_empty_space height=\u00bb250&#8243; image_repeat=\u00bbno-repeat\u00bb background_image=\u00bb45412&#8243;][vc_column_text css=\u00bb\u00bb]<\/p>\n<div class=\"referenz_kunde\">Proyecto de investigaci\u00f3n AMiQuaSy<\/div>\n<h3>Migraci\u00f3n a la criptograf\u00eda post-cu\u00e1ntica<\/h3>\n<p>[\/vc_column_text][vc_raw_html]JTNDJTJGYSUzRQ==[\/vc_raw_html][\/vc_column_inner][\/vc_row_inner][\/vc_column][\/vc_row][vc_row css_animation=\u00bb\u00bb row_type=\u00bbrow\u00bb use_row_as_full_screen_section=\u00bbno\u00bb type=\u00bbfull_width\u00bb angled_section=\u00bbno\u00bb text_align=\u00bbleft\u00bb background_image_as_pattern=\u00bbwithout_pattern\u00bb][vc_column][vc_empty_space height=\u00bb30&#8243;][vc_column_text css=\u00bb\u00bb]<\/p>\n<p style=\"text-align: center;\"><a class=\"mitPfeil\" href=\"https:\/\/xitaso.com\/es\/proyectos\/todos-los-proyectos\/\">Mostrar todos los proyectos<\/a><\/p>\n<p>[\/vc_column_text][\/vc_column][\/vc_row][vc_row css_animation=\u00bb\u00bb row_type=\u00bbrow\u00bb use_row_as_full_screen_section=\u00bbno\u00bb type=\u00bbfull_width\u00bb angled_section=\u00bbno\u00bb text_align=\u00bbleft\u00bb background_image_as_pattern=\u00bbwithout_pattern\u00bb][vc_column][vc_empty_space height=\u00bb50&#8243;][vc_empty_space height=\u00bb50&#8243; el_class=\u00bbnot-on-mobile\u00bb][\/vc_column][\/vc_row][vc_row css_animation=\u00bb\u00bb row_type=\u00bbrow\u00bb use_row_as_full_screen_section=\u00bbno\u00bb type=\u00bbfull_width\u00bb angled_section=\u00bbno\u00bb text_align=\u00bbleft\u00bb background_image_as_pattern=\u00bbwithout_pattern\u00bb z_index=\u00bb\u00bb el_class=\u00bbyour-contact-person\u00bb css=\u00bb.vc_custom_1719909675989{background-color: #e8e0e0 !important;}\u00bb][vc_column][vc_row_inner row_type=\u00bbrow\u00bb type=\u00bbgrid\u00bb text_align=\u00bbleft\u00bb css_animation=\u00bb\u00bb][vc_column_inner][vc_column_text css=\u00bb\u00bb]<\/p>\n<h2 style=\"text-align: center;\">\u00bfEst\u00e1 interesado en un proyecto, un servicio o tiene alguna otra pregunta?<\/h2>\n<p>[\/vc_column_text][vc_single_image image=\u00bb89720&#8243; img_size=\u00bb120&#215;120&#8243; alignment=\u00bbcenter\u00bb style=\u00bbvc_box_circle_2&#8243; css=\u00bb\u00bb qode_css_animation=\u00bb\u00bb][vc_column_text css=\u00bb\u00bb]<\/p>\n<p style=\"text-align: center;\"><!--StartFragment --><strong><span class=\"cf0\">Matthias Widmann<\/span><\/strong><!--EndFragment --><\/p>\n<p style=\"text-align: center;\">Tel. +49 821 885 882 228<br \/>\n<a href=\"mailto:matthias.widmann@xitaso.com\">matthias.widmann@xitaso.com<\/a><\/p>\n<p>[\/vc_column_text][\/vc_column_inner][\/vc_row_inner][\/vc_column][\/vc_row]<\/p>\n<\/div>","protected":false},"excerpt":{"rendered":"<p>[vc_row css_animation=\u00bb\u00bb row_type=\u00bbrow\u00bb use_row_as_full_screen_section=\u00bbno\u00bb type=\u00bbfull_width\u00bb angled_section=\u00bbno\u00bb text_align=\u00bbleft\u00bb background_image_as_pattern=\u00bbwithout_pattern\u00bb z_index=\u00bb\u00bb el_class=\u00bbheader_level2_container\u00bb][vc_column][vc_row_inner row_type=\u00bbrow\u00bb type=\u00bbfull_width\u00bb text_align=\u00bbleft\u00bb css_animation=\u00bb\u00bb css=\u00bb.vc_custom_1738756383870{background-image: url(https:\/\/xitaso.com\/wp-content\/uploads\/Fraesen.jpg?id=78814) !important;}\u00bb][vc_column_inner offset=\u00bbvc_hidden-xs\u00bb][vc_empty_space height=\u00bb450&#8243;][\/vc_column_inner][\/vc_row_inner][vc_row_inner row_type=\u00bbrow\u00bb type=\u00bbfull_width\u00bb text_align=\u00bbleft\u00bb css_animation=\u00bb\u00bb][vc_column_inner offset=\u00bbvc_hidden-lg vc_hidden-md vc_hidden-sm\u00bb][vc_single_image image=\u00bb78816&#8243; img_size=\u00bbfull\u00bb css=\u00bb\u00bb qode_css_animation=\u00bb\u00bb][\/vc_column_inner][\/vc_row_inner][vc_row_inner row_type=\u00bbrow\u00bb type=\u00bbgrid\u00bb text_align=\u00bbleft\u00bb css_animation=\u00bb\u00bb][vc_column_inner][vc_raw_html css=\u00bb\u00bb]JTNDZGl2JTIwY2xhc3MlM0QlMjJoZWFkZXJfbGV2ZWwyJTIyJTNFJTBBJTNDZGl2JTIwY2xhc3MlM0QlMjJ0b3BwZXIlMjIlM0VTZWd1cmlkYWQlMjBlbiUyMGxhJTIwaW5nZW5pZXIlQzMlQURhJTIwbWVjJUMzJUExbmljYSUzQSUyMGlkZW50aWZpY2FjaSVDMyVCM24lMjBkZSUyMHJpZXNnb3MlMjB5JTIwYXVtZW50byUyMGRlJTIwbGElMjBjaWJlcnJlc2lsaWVuY2lhJTNDJTJGZGl2JTNFJTBBJTNDaDElM0VQcnVlYmElMjBkZSUyMHBlbmV0cmFjaSVDMyVCM24lMjBkZSUyMGZyZXNhZG9yYXMlM0MlMkZoMSUzRSUwQSUzQyUyRmRpdiUzRSUwQSUwQQ==[\/vc_raw_html][\/vc_column_inner][\/vc_row_inner][\/vc_column][\/vc_row][vc_row css_animation=\u00bb\u00bb row_type=\u00bbrow\u00bb use_row_as_full_screen_section=\u00bbno\u00bb type=\u00bbfull_width\u00bb angled_section=\u00bbno\u00bb text_align=\u00bbleft\u00bb background_image_as_pattern=\u00bbwithout_pattern\u00bb css=\u00bb.vc_custom_1719909582502{background-color: #e8e0e0 !important;}\u00bb&#8230;<\/p>\n","protected":false},"author":24,"featured_media":0,"parent":30185,"menu_order":0,"comment_status":"closed","ping_status":"closed","template":"full_width.php","meta":{"_acf_changed":false,"inline_featured_image":false,"footnotes":""},"class_list":["post-86612","page","type-page","status-publish","hentry"],"acf":[],"yoast_head":"<!-- This site is optimized with the Yoast SEO plugin v27.3 - https:\/\/yoast.com\/product\/yoast-seo-wordpress\/ -->\n<title>DMG Mori - Prueba de penetraci\u00f3n &#060; XITASO<\/title>\n<meta name=\"description\" content=\"Software. Beratung. Entwicklung. Realisierung. Wir planen, gestalten und entwickeln digitale L\u00f6sungen f\u00fcr Produkte, Prozesse und Plattformen.\" \/>\n<meta name=\"robots\" content=\"index, follow, max-snippet:-1, max-image-preview:large, max-video-preview:-1\" \/>\n<link rel=\"canonical\" href=\"https:\/\/xitaso.com\/es\/proyectos\/dmg-mori-prueba-de-penetracion\/\" \/>\n<meta property=\"og:locale\" content=\"es_ES\" \/>\n<meta property=\"og:type\" content=\"article\" \/>\n<meta property=\"og:title\" content=\"DMG Mori - Prueba de penetraci\u00f3n &#060; XITASO\" \/>\n<meta property=\"og:description\" content=\"Software. Beratung. Entwicklung. Realisierung. Wir planen, gestalten und entwickeln digitale L\u00f6sungen f\u00fcr Produkte, Prozesse und Plattformen.\" \/>\n<meta property=\"og:url\" content=\"https:\/\/xitaso.com\/es\/proyectos\/dmg-mori-prueba-de-penetracion\/\" \/>\n<meta property=\"og:site_name\" content=\"XITASO\" \/>\n<meta property=\"article:publisher\" content=\"https:\/\/www.facebook.com\/XITASOGmbH\/\" \/>\n<meta property=\"article:modified_time\" content=\"2026-04-07T09:57:33+00:00\" \/>\n<meta name=\"twitter:card\" content=\"summary_large_image\" \/>\n<meta name=\"twitter:site\" content=\"@xitasogmbh\" \/>\n<meta name=\"twitter:label1\" content=\"Tiempo de lectura\" \/>\n\t<meta name=\"twitter:data1\" content=\"5 minutos\" \/>\n<script type=\"application\/ld+json\" class=\"yoast-schema-graph\">{\"@context\":\"https:\\\/\\\/schema.org\",\"@graph\":[{\"@type\":\"WebPage\",\"@id\":\"https:\\\/\\\/xitaso.com\\\/es\\\/proyectos\\\/dmg-mori-prueba-de-penetracion\\\/\",\"url\":\"https:\\\/\\\/xitaso.com\\\/es\\\/proyectos\\\/dmg-mori-prueba-de-penetracion\\\/\",\"name\":\"DMG Mori - Prueba de penetraci\u00f3n &#060; XITASO\",\"isPartOf\":{\"@id\":\"https:\\\/\\\/xitaso.com\\\/#website\"},\"datePublished\":\"2025-02-05T11:58:15+00:00\",\"dateModified\":\"2026-04-07T09:57:33+00:00\",\"description\":\"Software. Beratung. Entwicklung. Realisierung. Wir planen, gestalten und entwickeln digitale L\u00f6sungen f\u00fcr Produkte, Prozesse und Plattformen.\",\"breadcrumb\":{\"@id\":\"https:\\\/\\\/xitaso.com\\\/es\\\/proyectos\\\/dmg-mori-prueba-de-penetracion\\\/#breadcrumb\"},\"inLanguage\":\"es\",\"potentialAction\":[{\"@type\":\"ReadAction\",\"target\":[\"https:\\\/\\\/xitaso.com\\\/es\\\/proyectos\\\/dmg-mori-prueba-de-penetracion\\\/\"]}]},{\"@type\":\"BreadcrumbList\",\"@id\":\"https:\\\/\\\/xitaso.com\\\/es\\\/proyectos\\\/dmg-mori-prueba-de-penetracion\\\/#breadcrumb\",\"itemListElement\":[{\"@type\":\"ListItem\",\"position\":1,\"name\":\"Startseite\",\"item\":\"https:\\\/\\\/xitaso.com\\\/es\\\/\"},{\"@type\":\"ListItem\",\"position\":2,\"name\":\"Proyectos\",\"item\":\"https:\\\/\\\/xitaso.com\\\/es\\\/proyectos\\\/\"},{\"@type\":\"ListItem\",\"position\":3,\"name\":\"DMG Mori &#8211; Prueba de penetraci\u00f3n\"}]},{\"@type\":\"WebSite\",\"@id\":\"https:\\\/\\\/xitaso.com\\\/#website\",\"url\":\"https:\\\/\\\/xitaso.com\\\/\",\"name\":\"XITASO\",\"description\":\"\",\"publisher\":{\"@id\":\"https:\\\/\\\/xitaso.com\\\/#organization\"},\"potentialAction\":[{\"@type\":\"SearchAction\",\"target\":{\"@type\":\"EntryPoint\",\"urlTemplate\":\"https:\\\/\\\/xitaso.com\\\/?s={search_term_string}\"},\"query-input\":{\"@type\":\"PropertyValueSpecification\",\"valueRequired\":true,\"valueName\":\"search_term_string\"}}],\"inLanguage\":\"es\"},{\"@type\":\"Organization\",\"@id\":\"https:\\\/\\\/xitaso.com\\\/#organization\",\"name\":\"XITASO GmbH\",\"url\":\"https:\\\/\\\/xitaso.com\\\/\",\"logo\":{\"@type\":\"ImageObject\",\"inLanguage\":\"es\",\"@id\":\"https:\\\/\\\/xitaso.com\\\/#\\\/schema\\\/logo\\\/image\\\/\",\"url\":\"https:\\\/\\\/xitaso.com\\\/wp-content\\\/uploads\\\/XITASO-Logo-quer.png\",\"contentUrl\":\"https:\\\/\\\/xitaso.com\\\/wp-content\\\/uploads\\\/XITASO-Logo-quer.png\",\"width\":1746,\"height\":438,\"caption\":\"XITASO GmbH\"},\"image\":{\"@id\":\"https:\\\/\\\/xitaso.com\\\/#\\\/schema\\\/logo\\\/image\\\/\"},\"sameAs\":[\"https:\\\/\\\/www.facebook.com\\\/XITASOGmbH\\\/\",\"https:\\\/\\\/x.com\\\/xitasogmbh\",\"https:\\\/\\\/www.linkedin.com\\\/organization-guest\\\/company\\\/xitasogmbh\",\"https:\\\/\\\/www.youtube.com\\\/channel\\\/UCQ4Qjq-Pr58NjGVLryNEuyA\"]}]}<\/script>\n<!-- \/ Yoast SEO plugin. -->","yoast_head_json":{"title":"DMG Mori - Prueba de penetraci\u00f3n &#060; XITASO","description":"Software. Beratung. Entwicklung. Realisierung. Wir planen, gestalten und entwickeln digitale L\u00f6sungen f\u00fcr Produkte, Prozesse und Plattformen.","robots":{"index":"index","follow":"follow","max-snippet":"max-snippet:-1","max-image-preview":"max-image-preview:large","max-video-preview":"max-video-preview:-1"},"canonical":"https:\/\/xitaso.com\/es\/proyectos\/dmg-mori-prueba-de-penetracion\/","og_locale":"es_ES","og_type":"article","og_title":"DMG Mori - Prueba de penetraci\u00f3n &#060; XITASO","og_description":"Software. Beratung. Entwicklung. Realisierung. Wir planen, gestalten und entwickeln digitale L\u00f6sungen f\u00fcr Produkte, Prozesse und Plattformen.","og_url":"https:\/\/xitaso.com\/es\/proyectos\/dmg-mori-prueba-de-penetracion\/","og_site_name":"XITASO","article_publisher":"https:\/\/www.facebook.com\/XITASOGmbH\/","article_modified_time":"2026-04-07T09:57:33+00:00","twitter_card":"summary_large_image","twitter_site":"@xitasogmbh","twitter_misc":{"Tiempo de lectura":"5 minutos"},"schema":{"@context":"https:\/\/schema.org","@graph":[{"@type":"WebPage","@id":"https:\/\/xitaso.com\/es\/proyectos\/dmg-mori-prueba-de-penetracion\/","url":"https:\/\/xitaso.com\/es\/proyectos\/dmg-mori-prueba-de-penetracion\/","name":"DMG Mori - Prueba de penetraci\u00f3n &#060; XITASO","isPartOf":{"@id":"https:\/\/xitaso.com\/#website"},"datePublished":"2025-02-05T11:58:15+00:00","dateModified":"2026-04-07T09:57:33+00:00","description":"Software. Beratung. Entwicklung. Realisierung. Wir planen, gestalten und entwickeln digitale L\u00f6sungen f\u00fcr Produkte, Prozesse und Plattformen.","breadcrumb":{"@id":"https:\/\/xitaso.com\/es\/proyectos\/dmg-mori-prueba-de-penetracion\/#breadcrumb"},"inLanguage":"es","potentialAction":[{"@type":"ReadAction","target":["https:\/\/xitaso.com\/es\/proyectos\/dmg-mori-prueba-de-penetracion\/"]}]},{"@type":"BreadcrumbList","@id":"https:\/\/xitaso.com\/es\/proyectos\/dmg-mori-prueba-de-penetracion\/#breadcrumb","itemListElement":[{"@type":"ListItem","position":1,"name":"Startseite","item":"https:\/\/xitaso.com\/es\/"},{"@type":"ListItem","position":2,"name":"Proyectos","item":"https:\/\/xitaso.com\/es\/proyectos\/"},{"@type":"ListItem","position":3,"name":"DMG Mori &#8211; Prueba de penetraci\u00f3n"}]},{"@type":"WebSite","@id":"https:\/\/xitaso.com\/#website","url":"https:\/\/xitaso.com\/","name":"XITASO","description":"","publisher":{"@id":"https:\/\/xitaso.com\/#organization"},"potentialAction":[{"@type":"SearchAction","target":{"@type":"EntryPoint","urlTemplate":"https:\/\/xitaso.com\/?s={search_term_string}"},"query-input":{"@type":"PropertyValueSpecification","valueRequired":true,"valueName":"search_term_string"}}],"inLanguage":"es"},{"@type":"Organization","@id":"https:\/\/xitaso.com\/#organization","name":"XITASO GmbH","url":"https:\/\/xitaso.com\/","logo":{"@type":"ImageObject","inLanguage":"es","@id":"https:\/\/xitaso.com\/#\/schema\/logo\/image\/","url":"https:\/\/xitaso.com\/wp-content\/uploads\/XITASO-Logo-quer.png","contentUrl":"https:\/\/xitaso.com\/wp-content\/uploads\/XITASO-Logo-quer.png","width":1746,"height":438,"caption":"XITASO GmbH"},"image":{"@id":"https:\/\/xitaso.com\/#\/schema\/logo\/image\/"},"sameAs":["https:\/\/www.facebook.com\/XITASOGmbH\/","https:\/\/x.com\/xitasogmbh","https:\/\/www.linkedin.com\/organization-guest\/company\/xitasogmbh","https:\/\/www.youtube.com\/channel\/UCQ4Qjq-Pr58NjGVLryNEuyA"]}]}},"_links":{"self":[{"href":"https:\/\/xitaso.com\/es\/wp-json\/wp\/v2\/pages\/86612","targetHints":{"allow":["GET"]}}],"collection":[{"href":"https:\/\/xitaso.com\/es\/wp-json\/wp\/v2\/pages"}],"about":[{"href":"https:\/\/xitaso.com\/es\/wp-json\/wp\/v2\/types\/page"}],"author":[{"embeddable":true,"href":"https:\/\/xitaso.com\/es\/wp-json\/wp\/v2\/users\/24"}],"replies":[{"embeddable":true,"href":"https:\/\/xitaso.com\/es\/wp-json\/wp\/v2\/comments?post=86612"}],"version-history":[{"count":2,"href":"https:\/\/xitaso.com\/es\/wp-json\/wp\/v2\/pages\/86612\/revisions"}],"predecessor-version":[{"id":101852,"href":"https:\/\/xitaso.com\/es\/wp-json\/wp\/v2\/pages\/86612\/revisions\/101852"}],"up":[{"embeddable":true,"href":"https:\/\/xitaso.com\/es\/wp-json\/wp\/v2\/pages\/30185"}],"wp:attachment":[{"href":"https:\/\/xitaso.com\/es\/wp-json\/wp\/v2\/media?parent=86612"}],"curies":[{"name":"wp","href":"https:\/\/api.w.org\/{rel}","templated":true}]}}