{"id":84887,"date":"2024-12-17T12:18:41","date_gmt":"2024-12-17T11:18:41","guid":{"rendered":"https:\/\/xitaso.com\/proyectos\/multivac-ai-chatbot\/"},"modified":"2026-04-07T11:26:59","modified_gmt":"2026-04-07T09:26:59","slug":"multivac-chatbot-ia","status":"publish","type":"page","link":"https:\/\/xitaso.com\/es\/proyectos\/multivac-chatbot-ia\/","title":{"rendered":"MULTIVAC &#8211; Uso eficiente del conocimiento mediante chatbots asistidos por IA"},"content":{"rendered":"<div class=\"wpb-content-wrapper\"><p>[vc_row css_animation=\u00bb\u00bb row_type=\u00bbrow\u00bb use_row_as_full_screen_section=\u00bbno\u00bb type=\u00bbfull_width\u00bb angled_section=\u00bbno\u00bb text_align=\u00bbleft\u00bb background_image_as_pattern=\u00bbwithout_pattern\u00bb z_index=\u00bb\u00bb el_class=\u00bbheader_level2_container\u00bb][vc_column][vc_row_inner row_type=\u00bbrow\u00bb type=\u00bbfull_width\u00bb text_align=\u00bbleft\u00bb css_animation=\u00bb\u00bb css=\u00bb.vc_custom_1763466033025{background-image: url(https:\/\/xitaso.com\/wp-content\/uploads\/MULTIVAC-Chatbot-EN.jpg?id=94223) !important;}\u00bb][vc_column_inner offset=\u00bbvc_hidden-xs\u00bb][vc_empty_space height=\u00bb500&#8243;][\/vc_column_inner][\/vc_row_inner][vc_row_inner row_type=\u00bbrow\u00bb type=\u00bbfull_width\u00bb text_align=\u00bbleft\u00bb css_animation=\u00bb\u00bb][vc_column_inner offset=\u00bbvc_hidden-lg vc_hidden-md vc_hidden-sm\u00bb][vc_single_image image=\u00bb94223&#8243; img_size=\u00bbfull\u00bb css=\u00bb\u00bb qode_css_animation=\u00bb\u00bb][\/vc_column_inner][\/vc_row_inner][vc_row_inner row_type=\u00bbrow\u00bb type=\u00bbgrid\u00bb text_align=\u00bbleft\u00bb css_animation=\u00bb\u00bb][vc_column_inner][vc_raw_html css=\u00bb\u00bb]JTNDZGl2JTIwY2xhc3MlM0QlMjJoZWFkZXJfbGV2ZWwyJTIyJTNFJTBBJTNDZGl2JTIwY2xhc3MlM0QlMjJ0b3BwZXIlMjIlM0VBY2Nlc28lMjByJUMzJUExcGlkbyUyMHklMjBlc3BlYyVDMyVBRGZpY28lMjBhJTIwbGElMjBpbmZvcm1hY2klQzMlQjNuJTIwcmVhbG1lbnRlJTIwcGVydGluZW50ZSUzQyUyRmRpdiUzRSUwQSUzQ2gxJTNFVXNvJTIwZWZpY2llbnRlJTIwZGVsJTIwY29ub2NpbWllbnRvJTIwbWVkaWFudGUlMjBjaGF0Ym90cyUyMGFzaXN0aWRvcyUyMHBvciUyMElBJTNDJTJGaDElM0UlMEElM0MlMkZkaXYlM0UlMEElMEE=[\/vc_raw_html][\/vc_column_inner][\/vc_row_inner][\/vc_column][\/vc_row][vc_row css_animation=\u00bb\u00bb row_type=\u00bbrow\u00bb use_row_as_full_screen_section=\u00bbno\u00bb type=\u00bbfull_width\u00bb angled_section=\u00bbno\u00bb text_align=\u00bbleft\u00bb background_image_as_pattern=\u00bbwithout_pattern\u00bb css=\u00bb.vc_custom_1719909582502{background-color: #e8e0e0 !important;}\u00bb z_index=\u00bb\u00bb][vc_column][vc_row_inner row_type=\u00bbrow\u00bb type=\u00bbgrid\u00bb text_align=\u00bbleft\u00bb css_animation=\u00bb\u00bb][vc_column_inner width=\u00bb1\/2&#8243;][vc_empty_space height=\u00bb60&#8243;][vc_column_text css=\u00bb\u00bb]<\/p>\n<h2>El reto<\/h2>\n<p>Debido al gran n\u00famero de departamentos de la empresa, en MULTIVAC se almacen\u00f3 una inmensa base de conocimientos en varias bases de datos. Esto hac\u00eda que la b\u00fasqueda de informaci\u00f3n pertinente fuera muy confusa y llevara mucho tiempo. El crecimiento constante de los datos estructurados y no estructurados \u2014como especificaciones de procesos y m\u00e1quinas, as\u00ed como documentaci\u00f3n e informes\u2014 dificultaba a\u00fan m\u00e1s la r\u00e1pida disponibilidad. Se necesitaba una soluci\u00f3n centralizada para facilitar a los trabajadores el acceso a los datos pertinentes y optimizar as\u00ed los procesos de trabajo.[\/vc_column_text][vc_empty_space height=\u00bb30&#8243;][vc_column_text css=\u00bb\u00bb]<\/p>\n<div class=\"wpb_text_column wpb_content_element \">\n<div class=\"wpb_wrapper\">\n<h2>Grupo MULTIVAC<\/h2>\n<p>El <a href=\"https:\/\/multivac.com\/us\/en\">grupo MULTIVAC<\/a>\u00a0ofrece soluciones completas para envasar y procesar alimentos y productos sanitarios y farmac\u00e9uticos, as\u00ed como bienes industriales. El cat\u00e1logo incluye varias tecnolog\u00edas de envasado, soluciones de automatizaci\u00f3n, sistemas de etiquetado e inspecci\u00f3n y materiales de envasado. La gama se complementa con soluciones de procesamiento personalizadas, desde el corte en lonchas y en porciones hasta la tecnolog\u00eda de panader\u00eda.<\/p>\n<\/div>\n<\/div>\n<p>[\/vc_column_text][vc_empty_space height=\u00bb10&#8243;][vc_empty_space height=\u00bb30&#8243;][vc_empty_space height=\u00bb30&#8243;][vc_single_image image=\u00bb71537&#8243; img_size=\u00bbfull\u00bb onclick=\u00bbcustom_link\u00bb img_link_target=\u00bb_blank\u00bb css=\u00bb.vc_custom_1747639836218{padding-right: 55% !important;}\u00bb qode_css_animation=\u00bb\u00bb link=\u00bbhttps:\/\/multivac.com\/de\/de\u00bb][vc_empty_space height=\u00bb30&#8243;][\/vc_column_inner][vc_column_inner width=\u00bb1\/2&#8243;][vc_empty_space height=\u00bb30px\u00bb][vc_empty_space height=\u00bb30&#8243; el_class=\u00bbnot-on-mobile\u00bb][vc_column_text css=\u00bb\u00bb]<\/p>\n<h2>Nuestra aportaci\u00f3n<\/h2>\n<p>El equipo de Data Solutions de MULTIVAC se ha fortalecido con nuestra experiencia en ingenier\u00eda de software e IA para permitir el acceso a los datos relevantes y optimizar la gesti\u00f3n interna del conocimiento con tecnolog\u00edas avanzadas como GPT. Para ello, hemos transferido un amplio surtido de datos de la empresa procedentes de diversas fuentes (p.\u00a0ej., Wiki o SharePoint) a una base de datos centralizada. Los chatbots de IA utilizan estos datos para generar respuestas precisas a las consultas de los trabajadores y remitir a las fuentes subyacentes, lo que acelera considerablemente la b\u00fasqueda de informaci\u00f3n.<\/p>\n<ul>\n<li>Chatbots adaptados a distintos departamentos de la empresa (p.\u00a0ej., servicio t\u00e9cnico, compras o ventas)<\/li>\n<li>B\u00fasqueda r\u00e1pida con indicaci\u00f3n de la fuente<\/li>\n<li>Manejo sencillo gracias a una interfaz de usuario intuitiva<\/li>\n<\/ul>\n<p>[\/vc_column_text][vc_empty_space height=\u00bb30&#8243;][vc_column_text css=\u00bb\u00bb]<\/p>\n<h2>Tecnolog\u00edas<\/h2>\n<p>[\/vc_column_text][vc_empty_space height=\u00bb15&#8243;][vc_raw_html css=\u00bb\u00bb]JTNDc3BhbiUyMGNsYXNzJTNEJTIydGVjaG5vbG9naWVuJTIyJTNFUHl0aG9uJTNDJTJGc3BhbiUzRSUwQSUzQ3NwYW4lMjBjbGFzcyUzRCUyMnRlY2hub2xvZ2llbiUyMiUzRUdQVCUzQyUyRnNwYW4lM0UlMEElM0NzcGFuJTIwY2xhc3MlM0QlMjJ0ZWNobm9sb2dpZW4lMjIlM0VPcGVuQUklM0MlMkZzcGFuJTNFJTBBJTNDc3BhbiUyMGNsYXNzJTNEJTIydGVjaG5vbG9naWVuJTIyJTNFTGFuZ2NoYWluJTNDJTJGc3BhbiUzRSUwQSUzQ3NwYW4lMjBjbGFzcyUzRCUyMnRlY2hub2xvZ2llbiUyMiUzRVNRTCUzQyUyRnNwYW4lM0UlMEElM0NzcGFuJTIwY2xhc3MlM0QlMjJ0ZWNobm9sb2dpZW4lMjIlM0VEb2NrZXIlM0MlMkZzcGFuJTNFJTBBJTNDc3BhbiUyMGNsYXNzJTNEJTIydGVjaG5vbG9naWVuJTIyJTNFRGF0YWJyaWNrcyUzQyUyRnNwYW4lM0UlMEElM0NzcGFuJTIwY2xhc3MlM0QlMjJ0ZWNobm9sb2dpZW4lMjIlM0VBenVyZSUzQyUyRnNwYW4lM0UlMEElM0NzcGFuJTIwY2xhc3MlM0QlMjJ0ZWNobm9sb2dpZW4lMjIlM0VBenVyZSUyMFNlYXJjaCUzQyUyRnNwYW4lM0UlMEElM0NzcGFuJTIwY2xhc3MlM0QlMjJ0ZWNobm9sb2dpZW4lMjIlM0VTdHJlYW1saXQlM0MlMkZzcGFuJTNFJTBBJTNDc3BhbiUyMGNsYXNzJTNEJTIydGVjaG5vbG9naWVuJTIyJTNFTExNJTNDJTJGc3BhbiUzRSUwQSUzQ3NwYW4lMjBjbGFzcyUzRCUyMnRlY2hub2xvZ2llbiUyMiUzRVJBRyUzQyUyRnNwYW4lM0U=[\/vc_raw_html][vc_empty_space height=\u00bb40&#8243;][\/vc_column_inner][\/vc_row_inner][\/vc_column][\/vc_row][vc_row css_animation=\u00bb\u00bb row_type=\u00bbrow\u00bb use_row_as_full_screen_section=\u00bbno\u00bb type=\u00bbgrid\u00bb angled_section=\u00bbno\u00bb text_align=\u00bbleft\u00bb background_image_as_pattern=\u00bbwithout_pattern\u00bb z_index=\u00bb\u00bb][vc_column][vc_empty_space height=\u00bb30&#8243; el_class=\u00bbnot-on-mobile\u00bb][vc_empty_space height=\u00bb50&#8243;][\/vc_column][\/vc_row][vc_row css_animation=\u00bb\u00bb row_type=\u00bbrow\u00bb use_row_as_full_screen_section=\u00bbno\u00bb type=\u00bbfull_width\u00bb angled_section=\u00bbno\u00bb text_align=\u00bbleft\u00bb background_image_as_pattern=\u00bbwithout_pattern\u00bb el_class=\u00bbtwo-column-with-heading-on-top\u00bb z_index=\u00bb\u00bb][vc_column][vc_row_inner row_type=\u00bbrow\u00bb type=\u00bbgrid\u00bb text_align=\u00bbleft\u00bb css_animation=\u00bb\u00bb][vc_column_inner][vc_empty_space height=\u00bb50&#8243;][vc_column_text css=\u00bb\u00bb]<\/p>\n<h2 style=\"text-align: center;\">Otros proyectos<\/h2>\n<p>[\/vc_column_text][\/vc_column_inner][\/vc_row_inner][vc_empty_space height=\u00bb40&#8243;][\/vc_column][\/vc_row][vc_row css_animation=\u00bb\u00bb row_type=\u00bbrow\u00bb use_row_as_full_screen_section=\u00bbno\u00bb type=\u00bbfull_width\u00bb angled_section=\u00bbno\u00bb text_align=\u00bbleft\u00bb background_image_as_pattern=\u00bbwithout_pattern\u00bb z_index=\u00bb\u00bb el_class=\u00bbthree-column-references\u00bb][vc_column][vc_row_inner row_type=\u00bbrow\u00bb type=\u00bbgrid\u00bb text_align=\u00bbleft\u00bb css_animation=\u00bb\u00bb][vc_column_inner width=\u00bb1\/3&#8243;][vc_raw_html css=\u00bb\u00bb]JTNDYSUyMGhyZWYlM0QlMjIlMkZlcyUyRnByb3llY3RvcyUyRmFzaXN0ZW50ZS1kZS1jYWxjdWxvLWFzaXN0aWRvLXBvci1pYSUyRiUyMiUzRQ==[\/vc_raw_html][vc_empty_space height=\u00bb250&#8243; image_repeat=\u00bbno-repeat\u00bb background_image=\u00bb37631&#8243;][vc_column_text css=\u00bb\u00bb]<\/p>\n<div class=\"referenz_kunde\">BRZ<\/div>\n<h3>Asistente de c\u00e1lculo asistido por IA<\/h3>\n<p>[\/vc_column_text][vc_raw_html]JTNDJTJGYSUzRQ==[\/vc_raw_html][\/vc_column_inner][vc_column_inner width=\u00bb1\/3&#8243;][vc_raw_html css=\u00bb\u00bb]JTNDYSUyMGhyZWYlM0QlMjIlMkZlbiUyRnByb2plY3RzJTJGYWRlbGVzLXJlbWVkeWluZy1hbm9tYWxpZXMtdmlhLW5ldXJvLXN5bWJvbGljLWxlYXJuaW5nJTJGJTIyJTNF[\/vc_raw_html][vc_empty_space height=\u00bb250&#8243; image_repeat=\u00bbno-repeat\u00bb background_image=\u00bb38835&#8243;][vc_column_text css=\u00bb\u00bb]<\/p>\n<div class=\"referenz_kunde\">Research project ADELeS<\/div>\n<h3>Remedying anomalies via neuro-symbolic learning<\/h3>\n<p>[\/vc_column_text][vc_raw_html]JTNDJTJGYSUzRQ==[\/vc_raw_html][\/vc_column_inner][vc_column_inner width=\u00bb1\/3&#8243;][vc_raw_html css=\u00bb\u00bb]JTNDYSUyMGhyZWYlM0QlMjIlMkZlcyUyRnByb3llY3RvcyUyRndpdHRlbnN0ZWluLXNoZWxsLWRlLWdlc3Rpb24tdmlzb3ItbWluZHNwaGVyZSUyRiUyMiUzRQ==[\/vc_raw_html][vc_empty_space height=\u00bb250&#8243; image_repeat=\u00bbno-repeat\u00bb background_image=\u00bb11310&#8243;][vc_column_text css=\u00bb\u00bb]<\/p>\n<div class=\"referenz_kunde\">WITTENSTEIN<\/div>\n<h3>Gemelo Digital de Activos<\/h3>\n<p>[\/vc_column_text][vc_raw_html]JTNDJTJGYSUzRQ==[\/vc_raw_html][\/vc_column_inner][\/vc_row_inner][\/vc_column][\/vc_row][vc_row css_animation=\u00bb\u00bb row_type=\u00bbrow\u00bb use_row_as_full_screen_section=\u00bbno\u00bb type=\u00bbfull_width\u00bb angled_section=\u00bbno\u00bb text_align=\u00bbleft\u00bb background_image_as_pattern=\u00bbwithout_pattern\u00bb][vc_column][vc_empty_space height=\u00bb30&#8243;][vc_column_text css=\u00bb\u00bb]<\/p>\n<p style=\"text-align: center;\"><a class=\"mitPfeil\" href=\"https:\/\/xitaso.com\/es\/proyectos\/todos-los-proyectos\/\">Mostrar todos los proyectos<\/a><\/p>\n<p>[\/vc_column_text][\/vc_column][\/vc_row][vc_row css_animation=\u00bb\u00bb row_type=\u00bbrow\u00bb use_row_as_full_screen_section=\u00bbno\u00bb type=\u00bbfull_width\u00bb angled_section=\u00bbno\u00bb text_align=\u00bbleft\u00bb background_image_as_pattern=\u00bbwithout_pattern\u00bb][vc_column][vc_empty_space height=\u00bb50&#8243;][vc_empty_space height=\u00bb50&#8243; el_class=\u00bbnot-on-mobile\u00bb][\/vc_column][\/vc_row][vc_row css_animation=\u00bb\u00bb row_type=\u00bbrow\u00bb use_row_as_full_screen_section=\u00bbno\u00bb type=\u00bbfull_width\u00bb angled_section=\u00bbno\u00bb text_align=\u00bbleft\u00bb background_image_as_pattern=\u00bbwithout_pattern\u00bb z_index=\u00bb\u00bb el_class=\u00bbyour-contact-person\u00bb css=\u00bb.vc_custom_1719909675989{background-color: #e8e0e0 !important;}\u00bb][vc_column][vc_row_inner row_type=\u00bbrow\u00bb type=\u00bbgrid\u00bb text_align=\u00bbleft\u00bb css_animation=\u00bb\u00bb][vc_column_inner][vc_column_text css=\u00bb\u00bb]<\/p>\n<h2 style=\"text-align: center;\">\u00bf Est\u00e1 interesado en un proyecto, un servicio o tiene alguna otra pregunta?<\/h2>\n<p>[\/vc_column_text][vc_single_image image=\u00bb35247&#8243; img_size=\u00bbfull\u00bb alignment=\u00bbcenter\u00bb css=\u00bb\u00bb qode_css_animation=\u00bb\u00bb][vc_column_text css=\u00bb\u00bb]<\/p>\n<p style=\"text-align: center;\"><strong>Bernd Sch\u00e4chterle<\/strong><\/p>\n<p style=\"text-align: center;\">Tel. +49 821 885 882 58<br \/>\n<a href=\"mailto:bernd.schaechterle@xitaso.com\">bernd.schaechterle@xitaso.com<\/a><\/p>\n<p>[\/vc_column_text][\/vc_column_inner][\/vc_row_inner][\/vc_column][\/vc_row]<\/p>\n<\/div>","protected":false},"excerpt":{"rendered":"<p>[vc_row css_animation=\u00bb\u00bb row_type=\u00bbrow\u00bb use_row_as_full_screen_section=\u00bbno\u00bb type=\u00bbfull_width\u00bb angled_section=\u00bbno\u00bb text_align=\u00bbleft\u00bb background_image_as_pattern=\u00bbwithout_pattern\u00bb z_index=\u00bb\u00bb el_class=\u00bbheader_level2_container\u00bb][vc_column][vc_row_inner row_type=\u00bbrow\u00bb type=\u00bbfull_width\u00bb text_align=\u00bbleft\u00bb css_animation=\u00bb\u00bb css=\u00bb.vc_custom_1763466033025{background-image: url(https:\/\/xitaso.com\/wp-content\/uploads\/MULTIVAC-Chatbot-EN.jpg?id=94223) !important;}\u00bb][vc_column_inner offset=\u00bbvc_hidden-xs\u00bb][vc_empty_space height=\u00bb500&#8243;][\/vc_column_inner][\/vc_row_inner][vc_row_inner row_type=\u00bbrow\u00bb type=\u00bbfull_width\u00bb text_align=\u00bbleft\u00bb css_animation=\u00bb\u00bb][vc_column_inner offset=\u00bbvc_hidden-lg vc_hidden-md vc_hidden-sm\u00bb][vc_single_image image=\u00bb94223&#8243; img_size=\u00bbfull\u00bb css=\u00bb\u00bb qode_css_animation=\u00bb\u00bb][\/vc_column_inner][\/vc_row_inner][vc_row_inner row_type=\u00bbrow\u00bb type=\u00bbgrid\u00bb text_align=\u00bbleft\u00bb css_animation=\u00bb\u00bb][vc_column_inner][vc_raw_html css=\u00bb\u00bb]JTNDZGl2JTIwY2xhc3MlM0QlMjJoZWFkZXJfbGV2ZWwyJTIyJTNFJTBBJTNDZGl2JTIwY2xhc3MlM0QlMjJ0b3BwZXIlMjIlM0VBY2Nlc28lMjByJUMzJUExcGlkbyUyMHklMjBlc3BlYyVDMyVBRGZpY28lMjBhJTIwbGElMjBpbmZvcm1hY2klQzMlQjNuJTIwcmVhbG1lbnRlJTIwcGVydGluZW50ZSUzQyUyRmRpdiUzRSUwQSUzQ2gxJTNFVXNvJTIwZWZpY2llbnRlJTIwZGVsJTIwY29ub2NpbWllbnRvJTIwbWVkaWFudGUlMjBjaGF0Ym90cyUyMGFzaXN0aWRvcyUyMHBvciUyMElBJTNDJTJGaDElM0UlMEElM0MlMkZkaXYlM0UlMEElMEE=[\/vc_raw_html][\/vc_column_inner][\/vc_row_inner][\/vc_column][\/vc_row][vc_row css_animation=\u00bb\u00bb row_type=\u00bbrow\u00bb use_row_as_full_screen_section=\u00bbno\u00bb type=\u00bbfull_width\u00bb angled_section=\u00bbno\u00bb text_align=\u00bbleft\u00bb background_image_as_pattern=\u00bbwithout_pattern\u00bb css=\u00bb.vc_custom_1719909582502{background-color: #e8e0e0 !important;}\u00bb&#8230;<\/p>\n","protected":false},"author":30,"featured_media":94386,"parent":30185,"menu_order":0,"comment_status":"closed","ping_status":"closed","template":"full_width.php","meta":{"_acf_changed":false,"inline_featured_image":false,"footnotes":""},"class_list":["post-84887","page","type-page","status-publish","has-post-thumbnail","hentry"],"acf":[],"yoast_head":"<!-- This site is optimized with the Yoast SEO plugin v27.3 - https:\/\/yoast.com\/product\/yoast-seo-wordpress\/ -->\n<title>MULTIVAC - Uso eficiente del conocimiento mediante chatbots asistidos por IA &#060; XITASO<\/title>\n<meta name=\"description\" content=\"Software. Beratung. Entwicklung. Realisierung. Wir planen, gestalten und entwickeln digitale L\u00f6sungen f\u00fcr Produkte, Prozesse und Plattformen.\" \/>\n<meta name=\"robots\" content=\"index, follow, max-snippet:-1, max-image-preview:large, max-video-preview:-1\" \/>\n<link rel=\"canonical\" href=\"https:\/\/xitaso.com\/es\/proyectos\/multivac-chatbot-ia\/\" \/>\n<meta property=\"og:locale\" content=\"es_ES\" \/>\n<meta property=\"og:type\" content=\"article\" \/>\n<meta property=\"og:title\" content=\"MULTIVAC - Uso eficiente del conocimiento mediante chatbots asistidos por IA &#060; XITASO\" \/>\n<meta property=\"og:description\" content=\"Software. Beratung. Entwicklung. Realisierung. Wir planen, gestalten und entwickeln digitale L\u00f6sungen f\u00fcr Produkte, Prozesse und Plattformen.\" \/>\n<meta property=\"og:url\" content=\"https:\/\/xitaso.com\/es\/proyectos\/multivac-chatbot-ia\/\" \/>\n<meta property=\"og:site_name\" content=\"XITASO\" \/>\n<meta property=\"article:publisher\" content=\"https:\/\/www.facebook.com\/XITASOGmbH\/\" \/>\n<meta property=\"article:modified_time\" content=\"2026-04-07T09:26:59+00:00\" \/>\n<meta property=\"og:image\" content=\"https:\/\/xitaso.com\/wp-content\/uploads\/MULTIVAC-Chatbot-DE-1024x576.png\" \/>\n\t<meta property=\"og:image:width\" content=\"1024\" \/>\n\t<meta property=\"og:image:height\" content=\"576\" \/>\n\t<meta property=\"og:image:type\" content=\"image\/png\" \/>\n<meta name=\"twitter:card\" content=\"summary_large_image\" \/>\n<meta name=\"twitter:site\" content=\"@xitasogmbh\" \/>\n<meta name=\"twitter:label1\" content=\"Tiempo de lectura\" \/>\n\t<meta name=\"twitter:data1\" content=\"5 minutos\" \/>\n<script type=\"application\/ld+json\" class=\"yoast-schema-graph\">{\"@context\":\"https:\\\/\\\/schema.org\",\"@graph\":[{\"@type\":\"WebPage\",\"@id\":\"https:\\\/\\\/xitaso.com\\\/es\\\/proyectos\\\/multivac-chatbot-ia\\\/\",\"url\":\"https:\\\/\\\/xitaso.com\\\/es\\\/proyectos\\\/multivac-chatbot-ia\\\/\",\"name\":\"MULTIVAC - Uso eficiente del conocimiento mediante chatbots asistidos por IA &#060; XITASO\",\"isPartOf\":{\"@id\":\"https:\\\/\\\/xitaso.com\\\/#website\"},\"primaryImageOfPage\":{\"@id\":\"https:\\\/\\\/xitaso.com\\\/es\\\/proyectos\\\/multivac-chatbot-ia\\\/#primaryimage\"},\"image\":{\"@id\":\"https:\\\/\\\/xitaso.com\\\/es\\\/proyectos\\\/multivac-chatbot-ia\\\/#primaryimage\"},\"thumbnailUrl\":\"https:\\\/\\\/xitaso.com\\\/wp-content\\\/uploads\\\/MULTIVAC-Chatbot-DE.png\",\"datePublished\":\"2024-12-17T11:18:41+00:00\",\"dateModified\":\"2026-04-07T09:26:59+00:00\",\"description\":\"Software. Beratung. Entwicklung. Realisierung. Wir planen, gestalten und entwickeln digitale L\u00f6sungen f\u00fcr Produkte, Prozesse und Plattformen.\",\"breadcrumb\":{\"@id\":\"https:\\\/\\\/xitaso.com\\\/es\\\/proyectos\\\/multivac-chatbot-ia\\\/#breadcrumb\"},\"inLanguage\":\"es\",\"potentialAction\":[{\"@type\":\"ReadAction\",\"target\":[\"https:\\\/\\\/xitaso.com\\\/es\\\/proyectos\\\/multivac-chatbot-ia\\\/\"]}]},{\"@type\":\"ImageObject\",\"inLanguage\":\"es\",\"@id\":\"https:\\\/\\\/xitaso.com\\\/es\\\/proyectos\\\/multivac-chatbot-ia\\\/#primaryimage\",\"url\":\"https:\\\/\\\/xitaso.com\\\/wp-content\\\/uploads\\\/MULTIVAC-Chatbot-DE.png\",\"contentUrl\":\"https:\\\/\\\/xitaso.com\\\/wp-content\\\/uploads\\\/MULTIVAC-Chatbot-DE.png\",\"width\":5120,\"height\":2880},{\"@type\":\"BreadcrumbList\",\"@id\":\"https:\\\/\\\/xitaso.com\\\/es\\\/proyectos\\\/multivac-chatbot-ia\\\/#breadcrumb\",\"itemListElement\":[{\"@type\":\"ListItem\",\"position\":1,\"name\":\"Startseite\",\"item\":\"https:\\\/\\\/xitaso.com\\\/es\\\/\"},{\"@type\":\"ListItem\",\"position\":2,\"name\":\"Proyectos\",\"item\":\"https:\\\/\\\/xitaso.com\\\/es\\\/proyectos\\\/\"},{\"@type\":\"ListItem\",\"position\":3,\"name\":\"MULTIVAC &#8211; Uso eficiente del conocimiento mediante chatbots asistidos por IA\"}]},{\"@type\":\"WebSite\",\"@id\":\"https:\\\/\\\/xitaso.com\\\/#website\",\"url\":\"https:\\\/\\\/xitaso.com\\\/\",\"name\":\"XITASO\",\"description\":\"\",\"publisher\":{\"@id\":\"https:\\\/\\\/xitaso.com\\\/#organization\"},\"potentialAction\":[{\"@type\":\"SearchAction\",\"target\":{\"@type\":\"EntryPoint\",\"urlTemplate\":\"https:\\\/\\\/xitaso.com\\\/?s={search_term_string}\"},\"query-input\":{\"@type\":\"PropertyValueSpecification\",\"valueRequired\":true,\"valueName\":\"search_term_string\"}}],\"inLanguage\":\"es\"},{\"@type\":\"Organization\",\"@id\":\"https:\\\/\\\/xitaso.com\\\/#organization\",\"name\":\"XITASO GmbH\",\"url\":\"https:\\\/\\\/xitaso.com\\\/\",\"logo\":{\"@type\":\"ImageObject\",\"inLanguage\":\"es\",\"@id\":\"https:\\\/\\\/xitaso.com\\\/#\\\/schema\\\/logo\\\/image\\\/\",\"url\":\"https:\\\/\\\/xitaso.com\\\/wp-content\\\/uploads\\\/XITASO-Logo-quer.png\",\"contentUrl\":\"https:\\\/\\\/xitaso.com\\\/wp-content\\\/uploads\\\/XITASO-Logo-quer.png\",\"width\":1746,\"height\":438,\"caption\":\"XITASO GmbH\"},\"image\":{\"@id\":\"https:\\\/\\\/xitaso.com\\\/#\\\/schema\\\/logo\\\/image\\\/\"},\"sameAs\":[\"https:\\\/\\\/www.facebook.com\\\/XITASOGmbH\\\/\",\"https:\\\/\\\/x.com\\\/xitasogmbh\",\"https:\\\/\\\/www.linkedin.com\\\/organization-guest\\\/company\\\/xitasogmbh\",\"https:\\\/\\\/www.youtube.com\\\/channel\\\/UCQ4Qjq-Pr58NjGVLryNEuyA\"]}]}<\/script>\n<!-- \/ Yoast SEO plugin. -->","yoast_head_json":{"title":"MULTIVAC - Uso eficiente del conocimiento mediante chatbots asistidos por IA &#060; XITASO","description":"Software. Beratung. Entwicklung. Realisierung. Wir planen, gestalten und entwickeln digitale L\u00f6sungen f\u00fcr Produkte, Prozesse und Plattformen.","robots":{"index":"index","follow":"follow","max-snippet":"max-snippet:-1","max-image-preview":"max-image-preview:large","max-video-preview":"max-video-preview:-1"},"canonical":"https:\/\/xitaso.com\/es\/proyectos\/multivac-chatbot-ia\/","og_locale":"es_ES","og_type":"article","og_title":"MULTIVAC - Uso eficiente del conocimiento mediante chatbots asistidos por IA &#060; XITASO","og_description":"Software. Beratung. Entwicklung. Realisierung. Wir planen, gestalten und entwickeln digitale L\u00f6sungen f\u00fcr Produkte, Prozesse und Plattformen.","og_url":"https:\/\/xitaso.com\/es\/proyectos\/multivac-chatbot-ia\/","og_site_name":"XITASO","article_publisher":"https:\/\/www.facebook.com\/XITASOGmbH\/","article_modified_time":"2026-04-07T09:26:59+00:00","og_image":[{"width":1024,"height":576,"url":"https:\/\/xitaso.com\/wp-content\/uploads\/MULTIVAC-Chatbot-DE-1024x576.png","type":"image\/png"}],"twitter_card":"summary_large_image","twitter_site":"@xitasogmbh","twitter_misc":{"Tiempo de lectura":"5 minutos"},"schema":{"@context":"https:\/\/schema.org","@graph":[{"@type":"WebPage","@id":"https:\/\/xitaso.com\/es\/proyectos\/multivac-chatbot-ia\/","url":"https:\/\/xitaso.com\/es\/proyectos\/multivac-chatbot-ia\/","name":"MULTIVAC - Uso eficiente del conocimiento mediante chatbots asistidos por IA &#060; XITASO","isPartOf":{"@id":"https:\/\/xitaso.com\/#website"},"primaryImageOfPage":{"@id":"https:\/\/xitaso.com\/es\/proyectos\/multivac-chatbot-ia\/#primaryimage"},"image":{"@id":"https:\/\/xitaso.com\/es\/proyectos\/multivac-chatbot-ia\/#primaryimage"},"thumbnailUrl":"https:\/\/xitaso.com\/wp-content\/uploads\/MULTIVAC-Chatbot-DE.png","datePublished":"2024-12-17T11:18:41+00:00","dateModified":"2026-04-07T09:26:59+00:00","description":"Software. Beratung. Entwicklung. Realisierung. Wir planen, gestalten und entwickeln digitale L\u00f6sungen f\u00fcr Produkte, Prozesse und Plattformen.","breadcrumb":{"@id":"https:\/\/xitaso.com\/es\/proyectos\/multivac-chatbot-ia\/#breadcrumb"},"inLanguage":"es","potentialAction":[{"@type":"ReadAction","target":["https:\/\/xitaso.com\/es\/proyectos\/multivac-chatbot-ia\/"]}]},{"@type":"ImageObject","inLanguage":"es","@id":"https:\/\/xitaso.com\/es\/proyectos\/multivac-chatbot-ia\/#primaryimage","url":"https:\/\/xitaso.com\/wp-content\/uploads\/MULTIVAC-Chatbot-DE.png","contentUrl":"https:\/\/xitaso.com\/wp-content\/uploads\/MULTIVAC-Chatbot-DE.png","width":5120,"height":2880},{"@type":"BreadcrumbList","@id":"https:\/\/xitaso.com\/es\/proyectos\/multivac-chatbot-ia\/#breadcrumb","itemListElement":[{"@type":"ListItem","position":1,"name":"Startseite","item":"https:\/\/xitaso.com\/es\/"},{"@type":"ListItem","position":2,"name":"Proyectos","item":"https:\/\/xitaso.com\/es\/proyectos\/"},{"@type":"ListItem","position":3,"name":"MULTIVAC &#8211; Uso eficiente del conocimiento mediante chatbots asistidos por IA"}]},{"@type":"WebSite","@id":"https:\/\/xitaso.com\/#website","url":"https:\/\/xitaso.com\/","name":"XITASO","description":"","publisher":{"@id":"https:\/\/xitaso.com\/#organization"},"potentialAction":[{"@type":"SearchAction","target":{"@type":"EntryPoint","urlTemplate":"https:\/\/xitaso.com\/?s={search_term_string}"},"query-input":{"@type":"PropertyValueSpecification","valueRequired":true,"valueName":"search_term_string"}}],"inLanguage":"es"},{"@type":"Organization","@id":"https:\/\/xitaso.com\/#organization","name":"XITASO GmbH","url":"https:\/\/xitaso.com\/","logo":{"@type":"ImageObject","inLanguage":"es","@id":"https:\/\/xitaso.com\/#\/schema\/logo\/image\/","url":"https:\/\/xitaso.com\/wp-content\/uploads\/XITASO-Logo-quer.png","contentUrl":"https:\/\/xitaso.com\/wp-content\/uploads\/XITASO-Logo-quer.png","width":1746,"height":438,"caption":"XITASO GmbH"},"image":{"@id":"https:\/\/xitaso.com\/#\/schema\/logo\/image\/"},"sameAs":["https:\/\/www.facebook.com\/XITASOGmbH\/","https:\/\/x.com\/xitasogmbh","https:\/\/www.linkedin.com\/organization-guest\/company\/xitasogmbh","https:\/\/www.youtube.com\/channel\/UCQ4Qjq-Pr58NjGVLryNEuyA"]}]}},"_links":{"self":[{"href":"https:\/\/xitaso.com\/es\/wp-json\/wp\/v2\/pages\/84887","targetHints":{"allow":["GET"]}}],"collection":[{"href":"https:\/\/xitaso.com\/es\/wp-json\/wp\/v2\/pages"}],"about":[{"href":"https:\/\/xitaso.com\/es\/wp-json\/wp\/v2\/types\/page"}],"author":[{"embeddable":true,"href":"https:\/\/xitaso.com\/es\/wp-json\/wp\/v2\/users\/30"}],"replies":[{"embeddable":true,"href":"https:\/\/xitaso.com\/es\/wp-json\/wp\/v2\/comments?post=84887"}],"version-history":[{"count":1,"href":"https:\/\/xitaso.com\/es\/wp-json\/wp\/v2\/pages\/84887\/revisions"}],"predecessor-version":[{"id":101809,"href":"https:\/\/xitaso.com\/es\/wp-json\/wp\/v2\/pages\/84887\/revisions\/101809"}],"up":[{"embeddable":true,"href":"https:\/\/xitaso.com\/es\/wp-json\/wp\/v2\/pages\/30185"}],"wp:featuredmedia":[{"embeddable":true,"href":"https:\/\/xitaso.com\/es\/wp-json\/wp\/v2\/media\/94386"}],"wp:attachment":[{"href":"https:\/\/xitaso.com\/es\/wp-json\/wp\/v2\/media?parent=84887"}],"curies":[{"name":"wp","href":"https:\/\/api.w.org\/{rel}","templated":true}]}}