{"id":33251,"date":"2021-11-18T11:21:43","date_gmt":"2021-11-18T10:21:43","guid":{"rendered":"https:\/\/xitaso.com\/?page_id=33251"},"modified":"2026-04-07T12:15:45","modified_gmt":"2026-04-07T10:15:45","slug":"roma-configurador-de-la-altura-de-paquetes","status":"publish","type":"page","link":"https:\/\/xitaso.com\/es\/proyectos\/roma-configurador-de-la-altura-de-paquetes\/","title":{"rendered":"ROMA &#8211; Configurador de la altura de paquetes"},"content":{"rendered":"<div class=\"wpb-content-wrapper\"><p>[vc_row css_animation=\u00bb\u00bb row_type=\u00bbrow\u00bb use_row_as_full_screen_section=\u00bbno\u00bb type=\u00bbfull_width\u00bb angled_section=\u00bbno\u00bb text_align=\u00bbleft\u00bb background_image_as_pattern=\u00bbwithout_pattern\u00bb z_index=\u00bb\u00bb el_class=\u00bbheader_level2_container\u00bb][vc_column][vc_row_inner row_type=\u00bbrow\u00bb type=\u00bbfull_width\u00bb text_align=\u00bbleft\u00bb css_animation=\u00bb\u00bb css=\u00bb.vc_custom_1720082984230{background-image: url(https:\/\/xitaso.com\/wp-content\/uploads\/ROMA-Pakethoehenkonfigurator-header.png?id=25339) !important;}\u00bb][vc_column_inner offset=\u00bbvc_hidden-xs\u00bb][vc_empty_space height=\u00bb500&#8243;][\/vc_column_inner][\/vc_row_inner][vc_row_inner row_type=\u00bbrow\u00bb type=\u00bbfull_width\u00bb text_align=\u00bbleft\u00bb css_animation=\u00bb\u00bb][vc_column_inner offset=\u00bbvc_hidden-lg vc_hidden-md vc_hidden-sm\u00bb][vc_single_image image=\u00bb31519&#8243; img_size=\u00bbfull\u00bb css=\u00bb\u00bb qode_css_animation=\u00bb\u00bb][\/vc_column_inner][\/vc_row_inner][vc_row_inner row_type=\u00bbrow\u00bb type=\u00bbgrid\u00bb text_align=\u00bbleft\u00bb css_animation=\u00bb\u00bb][vc_column_inner][vc_raw_html css=\u00bb\u00bb]JTNDZGl2JTIwY2xhc3MlM0QlMjJoZWFkZXJfbGV2ZWwyJTIyJTNFJTBBJTNDZGl2JTIwY2xhc3MlM0QlMjJ0b3BwZXIlMjIlM0VBcGxpY2FjaSVDMyVCM24lMjBtJUMzJUIzdmlsJTIwcGFyYSUyMGNhbGN1bGFyJTIwbG9zJTIwcGFyJUMzJUExbWV0cm9zJTIwZGUlMjBtb250YWplJTNDJTJGZGl2JTNFJTBBJTNDaDElM0VST01BJTIwQ29uZmlndXJhZG9yJTIwZGUlMjBsYSUyMEFsdHVyYSUyMGRlJTIwUGFxdWV0ZXMlM0MlMkZoMSUzRSUwQSUzQyUyRmRpdiUzRSUwQSUwQQ==[\/vc_raw_html][\/vc_column_inner][\/vc_row_inner][\/vc_column][\/vc_row][vc_row css_animation=\u00bb\u00bb row_type=\u00bbrow\u00bb use_row_as_full_screen_section=\u00bbno\u00bb type=\u00bbfull_width\u00bb angled_section=\u00bbno\u00bb text_align=\u00bbleft\u00bb background_image_as_pattern=\u00bbwithout_pattern\u00bb css=\u00bb.vc_custom_1720083507643{background-color: #e8e0e0 !important;}\u00bb z_index=\u00bb\u00bb][vc_column][vc_row_inner row_type=\u00bbrow\u00bb type=\u00bbgrid\u00bb text_align=\u00bbleft\u00bb css_animation=\u00bb\u00bb][vc_column_inner width=\u00bb1\/2&#8243;][vc_empty_space height=\u00bb60&#8243;][vc_column_text]<\/p>\n<h2>El desaf\u00edo<\/h2>\n<p>Dependiendo del proyecto de construcci\u00f3n y de las preferencias de cada momento, existen diferentes formas de instalar una protecci\u00f3n solar. No obstante, para facilitar el montaje, se busc\u00f3 una soluci\u00f3n c\u00f3moda con la que todos los clientes de ROMA pudieran realizar una instalaci\u00f3n profesional de las persianas venecianas exteriores.[\/vc_column_text][vc_empty_space height=\u00bb30&#8243;][vc_empty_space height=\u00bb10&#8243;][vc_column_text]<\/p>\n<div class=\"wpb_text_column wpb_content_element \">\n<div class=\"wpb_wrapper\">\n<h2>ROMA<\/h2>\n<\/div>\n<\/div>\n<p>[\/vc_column_text][vc_empty_space height=\u00bb15&#8243;][vc_column_text]<\/p>\n<div class=\"wpb_text_column wpb_content_element \">\n<div class=\"wpb_wrapper\">\n<p><a class=\"extern\" href=\"https:\/\/www.roma.eu\/\" target=\"_blank\" rel=\"noopener noreferrer\">ROMA KG<\/a>, con sede en Burgau (Alemania), seis centros de producci\u00f3n y 1300 empleados, es un fabricante de productos de alta calidad que comprenden sistemas de protecci\u00f3n solar, persianas enrollables, persianas venecianas exteriores y pantallas textiles.<\/p>\n<\/div>\n<\/div>\n<p>[\/vc_column_text][vc_empty_space height=\u00bb20&#8243;][vc_empty_space height=\u00bb20&#8243;][vc_single_image image=\u00bb33004&#8243; img_size=\u00bbfull\u00bb onclick=\u00bbcustom_link\u00bb img_link_target=\u00bb_blank\u00bb css=\u00bb.vc_custom_1622809740074{padding-right: 75% !important;}\u00bb qode_css_animation=\u00bb\u00bb link=\u00bbhttps:\/\/www.roma.de\/\u00bb][vc_empty_space height=\u00bb50&#8243;][vc_empty_space height=\u00bb30&#8243;][\/vc_column_inner][vc_column_inner width=\u00bb1\/2&#8243;][vc_empty_space height=\u00bb30&#8243; el_class=\u00bbnot-on-mobile\u00bb][vc_empty_space height=\u00bb30&#8243;][vc_column_text]<\/p>\n<h2>C\u00f3mo hemos ayudado<\/h2>\n<p>El objetivo era desarrollar una soluci\u00f3n m\u00f3vil que solicitara gradualmente los datos necesarios a los usuarios y los utilizara para calcular las dimensiones necesarias para el montaje. No hay que olvidar que se precisan numerosas f\u00f3rmulas matem\u00e1ticas y una gran cantidad de conocimientos t\u00e9cnicos para garantizar que el sistema de persianas venecianas exteriores se ha seleccionado e instalado correctamente.[\/vc_column_text][vc_empty_space height=\u00bb30&#8243;][vc_column_text]<\/p>\n<h2>Tecnolog\u00edas<\/h2>\n<p>[\/vc_column_text][vc_empty_space height=\u00bb15&#8243;][vc_raw_html]JTNDc3BhbiUyMGNsYXNzJTNEJTIydGVjaG5vbG9naWVuJTIyJTNFSmF2YSUzQyUyRnNwYW4lM0UlMEElM0NzcGFuJTIwY2xhc3MlM0QlMjJ0ZWNobm9sb2dpZW4lMjIlM0VPYmplY3RpdmUtQyUzQyUyRnNwYW4lM0UlMEElM0NzcGFuJTIwY2xhc3MlM0QlMjJ0ZWNobm9sb2dpZW4lMjIlM0VIVE1MNSUzQyUyRnNwYW4lM0UlMEElM0NzcGFuJTIwY2xhc3MlM0QlMjJ0ZWNobm9sb2dpZW4lMjIlM0VKYXZhU2NyaXB0JTNDJTJGc3BhbiUzRSUwQSUzQ3NwYW4lMjBjbGFzcyUzRCUyMnRlY2hub2xvZ2llbiUyMiUzRUFuZHJvaWQlM0MlMkZzcGFuJTNFJTBBJTNDc3BhbiUyMGNsYXNzJTNEJTIydGVjaG5vbG9naWVuJTIyJTNFaU9TJTNDJTJGc3BhbiUzRQ==[\/vc_raw_html][vc_empty_space height=\u00bb60&#8243;][\/vc_column_inner][\/vc_row_inner][\/vc_column][\/vc_row][vc_row css_animation=\u00bb\u00bb row_type=\u00bbrow\u00bb use_row_as_full_screen_section=\u00bbno\u00bb type=\u00bbgrid\u00bb angled_section=\u00bbno\u00bb text_align=\u00bbleft\u00bb background_image_as_pattern=\u00bbwithout_pattern\u00bb z_index=\u00bb\u00bb][vc_column][vc_empty_space height=\u00bb50&#8243;][vc_empty_space height=\u00bb30&#8243;][\/vc_column][\/vc_row][vc_row css_animation=\u00bb\u00bb row_type=\u00bbrow\u00bb use_row_as_full_screen_section=\u00bbno\u00bb type=\u00bbgrid\u00bb angled_section=\u00bbno\u00bb text_align=\u00bbleft\u00bb background_image_as_pattern=\u00bbwithout_pattern\u00bb z_index=\u00bb\u00bb][vc_column width=\u00bb1\/3&#8243;][vc_gallery interval=\u00bb5&#8243; images=\u00bb94369,25262&#8243; img_size=\u00bb400&#215;400&#8243;][\/vc_column][vc_column width=\u00bb2\/3&#8243;][vc_empty_space height=\u00bb30&#8243;][vc_column_text]<\/p>\n<h2>Aumento de la satisfacci\u00f3n del cliente gracias a la asistencia visual<\/h2>\n<p>En estrecha coordinaci\u00f3n con ROMA, se dise\u00f1\u00f3 una interfaz de usuario atractiva que se ajusta sin problemas al dise\u00f1o corporativo de ROMA. Adem\u00e1s, gracias a su sencillo e intuitivo manejo, ahora tambi\u00e9n es posible que usuarios no expertos instalen las venecianas exteriores ROMA de manera absolutamente profesional.[\/vc_column_text][vc_column_text]Esto contribuye a aumentar la satisfacci\u00f3n de los clientes de ROMA. As\u00ed, una ayuda visual gu\u00eda al usuario paso a paso a trav\u00e9s de la introducci\u00f3n de datos, donde los diferentes campos de entrada solo se muestran cuando ya se ha cumplimentado el anterior. Por otro lado, la presentaci\u00f3n de peque\u00f1os textos de ayuda tambi\u00e9n garantiza que los usuarios introduzcan los datos correctos en el campo que corresponde.[\/vc_column_text][\/vc_column][\/vc_row][vc_row css_animation=\u00bb\u00bb row_type=\u00bbrow\u00bb use_row_as_full_screen_section=\u00bbno\u00bb type=\u00bbgrid\u00bb angled_section=\u00bbno\u00bb text_align=\u00bbleft\u00bb background_image_as_pattern=\u00bbwithout_pattern\u00bb z_index=\u00bb\u00bb][vc_column width=\u00bb2\/3&#8243;][vc_empty_space height=\u00bb30&#8243;][vc_column_text]<\/p>\n<h2>Integraci\u00f3n en la web y como aplicaci\u00f3n en dispositivos m\u00f3viles<\/h2>\n<p>Al final, los usuarios disponen de especificaciones milim\u00e9tricas concretas para una instalaci\u00f3n profesional del sistema de persianas venecianas exteriores. Y, adem\u00e1s, es posible generar un dibujo t\u00e9cnico para facilitar la instalaci\u00f3n a trav\u00e9s de su visualizaci\u00f3n gr\u00e1fica.[\/vc_column_text][vc_column_text]La soluci\u00f3n de software se incorpor\u00f3 como aplicaci\u00f3n para iOS y Android. Asimismo, se desarroll\u00f3 una aplicaci\u00f3n web del configurador de la altura de los bultos y se integr\u00f3 en el sitio web existente de ROMA[\/vc_column_text][vc_empty_space height=\u00bb40&#8243;][\/vc_column][vc_column width=\u00bb1\/3&#8243;][vc_gallery interval=\u00bb5&#8243; images=\u00bb94363,94373&#8243; img_size=\u00bb400&#215;400&#8243;][\/vc_column][\/vc_row][vc_row css_animation=\u00bb\u00bb row_type=\u00bbrow\u00bb use_row_as_full_screen_section=\u00bbno\u00bb type=\u00bbfull_width\u00bb angled_section=\u00bbno\u00bb text_align=\u00bbleft\u00bb background_image_as_pattern=\u00bbwithout_pattern\u00bb z_index=\u00bb\u00bb][vc_column][vc_empty_space height=\u00bb50&#8243;][vc_column_text]<\/p>\n<h2 style=\"text-align: center;\">Otros proyectos<\/h2>\n<p>[\/vc_column_text][vc_empty_space height=\u00bb40&#8243;][\/vc_column][\/vc_row][vc_row css_animation=\u00bb\u00bb row_type=\u00bbrow\u00bb use_row_as_full_screen_section=\u00bbno\u00bb type=\u00bbfull_width\u00bb angled_section=\u00bbno\u00bb text_align=\u00bbleft\u00bb background_image_as_pattern=\u00bbwithout_pattern\u00bb z_index=\u00bb\u00bb el_class=\u00bbthree-column-references\u00bb][vc_column][vc_row_inner row_type=\u00bbrow\u00bb type=\u00bbgrid\u00bb text_align=\u00bbleft\u00bb css_animation=\u00bb\u00bb][vc_column_inner width=\u00bb1\/3&#8243;][vc_raw_html]JTNDYSUyMGhyZWYlM0QlMjIlMkZlcyUyRnByb3llY3RvcyUyRndpdHRlbnN0ZWluLXBvcnRhbC1kZS1wb3N0dmVudGEtZGUtd2l0dGVuc3RlaW4lMkYlMjIlM0U=[\/vc_raw_html][vc_empty_space height=\u00bb250&#8243; image_repeat=\u00bbno-repeat\u00bb background_image=\u00bb14216&#8243;][vc_column_text]<\/p>\n<div class=\"referenz_kunde\">WITTENSTEIN<\/div>\n<h3>Portal de servicios de posventa para la identificaci\u00f3n de productos<\/h3>\n<p>[\/vc_column_text][vc_raw_html]JTNDJTJGYSUzRQ==[\/vc_raw_html][\/vc_column_inner][vc_column_inner width=\u00bb1\/3&#8243;][vc_raw_html]JTNDYSUyMGhyZWYlM0QlMjIlMkZlcyUyRnByb3llY3RvcyUyRm1hbnJvbGFuZC10YWJsZXRhLWRlLXNlcnZpY2lvLXktbWFudGVuaW1pZW50by1tb3ZpbCUyRiUyMiUzRQ==[\/vc_raw_html][vc_empty_space height=\u00bb250&#8243; image_repeat=\u00bbno-repeat\u00bb background_image=\u00bb24865&#8243;][vc_column_text css=\u00bb\u00bb]<\/p>\n<div class=\"referenz_kunde\">manroland<\/div>\n<h3>Tableta de servicio y mantenimiento m\u00f3vil<\/h3>\n<p>[\/vc_column_text][vc_raw_html]JTNDJTJGYSUzRQ==[\/vc_raw_html][\/vc_column_inner][vc_column_inner width=\u00bb1\/3&#8243;][vc_raw_html]JTNDYSUyMGhyZWYlM0QlMjIlMkZlcyUyRnByb3llY3RvcyUyRmt1a2Etc21hcnQtZmFjdG9yeSUyRiUyMiUzRQ==[\/vc_raw_html][vc_empty_space height=\u00bb250&#8243; image_repeat=\u00bbno-repeat\u00bb background_image=\u00bb23715&#8243;][vc_column_text]<\/p>\n<div class=\"referenz_kunde\">KUKA<\/div>\n<h3>Smart Factory<\/h3>\n<p>[\/vc_column_text][vc_raw_html]JTNDJTJGYSUzRQ==[\/vc_raw_html][\/vc_column_inner][\/vc_row_inner][\/vc_column][\/vc_row][vc_row css_animation=\u00bb\u00bb row_type=\u00bbrow\u00bb use_row_as_full_screen_section=\u00bbno\u00bb type=\u00bbfull_width\u00bb angled_section=\u00bbno\u00bb text_align=\u00bbleft\u00bb background_image_as_pattern=\u00bbwithout_pattern\u00bb z_index=\u00bb\u00bb][vc_column][vc_empty_space height=\u00bb30&#8243;][vc_column_text]<\/p>\n<p style=\"text-align: center;\"><a class=\"mitPfeil\" href=\"\/es\/proyectos\/todos-los-proyectos\/\">Mostrar todos los proyectos<\/a><\/p>\n<p>[\/vc_column_text][\/vc_column][\/vc_row][vc_row css_animation=\u00bb\u00bb row_type=\u00bbrow\u00bb use_row_as_full_screen_section=\u00bbno\u00bb type=\u00bbfull_width\u00bb angled_section=\u00bbno\u00bb text_align=\u00bbleft\u00bb background_image_as_pattern=\u00bbwithout_pattern\u00bb z_index=\u00bb\u00bb][vc_column][vc_empty_space height=\u00bb50&#8243;][vc_empty_space height=\u00bb50&#8243; el_class=\u00bbnot-on-mobile\u00bb][\/vc_column][\/vc_row][vc_row css_animation=\u00bb\u00bb row_type=\u00bbrow\u00bb use_row_as_full_screen_section=\u00bbno\u00bb type=\u00bbfull_width\u00bb angled_section=\u00bbno\u00bb text_align=\u00bbleft\u00bb background_image_as_pattern=\u00bbwithout_pattern\u00bb z_index=\u00bb\u00bb el_class=\u00bbyour-contact-person\u00bb css=\u00bb.vc_custom_1720083517972{background-color: #e8e0e0 !important;}\u00bb][vc_column][vc_row_inner row_type=\u00bbrow\u00bb type=\u00bbgrid\u00bb text_align=\u00bbleft\u00bb css_animation=\u00bb\u00bb][vc_column_inner][vc_column_text]<\/p>\n<h2 style=\"text-align: center;\">\u00bfEst\u00e1 interesado en un proyecto, un servicio o tiene otra pregunta?<\/h2>\n<p>[\/vc_column_text][vc_single_image image=\u00bb89687&#8243; img_size=\u00bb120&#215;120&#8243; alignment=\u00bbcenter\u00bb style=\u00bbvc_box_circle_2&#8243; css=\u00bb\u00bb qode_css_animation=\u00bb\u00bb][vc_column_text css=\u00bb\u00bb]<\/p>\n<p style=\"text-align: center;\"><strong>Florian Tremmel<\/strong><\/p>\n<p style=\"text-align: center;\">Tel. +49 821 885 882 43<br \/>\n<a href=\"mailto:florian.tremmel@xitaso.com\">florian.tremmel@xitaso.com<\/a><\/p>\n<p>[\/vc_column_text][\/vc_column_inner][\/vc_row_inner][\/vc_column][\/vc_row]<\/p>\n<\/div>","protected":false},"excerpt":{"rendered":"<p>[vc_row css_animation=\u00bb\u00bb row_type=\u00bbrow\u00bb use_row_as_full_screen_section=\u00bbno\u00bb type=\u00bbfull_width\u00bb angled_section=\u00bbno\u00bb text_align=\u00bbleft\u00bb background_image_as_pattern=\u00bbwithout_pattern\u00bb z_index=\u00bb\u00bb el_class=\u00bbheader_level2_container\u00bb][vc_column][vc_row_inner row_type=\u00bbrow\u00bb type=\u00bbfull_width\u00bb text_align=\u00bbleft\u00bb css_animation=\u00bb\u00bb css=\u00bb.vc_custom_1720082984230{background-image: url(https:\/\/xitaso.com\/wp-content\/uploads\/ROMA-Pakethoehenkonfigurator-header.png?id=25339) !important;}\u00bb][vc_column_inner offset=\u00bbvc_hidden-xs\u00bb][vc_empty_space height=\u00bb500&#8243;][\/vc_column_inner][\/vc_row_inner][vc_row_inner row_type=\u00bbrow\u00bb type=\u00bbfull_width\u00bb text_align=\u00bbleft\u00bb css_animation=\u00bb\u00bb][vc_column_inner offset=\u00bbvc_hidden-lg vc_hidden-md vc_hidden-sm\u00bb][vc_single_image image=\u00bb31519&#8243; img_size=\u00bbfull\u00bb css=\u00bb\u00bb qode_css_animation=\u00bb\u00bb][\/vc_column_inner][\/vc_row_inner][vc_row_inner row_type=\u00bbrow\u00bb type=\u00bbgrid\u00bb text_align=\u00bbleft\u00bb css_animation=\u00bb\u00bb][vc_column_inner][vc_raw_html css=\u00bb\u00bb]JTNDZGl2JTIwY2xhc3MlM0QlMjJoZWFkZXJfbGV2ZWwyJTIyJTNFJTBBJTNDZGl2JTIwY2xhc3MlM0QlMjJ0b3BwZXIlMjIlM0VBcGxpY2FjaSVDMyVCM24lMjBtJUMzJUIzdmlsJTIwcGFyYSUyMGNhbGN1bGFyJTIwbG9zJTIwcGFyJUMzJUExbWV0cm9zJTIwZGUlMjBtb250YWplJTNDJTJGZGl2JTNFJTBBJTNDaDElM0VST01BJTIwQ29uZmlndXJhZG9yJTIwZGUlMjBsYSUyMEFsdHVyYSUyMGRlJTIwUGFxdWV0ZXMlM0MlMkZoMSUzRSUwQSUzQyUyRmRpdiUzRSUwQSUwQQ==[\/vc_raw_html][\/vc_column_inner][\/vc_row_inner][\/vc_column][\/vc_row][vc_row css_animation=\u00bb\u00bb row_type=\u00bbrow\u00bb use_row_as_full_screen_section=\u00bbno\u00bb type=\u00bbfull_width\u00bb angled_section=\u00bbno\u00bb text_align=\u00bbleft\u00bb background_image_as_pattern=\u00bbwithout_pattern\u00bb css=\u00bb.vc_custom_1720083507643{background-color: #e8e0e0 !important;}\u00bb&#8230;<\/p>\n","protected":false},"author":3,"featured_media":31519,"parent":30185,"menu_order":0,"comment_status":"closed","ping_status":"closed","template":"full_width.php","meta":{"_acf_changed":false,"inline_featured_image":false,"footnotes":""},"class_list":["post-33251","page","type-page","status-publish","has-post-thumbnail","hentry"],"acf":[],"yoast_head":"<!-- This site is optimized with the Yoast SEO plugin v27.3 - https:\/\/yoast.com\/product\/yoast-seo-wordpress\/ -->\n<title>ROMA - Configurador de la altura de paquetes &#060; XITASO<\/title>\n<meta name=\"description\" content=\"Una aplicaci\u00f3n m\u00f3vil e intuitiva que ayuda a los profanos paso a paso en la instalaci\u00f3n profesional de sistemas de protecci\u00f3n solar.\" \/>\n<meta name=\"robots\" content=\"index, follow, max-snippet:-1, max-image-preview:large, max-video-preview:-1\" \/>\n<link rel=\"canonical\" href=\"https:\/\/xitaso.com\/es\/proyectos\/roma-configurador-de-la-altura-de-paquetes\/\" \/>\n<meta property=\"og:locale\" content=\"es_ES\" \/>\n<meta property=\"og:type\" content=\"article\" \/>\n<meta property=\"og:title\" content=\"ROMA - Configurador de la altura de paquetes &#060; XITASO\" \/>\n<meta property=\"og:description\" content=\"Una aplicaci\u00f3n m\u00f3vil e intuitiva que ayuda a los profanos paso a paso en la instalaci\u00f3n profesional de sistemas de protecci\u00f3n solar.\" \/>\n<meta property=\"og:url\" content=\"https:\/\/xitaso.com\/es\/proyectos\/roma-configurador-de-la-altura-de-paquetes\/\" \/>\n<meta property=\"og:site_name\" content=\"XITASO\" \/>\n<meta property=\"article:publisher\" content=\"https:\/\/www.facebook.com\/XITASOGmbH\/\" \/>\n<meta property=\"article:modified_time\" content=\"2026-04-07T10:15:45+00:00\" \/>\n<meta property=\"og:image\" content=\"https:\/\/xitaso.com\/wp-content\/uploads\/ROMA-Pakethoehenkonfigurator-header-mobile.png\" \/>\n\t<meta property=\"og:image:width\" content=\"600\" \/>\n\t<meta property=\"og:image:height\" content=\"300\" \/>\n\t<meta property=\"og:image:type\" content=\"image\/png\" \/>\n<meta name=\"twitter:card\" content=\"summary_large_image\" \/>\n<meta name=\"twitter:site\" content=\"@xitasogmbh\" \/>\n<meta name=\"twitter:label1\" content=\"Tiempo de lectura\" \/>\n\t<meta name=\"twitter:data1\" content=\"4 minutos\" \/>\n<script type=\"application\/ld+json\" class=\"yoast-schema-graph\">{\"@context\":\"https:\\\/\\\/schema.org\",\"@graph\":[{\"@type\":\"WebPage\",\"@id\":\"https:\\\/\\\/xitaso.com\\\/es\\\/proyectos\\\/roma-configurador-de-la-altura-de-paquetes\\\/\",\"url\":\"https:\\\/\\\/xitaso.com\\\/es\\\/proyectos\\\/roma-configurador-de-la-altura-de-paquetes\\\/\",\"name\":\"ROMA - Configurador de la altura de paquetes &#060; XITASO\",\"isPartOf\":{\"@id\":\"https:\\\/\\\/xitaso.com\\\/#website\"},\"primaryImageOfPage\":{\"@id\":\"https:\\\/\\\/xitaso.com\\\/es\\\/proyectos\\\/roma-configurador-de-la-altura-de-paquetes\\\/#primaryimage\"},\"image\":{\"@id\":\"https:\\\/\\\/xitaso.com\\\/es\\\/proyectos\\\/roma-configurador-de-la-altura-de-paquetes\\\/#primaryimage\"},\"thumbnailUrl\":\"https:\\\/\\\/xitaso.com\\\/wp-content\\\/uploads\\\/ROMA-Pakethoehenkonfigurator-header-mobile.png\",\"datePublished\":\"2021-11-18T10:21:43+00:00\",\"dateModified\":\"2026-04-07T10:15:45+00:00\",\"description\":\"Una aplicaci\u00f3n m\u00f3vil e intuitiva que ayuda a los profanos paso a paso en la instalaci\u00f3n profesional de sistemas de protecci\u00f3n solar.\",\"breadcrumb\":{\"@id\":\"https:\\\/\\\/xitaso.com\\\/es\\\/proyectos\\\/roma-configurador-de-la-altura-de-paquetes\\\/#breadcrumb\"},\"inLanguage\":\"es\",\"potentialAction\":[{\"@type\":\"ReadAction\",\"target\":[\"https:\\\/\\\/xitaso.com\\\/es\\\/proyectos\\\/roma-configurador-de-la-altura-de-paquetes\\\/\"]}]},{\"@type\":\"ImageObject\",\"inLanguage\":\"es\",\"@id\":\"https:\\\/\\\/xitaso.com\\\/es\\\/proyectos\\\/roma-configurador-de-la-altura-de-paquetes\\\/#primaryimage\",\"url\":\"https:\\\/\\\/xitaso.com\\\/wp-content\\\/uploads\\\/ROMA-Pakethoehenkonfigurator-header-mobile.png\",\"contentUrl\":\"https:\\\/\\\/xitaso.com\\\/wp-content\\\/uploads\\\/ROMA-Pakethoehenkonfigurator-header-mobile.png\",\"width\":600,\"height\":300},{\"@type\":\"BreadcrumbList\",\"@id\":\"https:\\\/\\\/xitaso.com\\\/es\\\/proyectos\\\/roma-configurador-de-la-altura-de-paquetes\\\/#breadcrumb\",\"itemListElement\":[{\"@type\":\"ListItem\",\"position\":1,\"name\":\"Startseite\",\"item\":\"https:\\\/\\\/xitaso.com\\\/es\\\/\"},{\"@type\":\"ListItem\",\"position\":2,\"name\":\"Proyectos\",\"item\":\"https:\\\/\\\/xitaso.com\\\/es\\\/proyectos\\\/\"},{\"@type\":\"ListItem\",\"position\":3,\"name\":\"ROMA &#8211; Configurador de la altura de paquetes\"}]},{\"@type\":\"WebSite\",\"@id\":\"https:\\\/\\\/xitaso.com\\\/#website\",\"url\":\"https:\\\/\\\/xitaso.com\\\/\",\"name\":\"XITASO\",\"description\":\"\",\"publisher\":{\"@id\":\"https:\\\/\\\/xitaso.com\\\/#organization\"},\"potentialAction\":[{\"@type\":\"SearchAction\",\"target\":{\"@type\":\"EntryPoint\",\"urlTemplate\":\"https:\\\/\\\/xitaso.com\\\/?s={search_term_string}\"},\"query-input\":{\"@type\":\"PropertyValueSpecification\",\"valueRequired\":true,\"valueName\":\"search_term_string\"}}],\"inLanguage\":\"es\"},{\"@type\":\"Organization\",\"@id\":\"https:\\\/\\\/xitaso.com\\\/#organization\",\"name\":\"XITASO GmbH\",\"url\":\"https:\\\/\\\/xitaso.com\\\/\",\"logo\":{\"@type\":\"ImageObject\",\"inLanguage\":\"es\",\"@id\":\"https:\\\/\\\/xitaso.com\\\/#\\\/schema\\\/logo\\\/image\\\/\",\"url\":\"https:\\\/\\\/xitaso.com\\\/wp-content\\\/uploads\\\/XITASO-Logo-quer.png\",\"contentUrl\":\"https:\\\/\\\/xitaso.com\\\/wp-content\\\/uploads\\\/XITASO-Logo-quer.png\",\"width\":1746,\"height\":438,\"caption\":\"XITASO GmbH\"},\"image\":{\"@id\":\"https:\\\/\\\/xitaso.com\\\/#\\\/schema\\\/logo\\\/image\\\/\"},\"sameAs\":[\"https:\\\/\\\/www.facebook.com\\\/XITASOGmbH\\\/\",\"https:\\\/\\\/x.com\\\/xitasogmbh\",\"https:\\\/\\\/www.linkedin.com\\\/organization-guest\\\/company\\\/xitasogmbh\",\"https:\\\/\\\/www.youtube.com\\\/channel\\\/UCQ4Qjq-Pr58NjGVLryNEuyA\"]}]}<\/script>\n<!-- \/ Yoast SEO plugin. -->","yoast_head_json":{"title":"ROMA - Configurador de la altura de paquetes &#060; XITASO","description":"Una aplicaci\u00f3n m\u00f3vil e intuitiva que ayuda a los profanos paso a paso en la instalaci\u00f3n profesional de sistemas de protecci\u00f3n solar.","robots":{"index":"index","follow":"follow","max-snippet":"max-snippet:-1","max-image-preview":"max-image-preview:large","max-video-preview":"max-video-preview:-1"},"canonical":"https:\/\/xitaso.com\/es\/proyectos\/roma-configurador-de-la-altura-de-paquetes\/","og_locale":"es_ES","og_type":"article","og_title":"ROMA - Configurador de la altura de paquetes &#060; XITASO","og_description":"Una aplicaci\u00f3n m\u00f3vil e intuitiva que ayuda a los profanos paso a paso en la instalaci\u00f3n profesional de sistemas de protecci\u00f3n solar.","og_url":"https:\/\/xitaso.com\/es\/proyectos\/roma-configurador-de-la-altura-de-paquetes\/","og_site_name":"XITASO","article_publisher":"https:\/\/www.facebook.com\/XITASOGmbH\/","article_modified_time":"2026-04-07T10:15:45+00:00","og_image":[{"width":600,"height":300,"url":"https:\/\/xitaso.com\/wp-content\/uploads\/ROMA-Pakethoehenkonfigurator-header-mobile.png","type":"image\/png"}],"twitter_card":"summary_large_image","twitter_site":"@xitasogmbh","twitter_misc":{"Tiempo de lectura":"4 minutos"},"schema":{"@context":"https:\/\/schema.org","@graph":[{"@type":"WebPage","@id":"https:\/\/xitaso.com\/es\/proyectos\/roma-configurador-de-la-altura-de-paquetes\/","url":"https:\/\/xitaso.com\/es\/proyectos\/roma-configurador-de-la-altura-de-paquetes\/","name":"ROMA - Configurador de la altura de paquetes &#060; XITASO","isPartOf":{"@id":"https:\/\/xitaso.com\/#website"},"primaryImageOfPage":{"@id":"https:\/\/xitaso.com\/es\/proyectos\/roma-configurador-de-la-altura-de-paquetes\/#primaryimage"},"image":{"@id":"https:\/\/xitaso.com\/es\/proyectos\/roma-configurador-de-la-altura-de-paquetes\/#primaryimage"},"thumbnailUrl":"https:\/\/xitaso.com\/wp-content\/uploads\/ROMA-Pakethoehenkonfigurator-header-mobile.png","datePublished":"2021-11-18T10:21:43+00:00","dateModified":"2026-04-07T10:15:45+00:00","description":"Una aplicaci\u00f3n m\u00f3vil e intuitiva que ayuda a los profanos paso a paso en la instalaci\u00f3n profesional de sistemas de protecci\u00f3n solar.","breadcrumb":{"@id":"https:\/\/xitaso.com\/es\/proyectos\/roma-configurador-de-la-altura-de-paquetes\/#breadcrumb"},"inLanguage":"es","potentialAction":[{"@type":"ReadAction","target":["https:\/\/xitaso.com\/es\/proyectos\/roma-configurador-de-la-altura-de-paquetes\/"]}]},{"@type":"ImageObject","inLanguage":"es","@id":"https:\/\/xitaso.com\/es\/proyectos\/roma-configurador-de-la-altura-de-paquetes\/#primaryimage","url":"https:\/\/xitaso.com\/wp-content\/uploads\/ROMA-Pakethoehenkonfigurator-header-mobile.png","contentUrl":"https:\/\/xitaso.com\/wp-content\/uploads\/ROMA-Pakethoehenkonfigurator-header-mobile.png","width":600,"height":300},{"@type":"BreadcrumbList","@id":"https:\/\/xitaso.com\/es\/proyectos\/roma-configurador-de-la-altura-de-paquetes\/#breadcrumb","itemListElement":[{"@type":"ListItem","position":1,"name":"Startseite","item":"https:\/\/xitaso.com\/es\/"},{"@type":"ListItem","position":2,"name":"Proyectos","item":"https:\/\/xitaso.com\/es\/proyectos\/"},{"@type":"ListItem","position":3,"name":"ROMA &#8211; Configurador de la altura de paquetes"}]},{"@type":"WebSite","@id":"https:\/\/xitaso.com\/#website","url":"https:\/\/xitaso.com\/","name":"XITASO","description":"","publisher":{"@id":"https:\/\/xitaso.com\/#organization"},"potentialAction":[{"@type":"SearchAction","target":{"@type":"EntryPoint","urlTemplate":"https:\/\/xitaso.com\/?s={search_term_string}"},"query-input":{"@type":"PropertyValueSpecification","valueRequired":true,"valueName":"search_term_string"}}],"inLanguage":"es"},{"@type":"Organization","@id":"https:\/\/xitaso.com\/#organization","name":"XITASO GmbH","url":"https:\/\/xitaso.com\/","logo":{"@type":"ImageObject","inLanguage":"es","@id":"https:\/\/xitaso.com\/#\/schema\/logo\/image\/","url":"https:\/\/xitaso.com\/wp-content\/uploads\/XITASO-Logo-quer.png","contentUrl":"https:\/\/xitaso.com\/wp-content\/uploads\/XITASO-Logo-quer.png","width":1746,"height":438,"caption":"XITASO GmbH"},"image":{"@id":"https:\/\/xitaso.com\/#\/schema\/logo\/image\/"},"sameAs":["https:\/\/www.facebook.com\/XITASOGmbH\/","https:\/\/x.com\/xitasogmbh","https:\/\/www.linkedin.com\/organization-guest\/company\/xitasogmbh","https:\/\/www.youtube.com\/channel\/UCQ4Qjq-Pr58NjGVLryNEuyA"]}]}},"_links":{"self":[{"href":"https:\/\/xitaso.com\/es\/wp-json\/wp\/v2\/pages\/33251","targetHints":{"allow":["GET"]}}],"collection":[{"href":"https:\/\/xitaso.com\/es\/wp-json\/wp\/v2\/pages"}],"about":[{"href":"https:\/\/xitaso.com\/es\/wp-json\/wp\/v2\/types\/page"}],"author":[{"embeddable":true,"href":"https:\/\/xitaso.com\/es\/wp-json\/wp\/v2\/users\/3"}],"replies":[{"embeddable":true,"href":"https:\/\/xitaso.com\/es\/wp-json\/wp\/v2\/comments?post=33251"}],"version-history":[{"count":2,"href":"https:\/\/xitaso.com\/es\/wp-json\/wp\/v2\/pages\/33251\/revisions"}],"predecessor-version":[{"id":101870,"href":"https:\/\/xitaso.com\/es\/wp-json\/wp\/v2\/pages\/33251\/revisions\/101870"}],"up":[{"embeddable":true,"href":"https:\/\/xitaso.com\/es\/wp-json\/wp\/v2\/pages\/30185"}],"wp:featuredmedia":[{"embeddable":true,"href":"https:\/\/xitaso.com\/es\/wp-json\/wp\/v2\/media\/31519"}],"wp:attachment":[{"href":"https:\/\/xitaso.com\/es\/wp-json\/wp\/v2\/media?parent=33251"}],"curies":[{"name":"wp","href":"https:\/\/api.w.org\/{rel}","templated":true}]}}