{"id":31208,"date":"2021-09-03T16:00:15","date_gmt":"2021-09-03T14:00:15","guid":{"rendered":"https:\/\/xitaso.com\/?page_id=31208"},"modified":"2025-08-12T14:28:40","modified_gmt":"2025-08-12T12:28:40","slug":"vision-por-ordenador-y-xr","status":"publish","type":"page","link":"https:\/\/xitaso.com\/es\/competencias\/vision-por-ordenador-y-xr\/","title":{"rendered":"Visi\u00f3n por Ordenador y XR"},"content":{"rendered":"<div class=\"wpb-content-wrapper\"><p>[vc_row css_animation=\u00bb\u00bb row_type=\u00bbrow\u00bb use_row_as_full_screen_section=\u00bbno\u00bb type=\u00bbfull_width\u00bb angled_section=\u00bbno\u00bb text_align=\u00bbleft\u00bb background_image_as_pattern=\u00bbwithout_pattern\u00bb z_index=\u00bb\u00bb el_class=\u00bbheader_level2_container\u00bb][vc_column][vc_row_inner row_type=\u00bbrow\u00bb type=\u00bbfull_width\u00bb text_align=\u00bbleft\u00bb css_animation=\u00bb\u00bb css=\u00bb.vc_custom_1720967382589{background-image: url(https:\/\/xitaso.com\/wp-content\/uploads\/header_ar.jpg?id=15131) !important;}\u00bb][vc_column_inner offset=\u00bbvc_hidden-xs\u00bb][vc_empty_space height=\u00bb350&#8243;][\/vc_column_inner][\/vc_row_inner][vc_row_inner row_type=\u00bbrow\u00bb type=\u00bbfull_width\u00bb text_align=\u00bbleft\u00bb css_animation=\u00bb\u00bb][vc_column_inner offset=\u00bbvc_hidden-lg vc_hidden-md vc_hidden-sm\u00bb][vc_single_image image=\u00bb15146&#8243; img_size=\u00bbfull\u00bb css=\u00bb\u00bb qode_css_animation=\u00bb\u00bb][\/vc_column_inner][\/vc_row_inner][vc_row_inner row_type=\u00bbrow\u00bb type=\u00bbgrid\u00bb text_align=\u00bbleft\u00bb css_animation=\u00bb\u00bb][vc_column_inner][vc_raw_html css=\u00bb\u00bb]JTNDZGl2JTIwY2xhc3MlM0QlMjJoZWFkZXJfbGV2ZWwyJTIyJTNFJTBBJTNDZGl2JTIwY2xhc3MlM0QlMjJ0b3BwZXIlMjIlM0VDb21wcmVuZGVyJTIweSUyMGF2YW56YXIlMjBlbiUyMGxhJTIwcmVhbGlkYWQlMjBkZWwlMjBzZXIlMjBodW1hbm8lMjBhJTIwdHJhdiVDMyVBOXMlMjBkZSUyMGFwbGljYWNpb25lcyUyMGRlJTIwc29mdHdhcmUlM0MlMkZkaXYlM0UlMEElM0NoMSUzRVZpc2klQzMlQjNuJTIwcG9yJTIwT3JkZW5hZG9yJTIweSUyMFJlYWxpZGFkJTIwRXh0ZW5kaWRhJTIwJTI4WFIlMjklM0MlMkZoMSUzRSUwQSUzQyUyRmRpdiUzRSUwQSUwQQ==[\/vc_raw_html][\/vc_column_inner][\/vc_row_inner][\/vc_column][\/vc_row][vc_row css_animation=\u00bb\u00bb row_type=\u00bbrow\u00bb use_row_as_full_screen_section=\u00bbno\u00bb type=\u00bbgrid\u00bb angled_section=\u00bbno\u00bb text_align=\u00bbleft\u00bb background_image_as_pattern=\u00bbwithout_pattern\u00bb z_index=\u00bb\u00bb css=\u00bb.vc_custom_1720967840398{background-color: #e8e0e0 !important;}\u00bb el_class=\u00bbtext-left-75-image-right-25&#8243;][vc_column][vc_column_text]<\/p>\n<h2 style=\"text-align: left;\">Nuestra convicci\u00f3n<\/h2>\n<p>[\/vc_column_text][vc_empty_space][vc_row_inner row_type=\u00bbrow\u00bb type=\u00bbgrid\u00bb text_align=\u00bbleft\u00bb css_animation=\u00bb\u00bb][vc_column_inner width=\u00bb2\/3&#8243;][vc_column_text]El rat\u00f3n, el teclado, la pantalla&#8230; Estos fueron en su d\u00eda los principales medios de interacci\u00f3n entre los seres humanos y los ordenadores. No obstante, en un mundo cada vez m\u00e1s interconectado como el actual, ahora es m\u00e1s importante que nunca que los equipos inform\u00e1ticos se integren en la vida cotidiana. Para ello, por un lado, es imprescindible que el software sea capaz de detectar, entender e interpretar el entorno circundante y, por otro lado, dicho software debe servir para despertar la pasi\u00f3n de las personas por los mundos virtuales o para incorporar la informaci\u00f3n naturalmente en el mundo real.<\/p>\n<p>En XITASO, el ser humano ocupa siempre el primer plano del software. Combinamos nuestra experiencia en el desarrollo de software, el dise\u00f1o de experiencias de usuario, la visi\u00f3n por ordenador y la realidad extendida para llevar la interacci\u00f3n hombre-m\u00e1quina al siguiente nivel: sin fisuras y de manera intuitiva y humana.[\/vc_column_text][vc_empty_space height=\u00bb30&#8243; el_class=\u00bbnot-on-mobile\u00bb]<a  itemprop=\"url\" href=\"\/es\/servicios\/produccion-inteligente-paquetes\/\" target=\"_self\"  class=\"qbutton  default not-on-mobile\" style=\"border-radius: 0px;-moz-border-radius: 0px;-webkit-border-radius: 0px; \">Empiece con la producci\u00f3n inteligente \u2192<\/a>[\/vc_column_inner][vc_column_inner width=\u00bb1\/3&#8243;][vc_single_image image=\u00bb46202&#8243; img_size=\u00bbfull\u00bb css=\u00bb\u00bb qode_css_animation=\u00bb\u00bb][vc_empty_space height=\u00bb30&#8243; el_class=\u00bbonly-on-mobile\u00bb]<a  itemprop=\"url\" href=\"\/es\/servicios\/produccion-inteligente-paquetes\/\" target=\"_self\"  class=\"qbutton  default only-on-mobile\" style=\"border-radius: 0px;-moz-border-radius: 0px;-webkit-border-radius: 0px; \">Empiece con la producci\u00f3n inteligente \u2192<\/a>[\/vc_column_inner][\/vc_row_inner][\/vc_column][\/vc_row][vc_row css_animation=\u00bb\u00bb row_type=\u00bbrow\u00bb use_row_as_full_screen_section=\u00bbno\u00bb type=\u00bbfull_width\u00bb angled_section=\u00bbno\u00bb text_align=\u00bbleft\u00bb background_image_as_pattern=\u00bbwithout_pattern\u00bb][vc_column][vc_empty_space height=\u00bb50px\u00bb][vc_empty_space height=\u00bb30px\u00bb el_class=\u00bbnot-on-mobile\u00bb][\/vc_column][\/vc_row][vc_row css_animation=\u00bb\u00bb row_type=\u00bbrow\u00bb use_row_as_full_screen_section=\u00bbno\u00bb type=\u00bbfull_width\u00bb angled_section=\u00bbno\u00bb text_align=\u00bbleft\u00bb background_image_as_pattern=\u00bbwithout_pattern\u00bb][vc_column][vc_row_inner row_type=\u00bbrow\u00bb type=\u00bbgrid\u00bb text_align=\u00bbleft\u00bb css_animation=\u00bb\u00bb][vc_column_inner width=\u00bb1\/3&#8243;][vc_column_text]<\/p>\n<h2>Facilitar la rutina de trabajo diaria<\/h2>\n<p>[\/vc_column_text][\/vc_column_inner][vc_column_inner width=\u00bb2\/3&#8243;][vc_column_text]Para facilitar su trabajo diario, apoyamos al personal de producci\u00f3n en las tareas de control de calidad mediante la detecci\u00f3n y la clasificaci\u00f3n autom\u00e1ticas de los defectos de producci\u00f3n, para lo que se utilizan m\u00e9todos basados en im\u00e1genes. Adem\u00e1s, a trav\u00e9s del control por gestos con movimientos naturales, podemos hacer que los robots se manejen a distancia, por lo que una persona los gu\u00eda de forma intuitiva y trabaja directamente en el robot, en lugar de hacerlo de forma abstracta en el c\u00f3digo del programa.[\/vc_column_text][\/vc_column_inner][\/vc_row_inner][vc_row_inner row_type=\u00bbrow\u00bb type=\u00bbfull_width\u00bb text_align=\u00bbleft\u00bb css_animation=\u00bb\u00bb][vc_column_inner][vc_empty_space height=\u00bb50px\u00bb][\/vc_column_inner][\/vc_row_inner][vc_row_inner row_type=\u00bbrow\u00bb type=\u00bbgrid\u00bb text_align=\u00bbleft\u00bb css_animation=\u00bb\u00bb][vc_column_inner width=\u00bb1\/3&#8243;][vc_column_text]<\/p>\n<h2>Convertir en tangible lo virtual<\/h2>\n<p>[\/vc_column_text][\/vc_column_inner][vc_column_inner width=\u00bb2\/3&#8243;][vc_column_text]Transportamos im\u00e1genes digitales de objetos f\u00edsicos sin esfuerzo y sin demora a trav\u00e9s de largas distancias. Al estar inmersos en el entorno de otras personas, hacemos que lo virtual sea, a pesar de todo, tangible y experimentable. Por ejemplo, es posible colocar muebles en el sal\u00f3n de casa o probarse gafas que (a\u00fan) no se poseen f\u00edsicamente.[\/vc_column_text][\/vc_column_inner][\/vc_row_inner][vc_row_inner row_type=\u00bbrow\u00bb type=\u00bbfull_width\u00bb text_align=\u00bbleft\u00bb css_animation=\u00bb\u00bb][vc_column_inner][vc_empty_space height=\u00bb50px\u00bb][\/vc_column_inner][\/vc_row_inner][vc_row_inner row_type=\u00bbrow\u00bb type=\u00bbgrid\u00bb text_align=\u00bbleft\u00bb css_animation=\u00bb\u00bb][vc_column_inner width=\u00bb1\/3&#8243;][vc_column_text]<\/p>\n<h2>Hacer manejable la complejidad<\/h2>\n<p>[\/vc_column_text][\/vc_column_inner][vc_column_inner width=\u00bb2\/3&#8243;][vc_column_text]En los amplios e intrincados procesos y flujos de trabajo del sector industrial, el personal tiene que manejar, mantener y comprender m\u00e1quinas que son cada vez m\u00e1s complicadas. Con los principios de la realidad aumentada (RA), integramos instrucciones de trabajo probadas en el mundo real para conseguir que los pasos de funcionamiento, los procesos de mantenimiento y las secuencias de actuaci\u00f3n, por complejos que sean, resulten perceptibles y f\u00e1ciles de entender para el personal que se encuentra in situ.[\/vc_column_text][\/vc_column_inner][\/vc_row_inner][\/vc_column][\/vc_row][vc_row css_animation=\u00bb\u00bb row_type=\u00bbrow\u00bb use_row_as_full_screen_section=\u00bbno\u00bb type=\u00bbfull_width\u00bb angled_section=\u00bbno\u00bb text_align=\u00bbleft\u00bb background_image_as_pattern=\u00bbwithout_pattern\u00bb][vc_column][vc_empty_space height=\u00bb50px\u00bb][vc_empty_space height=\u00bb30px\u00bb el_class=\u00bbnot-on-mobile\u00bb][\/vc_column][\/vc_row][vc_row css_animation=\u00bb\u00bb row_type=\u00bbrow\u00bb use_row_as_full_screen_section=\u00bbno\u00bb type=\u00bbfull_width\u00bb angled_section=\u00bbno\u00bb text_align=\u00bbleft\u00bb background_image_as_pattern=\u00bbwithout_pattern\u00bb css=\u00bb.vc_custom_1720967882375{background-color: #e8e0e0 !important;}\u00bb z_index=\u00bb\u00bb][vc_column][vc_empty_space height=\u00bb50px\u00bb][vc_column_text]<\/p>\n<h3 style=\"text-align: center;\">\u00bfQu\u00e9 tecnolog\u00edas utilizamos?<\/h3>\n<p>[\/vc_column_text][vc_empty_space][vc_row_inner row_type=\u00bbrow\u00bb type=\u00bbgrid\u00bb text_align=\u00bbleft\u00bb css_animation=\u00bb\u00bb][vc_column_inner][vc_raw_html]JTNDcCUyMHN0eWxlJTNEJTIydGV4dC1hbGlnbiUzQSUyMGNlbnRlciUzQiUyMiUzRSUzQ3NwYW4lMjBjbGFzcyUzRCUyMnRlY2hub2xvZ2llbiUyMiUzRU9wZW5DViUzQyUyRnNwYW4lM0UlMEElM0NzcGFuJTIwY2xhc3MlM0QlMjJ0ZWNobm9sb2dpZW4lMjIlM0VUZXNzZXJhY3QlM0MlMkZzcGFuJTNFJTBBJTNDc3BhbiUyMGNsYXNzJTNEJTIydGVjaG5vbG9naWVuJTIyJTNFVGVuc29yRmxvdyUzQyUyRnNwYW4lM0UlMEElM0NzcGFuJTIwY2xhc3MlM0QlMjJ0ZWNobm9sb2dpZW4lMjIlM0VUaHJlZS5qcyUzQyUyRnNwYW4lM0UlMEElM0NzcGFuJTIwY2xhc3MlM0QlMjJ0ZWNobm9sb2dpZW4lMjIlM0VPcGVuR0wlM0MlMkZzcGFuJTNFJTBBJTNDc3BhbiUyMGNsYXNzJTNEJTIydGVjaG5vbG9naWVuJTIyJTNFRGlyZWN0M0QlM0MlMkZzcGFuJTNFJTBBJTNDc3BhbiUyMGNsYXNzJTNEJTIydGVjaG5vbG9naWVuJTIyJTNFVW5pdHklM0MlMkZzcGFuJTNFJTBBJTNDc3BhbiUyMGNsYXNzJTNEJTIydGVjaG5vbG9naWVuJTIyJTNFQVJLaXQlM0MlMkZzcGFuJTNFJTBBJTNDc3BhbiUyMGNsYXNzJTNEJTIydGVjaG5vbG9naWVuJTIyJTNFQVJDb3JlJTNDJTJGc3BhbiUzRSUzQyUyRnAlM0UlMEE=[\/vc_raw_html][\/vc_column_inner][\/vc_row_inner][vc_empty_space height=\u00bb50px\u00bb][\/vc_column][\/vc_row][vc_row css_animation=\u00bb\u00bb row_type=\u00bbrow\u00bb use_row_as_full_screen_section=\u00bbno\u00bb type=\u00bbfull_width\u00bb angled_section=\u00bbno\u00bb text_align=\u00bbleft\u00bb background_image_as_pattern=\u00bbwithout_pattern\u00bb css=\u00bb.vc_custom_1720967896848{background-color: #005962 !important;}\u00bb z_index=\u00bb\u00bb][vc_column el_class=\u00bbpadding-top-30-bottom-45&#8243;][vc_empty_space height=\u00bb50px\u00bb][vc_row_inner row_type=\u00bbrow\u00bb type=\u00bbgrid\u00bb text_align=\u00bbleft\u00bb css_animation=\u00bb\u00bb][vc_column_inner width=\u00bb1\/3&#8243;][vc_column_text]<\/p>\n<h2 style=\"color: #fff;\">La diferencia XITASO<\/h2>\n<p>[\/vc_column_text][\/vc_column_inner][vc_column_inner width=\u00bb2\/3&#8243;][vc_column_text]<span style=\"color: #ffffff;\">La interacci\u00f3n fluida, intuitiva y centrada en las personas que se produce entre el ser humano y la m\u00e1quina aumenta el entusiasmo por la digitalizaci\u00f3n y promueve la aceptaci\u00f3n de esta a medida que se utiliza. Los obst\u00e1culos t\u00e9cnicos para ello disminuyen cada a\u00f1o gracias a las mejoras que se est\u00e1n introduciendo en el hardware, como los dispositivos de entrada y las gafas de realidad aumentada, as\u00ed como a los avances en el software, que permiten que muchas cosas sean posibles directamente en el navegador sin necesidad de instalar componentes de software adicionales.<\/span>[\/vc_column_text][\/vc_column_inner][\/vc_row_inner][vc_empty_space height=\u00bb50px\u00bb][\/vc_column][\/vc_row][vc_row css_animation=\u00bb\u00bb row_type=\u00bbrow\u00bb use_row_as_full_screen_section=\u00bbno\u00bb type=\u00bbfull_width\u00bb angled_section=\u00bbno\u00bb text_align=\u00bbleft\u00bb background_image_as_pattern=\u00bbwithout_pattern\u00bb z_index=\u00bb\u00bb el_class=\u00bbyour-contact-person\u00bb css=\u00bb.vc_custom_1720967907220{background-color: #e8e0e0 !important;}\u00bb][vc_column][vc_row_inner row_type=\u00bbrow\u00bb type=\u00bbgrid\u00bb text_align=\u00bbleft\u00bb css_animation=\u00bb\u00bb][vc_column_inner][vc_column_text]<\/p>\n<h2 style=\"text-align: center;\">\u00bfEst\u00e1 interesado en un proyecto o tiene alguna otra pregunta?<\/h2>\n<p>[\/vc_column_text][vc_single_image image=\u00bb90424&#8243; img_size=\u00bbmedium\u00bb alignment=\u00bbcenter\u00bb style=\u00bbvc_box_circle_2&#8243; css=\u00bb\u00bb qode_css_animation=\u00bb\u00bb][vc_column_text css=\u00bb\u00bb]<\/p>\n<p style=\"text-align: center;\"><strong>Christian Fli\u00df<\/strong><\/p>\n<p style=\"text-align: center;\">Tel. +49 160 43 51 794<br \/>\n<a href=\"mailto:christian.fliss@xitaso.com\">chrisitan.fliss@xitaso.com<\/a><\/p>\n<p>[\/vc_column_text][\/vc_column_inner][\/vc_row_inner][\/vc_column][\/vc_row]<\/p>\n<\/div>","protected":false},"excerpt":{"rendered":"<p>[vc_row css_animation=\u00bb\u00bb row_type=\u00bbrow\u00bb use_row_as_full_screen_section=\u00bbno\u00bb type=\u00bbfull_width\u00bb angled_section=\u00bbno\u00bb text_align=\u00bbleft\u00bb background_image_as_pattern=\u00bbwithout_pattern\u00bb z_index=\u00bb\u00bb el_class=\u00bbheader_level2_container\u00bb][vc_column][vc_row_inner row_type=\u00bbrow\u00bb type=\u00bbfull_width\u00bb text_align=\u00bbleft\u00bb css_animation=\u00bb\u00bb css=\u00bb.vc_custom_1720967382589{background-image: url(https:\/\/xitaso.com\/wp-content\/uploads\/header_ar.jpg?id=15131) !important;}\u00bb][vc_column_inner offset=\u00bbvc_hidden-xs\u00bb][vc_empty_space height=\u00bb350&#8243;][\/vc_column_inner][\/vc_row_inner][vc_row_inner row_type=\u00bbrow\u00bb type=\u00bbfull_width\u00bb text_align=\u00bbleft\u00bb css_animation=\u00bb\u00bb][vc_column_inner offset=\u00bbvc_hidden-lg vc_hidden-md vc_hidden-sm\u00bb][vc_single_image image=\u00bb15146&#8243; img_size=\u00bbfull\u00bb css=\u00bb\u00bb qode_css_animation=\u00bb\u00bb][\/vc_column_inner][\/vc_row_inner][vc_row_inner row_type=\u00bbrow\u00bb type=\u00bbgrid\u00bb text_align=\u00bbleft\u00bb css_animation=\u00bb\u00bb][vc_column_inner][vc_raw_html css=\u00bb\u00bb]JTNDZGl2JTIwY2xhc3MlM0QlMjJoZWFkZXJfbGV2ZWwyJTIyJTNFJTBBJTNDZGl2JTIwY2xhc3MlM0QlMjJ0b3BwZXIlMjIlM0VDb21wcmVuZGVyJTIweSUyMGF2YW56YXIlMjBlbiUyMGxhJTIwcmVhbGlkYWQlMjBkZWwlMjBzZXIlMjBodW1hbm8lMjBhJTIwdHJhdiVDMyVBOXMlMjBkZSUyMGFwbGljYWNpb25lcyUyMGRlJTIwc29mdHdhcmUlM0MlMkZkaXYlM0UlMEElM0NoMSUzRVZpc2klQzMlQjNuJTIwcG9yJTIwT3JkZW5hZG9yJTIweSUyMFJlYWxpZGFkJTIwRXh0ZW5kaWRhJTIwJTI4WFIlMjklM0MlMkZoMSUzRSUwQSUzQyUyRmRpdiUzRSUwQSUwQQ==[\/vc_raw_html][\/vc_column_inner][\/vc_row_inner][\/vc_column][\/vc_row][vc_row css_animation=\u00bb\u00bb row_type=\u00bbrow\u00bb use_row_as_full_screen_section=\u00bbno\u00bb type=\u00bbgrid\u00bb angled_section=\u00bbno\u00bb text_align=\u00bbleft\u00bb background_image_as_pattern=\u00bbwithout_pattern\u00bb z_index=\u00bb\u00bb css=\u00bb.vc_custom_1720967840398{background-color: #e8e0e0&#8230;<\/p>\n","protected":false},"author":3,"featured_media":0,"parent":30111,"menu_order":0,"comment_status":"closed","ping_status":"closed","template":"full_width.php","meta":{"_acf_changed":false,"inline_featured_image":false,"footnotes":""},"class_list":["post-31208","page","type-page","status-publish","hentry"],"acf":[],"yoast_head":"<!-- This site is optimized with the Yoast SEO plugin v27.2 - https:\/\/yoast.com\/product\/yoast-seo-wordpress\/ -->\n<title>Visi\u00f3n por Ordenador y XR &#060; XITASO<\/title>\n<meta name=\"description\" content=\"En XITASO, las personas est\u00e1n en el centro del software. Por eso el trabajo sea m\u00e1s eficiente, lo virtual tangible y lo complejo manejable.\" \/>\n<meta name=\"robots\" content=\"index, follow, max-snippet:-1, max-image-preview:large, max-video-preview:-1\" \/>\n<link rel=\"canonical\" href=\"https:\/\/xitaso.com\/es\/competencias\/vision-por-ordenador-y-xr\/\" \/>\n<meta property=\"og:locale\" content=\"es_ES\" \/>\n<meta property=\"og:type\" content=\"article\" \/>\n<meta property=\"og:title\" content=\"Visi\u00f3n por Ordenador y XR &#060; XITASO\" \/>\n<meta property=\"og:description\" content=\"En XITASO, las personas est\u00e1n en el centro del software. Por eso el trabajo sea m\u00e1s eficiente, lo virtual tangible y lo complejo manejable.\" \/>\n<meta property=\"og:url\" content=\"https:\/\/xitaso.com\/es\/competencias\/vision-por-ordenador-y-xr\/\" \/>\n<meta property=\"og:site_name\" content=\"XITASO\" \/>\n<meta property=\"article:publisher\" content=\"https:\/\/www.facebook.com\/XITASOGmbH\/\" \/>\n<meta property=\"article:modified_time\" content=\"2025-08-12T12:28:40+00:00\" \/>\n<meta name=\"twitter:card\" content=\"summary_large_image\" \/>\n<meta name=\"twitter:site\" content=\"@xitasogmbh\" \/>\n<meta name=\"twitter:label1\" content=\"Tiempo de lectura\" \/>\n\t<meta name=\"twitter:data1\" content=\"5 minutos\" \/>\n<script type=\"application\/ld+json\" class=\"yoast-schema-graph\">{\"@context\":\"https:\/\/schema.org\",\"@graph\":[{\"@type\":\"WebPage\",\"@id\":\"https:\/\/xitaso.com\/es\/competencias\/vision-por-ordenador-y-xr\/\",\"url\":\"https:\/\/xitaso.com\/es\/competencias\/vision-por-ordenador-y-xr\/\",\"name\":\"Visi\u00f3n por Ordenador y XR &#060; XITASO\",\"isPartOf\":{\"@id\":\"https:\/\/xitaso.com\/#website\"},\"datePublished\":\"2021-09-03T14:00:15+00:00\",\"dateModified\":\"2025-08-12T12:28:40+00:00\",\"description\":\"En XITASO, las personas est\u00e1n en el centro del software. Por eso el trabajo sea m\u00e1s eficiente, lo virtual tangible y lo complejo manejable.\",\"breadcrumb\":{\"@id\":\"https:\/\/xitaso.com\/es\/competencias\/vision-por-ordenador-y-xr\/#breadcrumb\"},\"inLanguage\":\"es\",\"potentialAction\":[{\"@type\":\"ReadAction\",\"target\":[\"https:\/\/xitaso.com\/es\/competencias\/vision-por-ordenador-y-xr\/\"]}]},{\"@type\":\"BreadcrumbList\",\"@id\":\"https:\/\/xitaso.com\/es\/competencias\/vision-por-ordenador-y-xr\/#breadcrumb\",\"itemListElement\":[{\"@type\":\"ListItem\",\"position\":1,\"name\":\"Startseite\",\"item\":\"https:\/\/xitaso.com\/es\/\"},{\"@type\":\"ListItem\",\"position\":2,\"name\":\"Competencias\",\"item\":\"https:\/\/xitaso.com\/es\/competencias\/\"},{\"@type\":\"ListItem\",\"position\":3,\"name\":\"Visi\u00f3n por Ordenador y XR\"}]},{\"@type\":\"WebSite\",\"@id\":\"https:\/\/xitaso.com\/#website\",\"url\":\"https:\/\/xitaso.com\/\",\"name\":\"XITASO\",\"description\":\"\",\"publisher\":{\"@id\":\"https:\/\/xitaso.com\/#organization\"},\"potentialAction\":[{\"@type\":\"SearchAction\",\"target\":{\"@type\":\"EntryPoint\",\"urlTemplate\":\"https:\/\/xitaso.com\/?s={search_term_string}\"},\"query-input\":{\"@type\":\"PropertyValueSpecification\",\"valueRequired\":true,\"valueName\":\"search_term_string\"}}],\"inLanguage\":\"es\"},{\"@type\":\"Organization\",\"@id\":\"https:\/\/xitaso.com\/#organization\",\"name\":\"XITASO GmbH\",\"url\":\"https:\/\/xitaso.com\/\",\"logo\":{\"@type\":\"ImageObject\",\"inLanguage\":\"es\",\"@id\":\"https:\/\/xitaso.com\/#\/schema\/logo\/image\/\",\"url\":\"https:\/\/xitaso.com\/wp-content\/uploads\/XITASO-Logo-quer.png\",\"contentUrl\":\"https:\/\/xitaso.com\/wp-content\/uploads\/XITASO-Logo-quer.png\",\"width\":1746,\"height\":438,\"caption\":\"XITASO GmbH\"},\"image\":{\"@id\":\"https:\/\/xitaso.com\/#\/schema\/logo\/image\/\"},\"sameAs\":[\"https:\/\/www.facebook.com\/XITASOGmbH\/\",\"https:\/\/x.com\/xitasogmbh\",\"https:\/\/www.linkedin.com\/organization-guest\/company\/xitasogmbh\",\"https:\/\/www.youtube.com\/channel\/UCQ4Qjq-Pr58NjGVLryNEuyA\"]}]}<\/script>\n<!-- \/ Yoast SEO plugin. -->","yoast_head_json":{"title":"Visi\u00f3n por Ordenador y XR &#060; XITASO","description":"En XITASO, las personas est\u00e1n en el centro del software. Por eso el trabajo sea m\u00e1s eficiente, lo virtual tangible y lo complejo manejable.","robots":{"index":"index","follow":"follow","max-snippet":"max-snippet:-1","max-image-preview":"max-image-preview:large","max-video-preview":"max-video-preview:-1"},"canonical":"https:\/\/xitaso.com\/es\/competencias\/vision-por-ordenador-y-xr\/","og_locale":"es_ES","og_type":"article","og_title":"Visi\u00f3n por Ordenador y XR &#060; XITASO","og_description":"En XITASO, las personas est\u00e1n en el centro del software. Por eso el trabajo sea m\u00e1s eficiente, lo virtual tangible y lo complejo manejable.","og_url":"https:\/\/xitaso.com\/es\/competencias\/vision-por-ordenador-y-xr\/","og_site_name":"XITASO","article_publisher":"https:\/\/www.facebook.com\/XITASOGmbH\/","article_modified_time":"2025-08-12T12:28:40+00:00","twitter_card":"summary_large_image","twitter_site":"@xitasogmbh","twitter_misc":{"Tiempo de lectura":"5 minutos"},"schema":{"@context":"https:\/\/schema.org","@graph":[{"@type":"WebPage","@id":"https:\/\/xitaso.com\/es\/competencias\/vision-por-ordenador-y-xr\/","url":"https:\/\/xitaso.com\/es\/competencias\/vision-por-ordenador-y-xr\/","name":"Visi\u00f3n por Ordenador y XR &#060; XITASO","isPartOf":{"@id":"https:\/\/xitaso.com\/#website"},"datePublished":"2021-09-03T14:00:15+00:00","dateModified":"2025-08-12T12:28:40+00:00","description":"En XITASO, las personas est\u00e1n en el centro del software. Por eso el trabajo sea m\u00e1s eficiente, lo virtual tangible y lo complejo manejable.","breadcrumb":{"@id":"https:\/\/xitaso.com\/es\/competencias\/vision-por-ordenador-y-xr\/#breadcrumb"},"inLanguage":"es","potentialAction":[{"@type":"ReadAction","target":["https:\/\/xitaso.com\/es\/competencias\/vision-por-ordenador-y-xr\/"]}]},{"@type":"BreadcrumbList","@id":"https:\/\/xitaso.com\/es\/competencias\/vision-por-ordenador-y-xr\/#breadcrumb","itemListElement":[{"@type":"ListItem","position":1,"name":"Startseite","item":"https:\/\/xitaso.com\/es\/"},{"@type":"ListItem","position":2,"name":"Competencias","item":"https:\/\/xitaso.com\/es\/competencias\/"},{"@type":"ListItem","position":3,"name":"Visi\u00f3n por Ordenador y XR"}]},{"@type":"WebSite","@id":"https:\/\/xitaso.com\/#website","url":"https:\/\/xitaso.com\/","name":"XITASO","description":"","publisher":{"@id":"https:\/\/xitaso.com\/#organization"},"potentialAction":[{"@type":"SearchAction","target":{"@type":"EntryPoint","urlTemplate":"https:\/\/xitaso.com\/?s={search_term_string}"},"query-input":{"@type":"PropertyValueSpecification","valueRequired":true,"valueName":"search_term_string"}}],"inLanguage":"es"},{"@type":"Organization","@id":"https:\/\/xitaso.com\/#organization","name":"XITASO GmbH","url":"https:\/\/xitaso.com\/","logo":{"@type":"ImageObject","inLanguage":"es","@id":"https:\/\/xitaso.com\/#\/schema\/logo\/image\/","url":"https:\/\/xitaso.com\/wp-content\/uploads\/XITASO-Logo-quer.png","contentUrl":"https:\/\/xitaso.com\/wp-content\/uploads\/XITASO-Logo-quer.png","width":1746,"height":438,"caption":"XITASO GmbH"},"image":{"@id":"https:\/\/xitaso.com\/#\/schema\/logo\/image\/"},"sameAs":["https:\/\/www.facebook.com\/XITASOGmbH\/","https:\/\/x.com\/xitasogmbh","https:\/\/www.linkedin.com\/organization-guest\/company\/xitasogmbh","https:\/\/www.youtube.com\/channel\/UCQ4Qjq-Pr58NjGVLryNEuyA"]}]}},"_links":{"self":[{"href":"https:\/\/xitaso.com\/es\/wp-json\/wp\/v2\/pages\/31208","targetHints":{"allow":["GET"]}}],"collection":[{"href":"https:\/\/xitaso.com\/es\/wp-json\/wp\/v2\/pages"}],"about":[{"href":"https:\/\/xitaso.com\/es\/wp-json\/wp\/v2\/types\/page"}],"author":[{"embeddable":true,"href":"https:\/\/xitaso.com\/es\/wp-json\/wp\/v2\/users\/3"}],"replies":[{"embeddable":true,"href":"https:\/\/xitaso.com\/es\/wp-json\/wp\/v2\/comments?post=31208"}],"version-history":[{"count":0,"href":"https:\/\/xitaso.com\/es\/wp-json\/wp\/v2\/pages\/31208\/revisions"}],"up":[{"embeddable":true,"href":"https:\/\/xitaso.com\/es\/wp-json\/wp\/v2\/pages\/30111"}],"wp:attachment":[{"href":"https:\/\/xitaso.com\/es\/wp-json\/wp\/v2\/media?parent=31208"}],"curies":[{"name":"wp","href":"https:\/\/api.w.org\/{rel}","templated":true}]}}