{"id":31040,"date":"2021-09-03T14:02:53","date_gmt":"2021-09-03T12:02:53","guid":{"rendered":"https:\/\/xitaso.com\/?page_id=31040"},"modified":"2025-01-17T12:48:49","modified_gmt":"2025-01-17T11:48:49","slug":"red-empresarial","status":"publish","type":"page","link":"https:\/\/xitaso.com\/es\/compania\/red-empresarial\/","title":{"rendered":"XITASO en la red empresarial"},"content":{"rendered":"<div class=\"wpb-content-wrapper\"><p>[vc_row css_animation=\u00bb\u00bb row_type=\u00bbrow\u00bb use_row_as_full_screen_section=\u00bbno\u00bb type=\u00bbfull_width\u00bb angled_section=\u00bbno\u00bb text_align=\u00bbleft\u00bb background_image_as_pattern=\u00bbwithout_pattern\u00bb z_index=\u00bb\u00bb el_class=\u00bbheader_level2_container\u00bb][vc_column][vc_row_inner row_type=\u00bbrow\u00bb type=\u00bbfull_width\u00bb text_align=\u00bbleft\u00bb css_animation=\u00bb\u00bb css=\u00bb.vc_custom_1719574709154{background-image: url(https:\/\/xitaso.com\/wp-content\/uploads\/Header_XITASO_Hub.jpg?id=13003) !important;}\u00bb][vc_column_inner offset=\u00bbvc_hidden-xs\u00bb][vc_empty_space height=\u00bb350&#8243;][\/vc_column_inner][\/vc_row_inner][vc_row_inner row_type=\u00bbrow\u00bb type=\u00bbfull_width\u00bb text_align=\u00bbleft\u00bb css_animation=\u00bb\u00bb][vc_column_inner offset=\u00bbvc_hidden-lg vc_hidden-md vc_hidden-sm\u00bb][vc_single_image image=\u00bb18814&#8243; img_size=\u00bbfull\u00bb css=\u00bb\u00bb qode_css_animation=\u00bb\u00bb][\/vc_column_inner][\/vc_row_inner][vc_row_inner row_type=\u00bbrow\u00bb type=\u00bbgrid\u00bb text_align=\u00bbleft\u00bb css_animation=\u00bb\u00bb][vc_column_inner][vc_raw_html css=\u00bb\u00bb]JTNDZGl2JTIwY2xhc3MlM0QlMjJoZWFkZXJfbGV2ZWwyJTIyJTNFJTBBJTNDZGl2JTIwY2xhc3MlM0QlMjJ0b3BwZXIlMjIlM0VTb2Npb3MlMjBzJUMzJUIzbGlkb3MlMjBjb24lMjBhbXBsaWFzJTIwZSUyMGltcG9ydGFudGVzJTIwY29tcGV0ZW5jaWFzJTIwZW4lMjBtYXRlcmlhJTIwZGUlMjBkaWdpdGFsaXphY2klQzMlQjNuJTIwcGFyYSUyMHByZXNlbnRhciUyMGxhJTIwb2ZlcnRhJTIwbSVDMyVBMXMlMjBhZGVjdWFkYSUyMGElMjBudWVzdHJvcyUyMGNsaWVudGVzLiUzQyUyRmRpdiUzRSUwQSUzQ2gxJTNFWElUQVNPJTIwZW4lMjBsYSUyMFJlZCUyMEVtcHJlc2FyaWFsJTNDJTJGaDElM0UlMEElM0MlMkZkaXYlM0UlMEElMEE=[\/vc_raw_html][\/vc_column_inner][\/vc_row_inner][\/vc_column][\/vc_row][vc_row css_animation=\u00bb\u00bb row_type=\u00bbrow\u00bb use_row_as_full_screen_section=\u00bbno\u00bb type=\u00bbfull_width\u00bb angled_section=\u00bbno\u00bb text_align=\u00bbleft\u00bb background_image_as_pattern=\u00bbwithout_pattern\u00bb css=\u00bb.vc_custom_1719574898452{background-color: #e8e0e0 !important;}\u00bb z_index=\u00bb\u00bb][vc_column el_class=\u00bbpadding-top-30-bottom-45&#8243;][vc_row_inner row_type=\u00bbrow\u00bb type=\u00bbgrid\u00bb text_align=\u00bbleft\u00bb css_animation=\u00bb\u00bb][vc_column_inner width=\u00bb2\/3&#8243;][vc_column_text]Los servicios de digitalizaci\u00f3n personalizados son la actividad principal de XITASO GmbH IT &amp; Software Solutions. Los dos propietarios, Martin y Ulrich Huggenberger, son dos empresarios apasionados que tambi\u00e9n trabajan de forma incansable dentro de XITASO Holding para fundar y crear m\u00e1s empresas y \u00e1reas de negocio. De este modo, junto con diversos socios, est\u00e1n teniendo cada vez m\u00e1s \u00e9xito a la hora de apoyar a los clientes en todos los aspectos de la digitalizaci\u00f3n.[\/vc_column_text][\/vc_column_inner][vc_column_inner width=\u00bb1\/3&#8243;][\/vc_column_inner][\/vc_row_inner][\/vc_column][\/vc_row][vc_row css_animation=\u00bb\u00bb row_type=\u00bbrow\u00bb use_row_as_full_screen_section=\u00bbno\u00bb type=\u00bbfull_width\u00bb angled_section=\u00bbno\u00bb text_align=\u00bbleft\u00bb background_image_as_pattern=\u00bbwithout_pattern\u00bb][vc_column][vc_empty_space height=\u00bb20px\u00bb el_class=\u00bbnot-on-mobile\u00bb][\/vc_column][\/vc_row][vc_row css_animation=\u00bb\u00bb row_type=\u00bbrow\u00bb use_row_as_full_screen_section=\u00bbno\u00bb type=\u00bbfull_width\u00bb angled_section=\u00bbno\u00bb text_align=\u00bbleft\u00bb background_image_as_pattern=\u00bbwithout_pattern\u00bb z_index=\u00bb\u00bb el_class=\u00bbtext-left-75-image-right-25&#8243;][vc_column][vc_row_inner row_type=\u00bbrow\u00bb type=\u00bbgrid\u00bb text_align=\u00bbleft\u00bb css_animation=\u00bb\u00bb][vc_column_inner width=\u00bb1\/4&#8243;][\/vc_column_inner][\/vc_row_inner][vc_row_inner row_type=\u00bbrow\u00bb type=\u00bbgrid\u00bb text_align=\u00bbleft\u00bb css_animation=\u00bb\u00bb][vc_column_inner width=\u00bb3\/4&#8243;][vc_column_text]<\/p>\n<div>XITASO Holding es socio fundador de la boutique de asesoramiento sobre estrategias <strong>Vindelici Advisors. <\/strong>Esta empresa consultora en materia de estrategias est\u00e1 creciendo r\u00e1pidamente y se dedica a dise\u00f1ar transformaciones complejas centr\u00e1ndose ante todo en las personas. En su calidad de socio de gran responsabilidad, Vindelici se ha impuesto como m\u00e1xima prioridad el desarrollo sostenible, econ\u00f3mico y tecnol\u00f3gico de sus clientes.<\/div>\n<p><a class=\"mitPfeil\" href=\"http:\/\/www.vindelici.com\" target=\"_blank\" rel=\"noopener noreferrer\">www.vindelici.com<\/a>[\/vc_column_text][\/vc_column_inner][vc_column_inner width=\u00bb1\/4&#8243;][vc_empty_space height=\u00bb20px\u00bb el_class=\u00bbonly-on-mobile\u00bb][vc_single_image image=\u00bb19421&#8243; img_size=\u00bbfull\u00bb onclick=\u00bbcustom_link\u00bb img_link_target=\u00bb_blank\u00bb css=\u00bb.vc_custom_1598443938343{padding-right: 5% !important;padding-left: 5% !important;}\u00bb qode_css_animation=\u00bb\u00bb link=\u00bbhttp:\/\/vindelici.com\u00bb][vc_empty_space height=\u00bb20px\u00bb][\/vc_column_inner][\/vc_row_inner][vc_row_inner row_type=\u00bbrow\u00bb type=\u00bbgrid\u00bb text_align=\u00bbleft\u00bb css_animation=\u00bb\u00bb][vc_column_inner width=\u00bb3\/4&#8243;][vc_empty_space height=\u00bb50px\u00bb][\/vc_column_inner][vc_column_inner width=\u00bb1\/4&#8243;][\/vc_column_inner][\/vc_row_inner][vc_row_inner row_type=\u00bbrow\u00bb type=\u00bbgrid\u00bb text_align=\u00bbleft\u00bb css_animation=\u00bb\u00bb][vc_column_inner width=\u00bb3\/4&#8243;][vc_column_text css=\u00bb\u00bb]<\/p>\n<div>PLANFOX Digital Health GmbH es la divisi\u00f3n sanitaria de XITASO. Como filial de XITASO Holding, PLANFOX est\u00e1 especializada en productos de software para la transformaci\u00f3n digital sostenible del sector sanitario. La cartera de servicios incluye portales de pacientes, soluciones de comunicaci\u00f3n y plataformas de telemedicina. Los productos de sanidad electr\u00f3nica de PLANFOX son utilizados por numerosas cl\u00ednicas, hospitales y cl\u00ednicas universitarias.<\/div>\n<p><a class=\"mitPfeil\" href=\"http:\/\/www.planfox.io\" target=\"_blank\" rel=\"noopener noreferrer\">www.planfox.io<\/a>[\/vc_column_text][\/vc_column_inner][vc_column_inner width=\u00bb1\/4&#8243;][vc_empty_space height=\u00bb20px\u00bb el_class=\u00bbonly-on-mobile\u00bb][vc_single_image image=\u00bb27801&#8243; img_size=\u00bbfull\u00bb onclick=\u00bbcustom_link\u00bb img_link_target=\u00bb_blank\u00bb css=\u00bb.vc_custom_1737114528089{padding-right: 5% !important;padding-left: 5% !important;}\u00bb qode_css_animation=\u00bb\u00bb link=\u00bbhttp:\/\/www.planfox.io\u00bb][vc_empty_space height=\u00bb20px\u00bb][\/vc_column_inner][\/vc_row_inner][\/vc_column][\/vc_row][vc_row css_animation=\u00bb\u00bb row_type=\u00bbrow\u00bb use_row_as_full_screen_section=\u00bbno\u00bb type=\u00bbfull_width\u00bb angled_section=\u00bbno\u00bb text_align=\u00bbleft\u00bb background_image_as_pattern=\u00bbwithout_pattern\u00bb][vc_column][vc_empty_space height=\u00bb50px\u00bb][\/vc_column][\/vc_row]<\/p>\n<\/div>","protected":false},"excerpt":{"rendered":"<p>[vc_row css_animation=\u00bb\u00bb row_type=\u00bbrow\u00bb use_row_as_full_screen_section=\u00bbno\u00bb type=\u00bbfull_width\u00bb angled_section=\u00bbno\u00bb text_align=\u00bbleft\u00bb background_image_as_pattern=\u00bbwithout_pattern\u00bb z_index=\u00bb\u00bb el_class=\u00bbheader_level2_container\u00bb][vc_column][vc_row_inner row_type=\u00bbrow\u00bb type=\u00bbfull_width\u00bb text_align=\u00bbleft\u00bb css_animation=\u00bb\u00bb css=\u00bb.vc_custom_1719574709154{background-image: url(https:\/\/xitaso.com\/wp-content\/uploads\/Header_XITASO_Hub.jpg?id=13003) !important;}\u00bb][vc_column_inner offset=\u00bbvc_hidden-xs\u00bb][vc_empty_space height=\u00bb350&#8243;][\/vc_column_inner][\/vc_row_inner][vc_row_inner row_type=\u00bbrow\u00bb type=\u00bbfull_width\u00bb text_align=\u00bbleft\u00bb css_animation=\u00bb\u00bb][vc_column_inner offset=\u00bbvc_hidden-lg vc_hidden-md vc_hidden-sm\u00bb][vc_single_image image=\u00bb18814&#8243; img_size=\u00bbfull\u00bb css=\u00bb\u00bb qode_css_animation=\u00bb\u00bb][\/vc_column_inner][\/vc_row_inner][vc_row_inner row_type=\u00bbrow\u00bb type=\u00bbgrid\u00bb text_align=\u00bbleft\u00bb css_animation=\u00bb\u00bb][vc_column_inner][vc_raw_html css=\u00bb\u00bb]JTNDZGl2JTIwY2xhc3MlM0QlMjJoZWFkZXJfbGV2ZWwyJTIyJTNFJTBBJTNDZGl2JTIwY2xhc3MlM0QlMjJ0b3BwZXIlMjIlM0VTb2Npb3MlMjBzJUMzJUIzbGlkb3MlMjBjb24lMjBhbXBsaWFzJTIwZSUyMGltcG9ydGFudGVzJTIwY29tcGV0ZW5jaWFzJTIwZW4lMjBtYXRlcmlhJTIwZGUlMjBkaWdpdGFsaXphY2klQzMlQjNuJTIwcGFyYSUyMHByZXNlbnRhciUyMGxhJTIwb2ZlcnRhJTIwbSVDMyVBMXMlMjBhZGVjdWFkYSUyMGElMjBudWVzdHJvcyUyMGNsaWVudGVzLiUzQyUyRmRpdiUzRSUwQSUzQ2gxJTNFWElUQVNPJTIwZW4lMjBsYSUyMFJlZCUyMEVtcHJlc2FyaWFsJTNDJTJGaDElM0UlMEElM0MlMkZkaXYlM0UlMEElMEE=[\/vc_raw_html][\/vc_column_inner][\/vc_row_inner][\/vc_column][\/vc_row][vc_row css_animation=\u00bb\u00bb row_type=\u00bbrow\u00bb use_row_as_full_screen_section=\u00bbno\u00bb type=\u00bbfull_width\u00bb angled_section=\u00bbno\u00bb text_align=\u00bbleft\u00bb background_image_as_pattern=\u00bbwithout_pattern\u00bb css=\u00bb.vc_custom_1719574898452{background-color: #e8e0e0 !important;}\u00bb&#8230;<\/p>\n","protected":false},"author":3,"featured_media":0,"parent":30200,"menu_order":0,"comment_status":"closed","ping_status":"closed","template":"full_width.php","meta":{"_acf_changed":false,"inline_featured_image":false,"footnotes":""},"class_list":["post-31040","page","type-page","status-publish","hentry"],"acf":[],"yoast_head":"<!-- This site is optimized with the Yoast SEO plugin v27.3 - https:\/\/yoast.com\/product\/yoast-seo-wordpress\/ -->\n<title>XITASO en la red empresarial &#060; XITASO<\/title>\n<meta name=\"description\" content=\"A trav\u00e9s de la cooperaci\u00f3n con varios socios, XITASO siempre tiene la oferta adecuada para clientes, en todas las facetas de la digitalizaci\u00f3n\" \/>\n<meta name=\"robots\" content=\"index, follow, max-snippet:-1, max-image-preview:large, max-video-preview:-1\" \/>\n<link rel=\"canonical\" href=\"https:\/\/xitaso.com\/es\/compania\/red-empresarial\/\" \/>\n<meta property=\"og:locale\" content=\"es_ES\" \/>\n<meta property=\"og:type\" content=\"article\" \/>\n<meta property=\"og:title\" content=\"XITASO en la red empresarial &#060; XITASO\" \/>\n<meta property=\"og:description\" content=\"A trav\u00e9s de la cooperaci\u00f3n con varios socios, XITASO siempre tiene la oferta adecuada para clientes, en todas las facetas de la digitalizaci\u00f3n\" \/>\n<meta property=\"og:url\" content=\"https:\/\/xitaso.com\/es\/compania\/red-empresarial\/\" \/>\n<meta property=\"og:site_name\" content=\"XITASO\" \/>\n<meta property=\"article:publisher\" content=\"https:\/\/www.facebook.com\/XITASOGmbH\/\" \/>\n<meta property=\"article:modified_time\" content=\"2025-01-17T11:48:49+00:00\" \/>\n<meta name=\"twitter:card\" content=\"summary_large_image\" \/>\n<meta name=\"twitter:site\" content=\"@xitasogmbh\" \/>\n<meta name=\"twitter:label1\" content=\"Tiempo de lectura\" \/>\n\t<meta name=\"twitter:data1\" content=\"3 minutos\" \/>\n<script type=\"application\/ld+json\" class=\"yoast-schema-graph\">{\"@context\":\"https:\\\/\\\/schema.org\",\"@graph\":[{\"@type\":\"WebPage\",\"@id\":\"https:\\\/\\\/xitaso.com\\\/es\\\/compania\\\/red-empresarial\\\/\",\"url\":\"https:\\\/\\\/xitaso.com\\\/es\\\/compania\\\/red-empresarial\\\/\",\"name\":\"XITASO en la red empresarial &#060; XITASO\",\"isPartOf\":{\"@id\":\"https:\\\/\\\/xitaso.com\\\/#website\"},\"datePublished\":\"2021-09-03T12:02:53+00:00\",\"dateModified\":\"2025-01-17T11:48:49+00:00\",\"description\":\"A trav\u00e9s de la cooperaci\u00f3n con varios socios, XITASO siempre tiene la oferta adecuada para clientes, en todas las facetas de la digitalizaci\u00f3n\",\"breadcrumb\":{\"@id\":\"https:\\\/\\\/xitaso.com\\\/es\\\/compania\\\/red-empresarial\\\/#breadcrumb\"},\"inLanguage\":\"es\",\"potentialAction\":[{\"@type\":\"ReadAction\",\"target\":[\"https:\\\/\\\/xitaso.com\\\/es\\\/compania\\\/red-empresarial\\\/\"]}]},{\"@type\":\"BreadcrumbList\",\"@id\":\"https:\\\/\\\/xitaso.com\\\/es\\\/compania\\\/red-empresarial\\\/#breadcrumb\",\"itemListElement\":[{\"@type\":\"ListItem\",\"position\":1,\"name\":\"Startseite\",\"item\":\"https:\\\/\\\/xitaso.com\\\/es\\\/\"},{\"@type\":\"ListItem\",\"position\":2,\"name\":\"Compania\",\"item\":\"https:\\\/\\\/xitaso.com\\\/es\\\/compania\\\/\"},{\"@type\":\"ListItem\",\"position\":3,\"name\":\"XITASO en la red empresarial\"}]},{\"@type\":\"WebSite\",\"@id\":\"https:\\\/\\\/xitaso.com\\\/#website\",\"url\":\"https:\\\/\\\/xitaso.com\\\/\",\"name\":\"XITASO\",\"description\":\"\",\"publisher\":{\"@id\":\"https:\\\/\\\/xitaso.com\\\/#organization\"},\"potentialAction\":[{\"@type\":\"SearchAction\",\"target\":{\"@type\":\"EntryPoint\",\"urlTemplate\":\"https:\\\/\\\/xitaso.com\\\/?s={search_term_string}\"},\"query-input\":{\"@type\":\"PropertyValueSpecification\",\"valueRequired\":true,\"valueName\":\"search_term_string\"}}],\"inLanguage\":\"es\"},{\"@type\":\"Organization\",\"@id\":\"https:\\\/\\\/xitaso.com\\\/#organization\",\"name\":\"XITASO GmbH\",\"url\":\"https:\\\/\\\/xitaso.com\\\/\",\"logo\":{\"@type\":\"ImageObject\",\"inLanguage\":\"es\",\"@id\":\"https:\\\/\\\/xitaso.com\\\/#\\\/schema\\\/logo\\\/image\\\/\",\"url\":\"https:\\\/\\\/xitaso.com\\\/wp-content\\\/uploads\\\/XITASO-Logo-quer.png\",\"contentUrl\":\"https:\\\/\\\/xitaso.com\\\/wp-content\\\/uploads\\\/XITASO-Logo-quer.png\",\"width\":1746,\"height\":438,\"caption\":\"XITASO GmbH\"},\"image\":{\"@id\":\"https:\\\/\\\/xitaso.com\\\/#\\\/schema\\\/logo\\\/image\\\/\"},\"sameAs\":[\"https:\\\/\\\/www.facebook.com\\\/XITASOGmbH\\\/\",\"https:\\\/\\\/x.com\\\/xitasogmbh\",\"https:\\\/\\\/www.linkedin.com\\\/organization-guest\\\/company\\\/xitasogmbh\",\"https:\\\/\\\/www.youtube.com\\\/channel\\\/UCQ4Qjq-Pr58NjGVLryNEuyA\"]}]}<\/script>\n<!-- \/ Yoast SEO plugin. -->","yoast_head_json":{"title":"XITASO en la red empresarial &#060; XITASO","description":"A trav\u00e9s de la cooperaci\u00f3n con varios socios, XITASO siempre tiene la oferta adecuada para clientes, en todas las facetas de la digitalizaci\u00f3n","robots":{"index":"index","follow":"follow","max-snippet":"max-snippet:-1","max-image-preview":"max-image-preview:large","max-video-preview":"max-video-preview:-1"},"canonical":"https:\/\/xitaso.com\/es\/compania\/red-empresarial\/","og_locale":"es_ES","og_type":"article","og_title":"XITASO en la red empresarial &#060; XITASO","og_description":"A trav\u00e9s de la cooperaci\u00f3n con varios socios, XITASO siempre tiene la oferta adecuada para clientes, en todas las facetas de la digitalizaci\u00f3n","og_url":"https:\/\/xitaso.com\/es\/compania\/red-empresarial\/","og_site_name":"XITASO","article_publisher":"https:\/\/www.facebook.com\/XITASOGmbH\/","article_modified_time":"2025-01-17T11:48:49+00:00","twitter_card":"summary_large_image","twitter_site":"@xitasogmbh","twitter_misc":{"Tiempo de lectura":"3 minutos"},"schema":{"@context":"https:\/\/schema.org","@graph":[{"@type":"WebPage","@id":"https:\/\/xitaso.com\/es\/compania\/red-empresarial\/","url":"https:\/\/xitaso.com\/es\/compania\/red-empresarial\/","name":"XITASO en la red empresarial &#060; XITASO","isPartOf":{"@id":"https:\/\/xitaso.com\/#website"},"datePublished":"2021-09-03T12:02:53+00:00","dateModified":"2025-01-17T11:48:49+00:00","description":"A trav\u00e9s de la cooperaci\u00f3n con varios socios, XITASO siempre tiene la oferta adecuada para clientes, en todas las facetas de la digitalizaci\u00f3n","breadcrumb":{"@id":"https:\/\/xitaso.com\/es\/compania\/red-empresarial\/#breadcrumb"},"inLanguage":"es","potentialAction":[{"@type":"ReadAction","target":["https:\/\/xitaso.com\/es\/compania\/red-empresarial\/"]}]},{"@type":"BreadcrumbList","@id":"https:\/\/xitaso.com\/es\/compania\/red-empresarial\/#breadcrumb","itemListElement":[{"@type":"ListItem","position":1,"name":"Startseite","item":"https:\/\/xitaso.com\/es\/"},{"@type":"ListItem","position":2,"name":"Compania","item":"https:\/\/xitaso.com\/es\/compania\/"},{"@type":"ListItem","position":3,"name":"XITASO en la red empresarial"}]},{"@type":"WebSite","@id":"https:\/\/xitaso.com\/#website","url":"https:\/\/xitaso.com\/","name":"XITASO","description":"","publisher":{"@id":"https:\/\/xitaso.com\/#organization"},"potentialAction":[{"@type":"SearchAction","target":{"@type":"EntryPoint","urlTemplate":"https:\/\/xitaso.com\/?s={search_term_string}"},"query-input":{"@type":"PropertyValueSpecification","valueRequired":true,"valueName":"search_term_string"}}],"inLanguage":"es"},{"@type":"Organization","@id":"https:\/\/xitaso.com\/#organization","name":"XITASO GmbH","url":"https:\/\/xitaso.com\/","logo":{"@type":"ImageObject","inLanguage":"es","@id":"https:\/\/xitaso.com\/#\/schema\/logo\/image\/","url":"https:\/\/xitaso.com\/wp-content\/uploads\/XITASO-Logo-quer.png","contentUrl":"https:\/\/xitaso.com\/wp-content\/uploads\/XITASO-Logo-quer.png","width":1746,"height":438,"caption":"XITASO GmbH"},"image":{"@id":"https:\/\/xitaso.com\/#\/schema\/logo\/image\/"},"sameAs":["https:\/\/www.facebook.com\/XITASOGmbH\/","https:\/\/x.com\/xitasogmbh","https:\/\/www.linkedin.com\/organization-guest\/company\/xitasogmbh","https:\/\/www.youtube.com\/channel\/UCQ4Qjq-Pr58NjGVLryNEuyA"]}]}},"_links":{"self":[{"href":"https:\/\/xitaso.com\/es\/wp-json\/wp\/v2\/pages\/31040","targetHints":{"allow":["GET"]}}],"collection":[{"href":"https:\/\/xitaso.com\/es\/wp-json\/wp\/v2\/pages"}],"about":[{"href":"https:\/\/xitaso.com\/es\/wp-json\/wp\/v2\/types\/page"}],"author":[{"embeddable":true,"href":"https:\/\/xitaso.com\/es\/wp-json\/wp\/v2\/users\/3"}],"replies":[{"embeddable":true,"href":"https:\/\/xitaso.com\/es\/wp-json\/wp\/v2\/comments?post=31040"}],"version-history":[{"count":0,"href":"https:\/\/xitaso.com\/es\/wp-json\/wp\/v2\/pages\/31040\/revisions"}],"up":[{"embeddable":true,"href":"https:\/\/xitaso.com\/es\/wp-json\/wp\/v2\/pages\/30200"}],"wp:attachment":[{"href":"https:\/\/xitaso.com\/es\/wp-json\/wp\/v2\/media?parent=31040"}],"curies":[{"name":"wp","href":"https:\/\/api.w.org\/{rel}","templated":true}]}}