{"id":30782,"date":"2021-08-27T15:20:41","date_gmt":"2021-08-27T13:20:41","guid":{"rendered":"https:\/\/xitaso.com\/?page_id=30782"},"modified":"2023-05-30T14:43:33","modified_gmt":"2023-05-30T12:43:33","slug":"product-owner","status":"publish","type":"page","link":"https:\/\/xitaso.com\/es\/carrera\/ofertas-de-empleo\/product-owner\/","title":{"rendered":"Product Owner"},"content":{"rendered":"<div class=\"wpb-content-wrapper\"><p>[vc_row css_animation=\u00bb\u00bb row_type=\u00bbrow\u00bb use_row_as_full_screen_section=\u00bbno\u00bb type=\u00bbfull_width\u00bb angled_section=\u00bbno\u00bb text_align=\u00bbleft\u00bb background_image_as_pattern=\u00bbwithout_pattern\u00bb z_index=\u00bb\u00bb][vc_column width=\u00bb1\/2&#8243;][vc_row_inner row_type=\u00bbrow\u00bb type=\u00bbfull_width\u00bb text_align=\u00bbleft\u00bb css_animation=\u00bb\u00bb el_class=\u00bbjobs-red-container\u00bb][vc_column_inner width=\u00bb1\/6&#8243;][\/vc_column_inner][vc_column_inner width=\u00bb5\/6&#8243; css=\u00bb.vc_custom_1593589608424{background-color: #7a212e !important;}\u00bb][vc_empty_space height=\u00bb40&#8243;][vc_column_text]La pr\u00f3xima visi\u00f3n de producto ya te est\u00e1 esperando[\/vc_column_text][vc_empty_space height=\u00bb40&#8243;][\/vc_column_inner][\/vc_row_inner][\/vc_column][vc_column width=\u00bb1\/2&#8243;][vc_single_image image=\u00bb30439&#8243; img_size=\u00bbfull\u00bb qode_css_animation=\u00bb\u00bb][\/vc_column][\/vc_row][vc_row css_animation=\u00bb\u00bb row_type=\u00bbrow\u00bb use_row_as_full_screen_section=\u00bbno\u00bb type=\u00bbfull_width\u00bb angled_section=\u00bbno\u00bb text_align=\u00bbleft\u00bb background_image_as_pattern=\u00bbwithout_pattern\u00bb][vc_column][vc_row_inner row_type=\u00bbrow\u00bb type=\u00bbgrid\u00bb text_align=\u00bbleft\u00bb css_animation=\u00bb\u00bb][vc_column_inner width=\u00bb4\/5&#8243;][vc_empty_space height=\u00bb80px\u00bb][vc_column_text]<\/p>\n<div class=\"subheadline\" style=\"text-align: left;\">Jornada completa \/ parcial<\/div>\n<h1 style=\"text-align: left;\">Product Owner (h\/m\/d)<\/h1>\n<p>[\/vc_column_text][vc_empty_space height=\u00bb15px\u00bb][vc_raw_html]JTNDc3BhbiUyMGNsYXNzJTNEJTIyc3RhbmRvcnRlJTIyJTNFQXVnc2J1cmdvJTNDJTJGc3BhbiUzRSUwQSUzQ3NwYW4lMjBjbGFzcyUzRCUyMnN0YW5kb3J0ZSUyMiUzRUJlcmxpbiUzQyUyRnNwYW4lM0UlMEElM0NzcGFuJTIwY2xhc3MlM0QlMjJzdGFuZG9ydGUlMjIlM0VFcmxhbmdlbiUzQyUyRnNwYW4lM0UlMEElM0NzcGFuJTIwY2xhc3MlM0QlMjJzdGFuZG9ydGUlMjIlM0VJbmdvbHN0YWR0JTNDJTJGc3BhbiUzRSUwQSUzQ3NwYW4lMjBjbGFzcyUzRCUyMnN0YW5kb3J0ZSUyMiUzRUthcmxzcnVoZSUzQyUyRnNwYW4lM0UlMEElM0NzcGFuJTIwY2xhc3MlM0QlMjJzdGFuZG9ydGUlMjIlM0VLcnVtYmFjaCUzQyUyRnNwYW4lM0UlMEElM0NzcGFuJTIwY2xhc3MlM0QlMjJzdGFuZG9ydGUlMjIlM0VMZWlwemlnJTNDJTJGc3BhbiUzRSUwQSUzQ3NwYW4lMjBjbGFzcyUzRCUyMnN0YW5kb3J0ZSUyMiUzRU1hZHJpZCUzQyUyRnNwYW4lM0UlMEElM0NzcGFuJTIwY2xhc3MlM0QlMjJzdGFuZG9ydGUlMjIlM0VNJUMzJUJDbmNoZW4lM0MlMkZzcGFuJTNFJTBBJTNDc3BhbiUyMGNsYXNzJTNEJTIyc3RhbmRvcnRlJTIyJTNFTSVDMyVCQ25zdGVyJTNDJTJGc3BhbiUzRQ==[\/vc_raw_html][\/vc_column_inner][vc_column_inner width=\u00bb1\/5&#8243;][vc_empty_space height=\u00bb20px\u00bb][vc_empty_space height=\u00bb60px\u00bb el_class=\u00bbnot-on-mobile\u00bb][vc_column_text]<\/p>\n<p style=\"text-align: right;\"><a class=\"mitPfeilzurueck\" style=\"text-decoration: none;\" href=\"\/es\/carrera\/ofertas-de-empleo\/\">\u00a0<\/a><a href=\"\/es\/carrera\/ofertas-de-empleo\/\">Volver a la visi\u00f3n global<\/a><\/p>\n<p>[\/vc_column_text][\/vc_column_inner][\/vc_row_inner][vc_empty_space height=\u00bb40&#8243; el_class=\u00bbnot-on-mobile\u00bb][vc_empty_space height=\u00bb30&#8243;][\/vc_column][\/vc_row][vc_row css_animation=\u00bb\u00bb row_type=\u00bbrow\u00bb use_row_as_full_screen_section=\u00bbno\u00bb type=\u00bbfull_width\u00bb angled_section=\u00bbno\u00bb text_align=\u00bbleft\u00bb background_image_as_pattern=\u00bbwithout_pattern\u00bb z_index=\u00bb\u00bb el_class=\u00bbtwo-column-chevron-lists\u00bb][vc_column][vc_row_inner row_type=\u00bbrow\u00bb type=\u00bbgrid\u00bb text_align=\u00bbleft\u00bb css_animation=\u00bb\u00bb][vc_column_inner width=\u00bb1\/2&#8243;][vc_column_text css=\u00bb.vc_custom_1631871763608{background-color: #e9ebee !important;}\u00bb]<\/p>\n<h2>Te interesan estas tareas<\/h2>\n<div class=\"wpb_wrapper\">\n<ul class=\"chevron\">\n<li>En estrecha colaboraci\u00f3n con nuestros clientes, dise\u00f1as la visi\u00f3n del producto y la estrategia de desarrollo para aplicaciones de <strong>software individuales y complejas<\/strong>.<\/li>\n<li>Conceptualizas <strong>workshops de Requirements Engineering<\/strong> en colaboraci\u00f3n con las partes interesadas de nuestros clientes.<\/li>\n<li>Junto con nuestros UI\/UX Experts y Software Architects, desarrollas<strong> conceptos y estrategias para la puesta en marcha<\/strong> del software.<\/li>\n<li>Para la <strong>gesti\u00f3n de requisitos<\/strong>, escribes User Stories y las mantienes en el Product Backlog.<\/li>\n<li>Llevas un control del <strong>progreso del proyecto y de la carga de trabajo<\/strong> del equipo, e informas debidamente de ello.<\/li>\n<li>Vives con nosotros el desarrollo \u00e1gil de software en las <strong> Daily Stand-ups<\/strong>, las <strong>Reviews<\/strong> con los clientes y las <strong>retrospectivas<\/strong> con el apoyo de nuestros <strong>Agile Coaches<\/strong>.<\/li>\n<\/ul>\n<\/div>\n<p>[\/vc_column_text][\/vc_column_inner][vc_column_inner width=\u00bb1\/2&#8243;][vc_column_text css=\u00bb.vc_custom_1632220566535{background-color: #e9ebee !important;}\u00bb]<\/p>\n<h2>Estas son tus cualidades<\/h2>\n<div class=\"wpb_wrapper\">\n<ul class=\"chevron\">\n<li>Cuentas con una titulaci\u00f3n universitaria en <strong>Matem\u00e1ticas, Inform\u00e1tica, Ciencias Naturales o T\u00e9cnica<\/strong>, o bien con una formaci\u00f3n equivalente, preferiblemente relacionada con el mundo empresarial.<\/li>\n<li>Te familiarizas r\u00e1pidamente con los<strong> dominios de clientes muy diferentes<\/strong>.<\/li>\n<li>Te resulta f\u00e1cil <strong>presentar conceptos complejos<\/strong> de forma adecuada para el grupo destinatario, tanto de forma verbal como escrita y visual.<\/li>\n<li>Te gusta aportar tu <strong>gran capacidad de organizaci\u00f3n <\/strong>a los proyectos.<\/li>\n<li>Defiendes tus convicciones con <strong>pasi\u00f3n y valor<\/strong> y siempre encuentras el tono adecuado para hacerlo.<\/li>\n<li>Compartes nuestro aprecio por la<strong> cultura de trabajo \u00e1gil<\/strong> y aportas una <strong>mentalidad abierta<\/strong> a ella.<\/li>\n<\/ul>\n<\/div>\n<p>[\/vc_column_text][\/vc_column_inner][\/vc_row_inner][\/vc_column][\/vc_row][vc_row css_animation=\u00bb\u00bb row_type=\u00bbrow\u00bb use_row_as_full_screen_section=\u00bbno\u00bb type=\u00bbfull_width\u00bb angled_section=\u00bbno\u00bb text_align=\u00bbleft\u00bb background_image_as_pattern=\u00bbwithout_pattern\u00bb z_index=\u00bb\u00bb][vc_column][vc_row_inner row_type=\u00bbrow\u00bb type=\u00bbgrid\u00bb text_align=\u00bbleft\u00bb css_animation=\u00bb\u00bb][vc_column_inner][vc_empty_space height=\u00bb50&#8243; el_class=\u00bbnot-on-mobile\u00bb][vc_empty_space height=\u00bb50&#8243;][vc_column_text]<\/p>\n<h2 style=\"text-align: center;\">Echa un vistazo aqu\u00ed<\/h2>\n<p style=\"text-align: center;\"><strong>Inf\u00f3rmate sobre nosotros y sobre tu solicitud<\/strong><\/p>\n<p>[\/vc_column_text][\/vc_column_inner][\/vc_row_inner][vc_empty_space height=\u00bb50px\u00bb][\/vc_column][\/vc_row][vc_row css_animation=\u00bb\u00bb row_type=\u00bbrow\u00bb use_row_as_full_screen_section=\u00bbno\u00bb type=\u00bbfull_width\u00bb angled_section=\u00bbno\u00bb text_align=\u00bbleft\u00bb background_image_as_pattern=\u00bbwithout_pattern\u00bb el_class=\u00bbthree-column-services\u00bb z_index=\u00bb\u00bb][vc_column][vc_row_inner row_type=\u00bbrow\u00bb type=\u00bbgrid\u00bb text_align=\u00bbleft\u00bb css_animation=\u00bb\u00bb][vc_column_inner width=\u00bb1\/3&#8243;][vc_raw_html]JTNDYSUyMGhyZWYlM0QlMjJodHRwcyUzQSUyRiUyRmJhcmFzOXoubXlyYWlkYm94LmRlJTJGZXMlMkZjYXJyZXJhJTJGJTIzZGlmZXJlbmNpYSUyMiUzRQ==[\/vc_raw_html][vc_empty_space height=\u00bb250&#8243; image_repeat=\u00bbno-repeat\u00bb background_image=\u00bb13374&#8243;][vc_column_text]<\/p>\n<h3><span style=\"color: #ffffff;\">La diferencia XITASO<\/span><\/h3>\n<p>[\/vc_column_text][vc_raw_html]JTNDJTJGYSUzRQ==[\/vc_raw_html][\/vc_column_inner][vc_column_inner width=\u00bb1\/3&#8243;][vc_raw_html]JTNDYSUyMGhyZWYlM0QlMjJodHRwcyUzQSUyRiUyRmJhcmFzOXoubXlyYWlkYm94LmRlJTJGZXMlMkZjb21wYW5pYSUyRnhpdGFzby1jb2RpZ28lMkYlMjIlM0U=[\/vc_raw_html][vc_empty_space height=\u00bb250&#8243; image_repeat=\u00bbno-repeat\u00bb background_image=\u00bb19139&#8243;][vc_column_text]<\/p>\n<h3><span style=\"color: #ffffff;\">El C\u00f3digo XITASO<\/span><\/h3>\n<p>[\/vc_column_text][vc_raw_html]JTNDJTJGYSUzRQ==[\/vc_raw_html][\/vc_column_inner][vc_column_inner width=\u00bb1\/3&#8243;][vc_raw_html]JTNDYSUyMGhyZWYlM0QlMjJodHRwcyUzQSUyRiUyRmJhcmFzOXoubXlyYWlkYm94LmRlJTJGZXMlMkZjYXJyZXJhJTJGcHJvY2Vzby1kZS1zb2xpY2l0dWQlMkYlMjIlM0U=[\/vc_raw_html][vc_empty_space height=\u00bb250&#8243; image_repeat=\u00bbno-repeat\u00bb background_image=\u00bb18833&#8243;][vc_column_text]<\/p>\n<h3 style=\"color: #ffffff;\">Proceso de solicitud<\/h3>\n<p>[\/vc_column_text][vc_raw_html]JTNDJTJGYSUzRQ==[\/vc_raw_html][\/vc_column_inner][\/vc_row_inner][\/vc_column][\/vc_row][vc_row css_animation=\u00bb\u00bb row_type=\u00bbrow\u00bb use_row_as_full_screen_section=\u00bbno\u00bb type=\u00bbfull_width\u00bb angled_section=\u00bbno\u00bb text_align=\u00bbleft\u00bb background_image_as_pattern=\u00bbwithout_pattern\u00bb][vc_column][vc_empty_space height=\u00bb100px\u00bb el_class=\u00bbnot-on-mobile\u00bb][vc_empty_space height=\u00bb50&#8243;][\/vc_column][\/vc_row][vc_row css_animation=\u00bb\u00bb row_type=\u00bbrow\u00bb use_row_as_full_screen_section=\u00bbno\u00bb type=\u00bbfull_width\u00bb angled_section=\u00bbno\u00bb text_align=\u00bbleft\u00bb background_image_as_pattern=\u00bbwithout_pattern\u00bb css=\u00bb.vc_custom_1594707666568{background-color: #cfd3da !important;}\u00bb z_index=\u00bb\u00bb el_class=\u00bbyour-contact-person\u00bb][vc_column][vc_column_text css=\u00bb.vc_custom_1630415692729{margin-bottom: 20px !important;}\u00bb]<\/p>\n<h2 style=\"text-align: center;\">Estaremos encantados de recibir tu solicitud<\/h2>\n<p style=\"text-align: center;\"><strong>Env\u00edanos tu documentaci\u00f3n en formato PDF por correo electr\u00f3nico a la direcci\u00f3n <a href=\"mailto:work@baras9z.myraidbox.de\">work@baras9z.myraidbox.de<\/a>.<\/strong><\/p>\n<p>[\/vc_column_text][vc_empty_space height=\u00bb15px\u00bb][vc_column_text css=\u00bb.vc_custom_1632220577362{margin-bottom: 20px !important;}\u00bb]<\/p>\n<p style=\"text-align: center;\">Tu persona de contacto<\/p>\n<p>[\/vc_column_text][vc_single_image image=\u00bb12235&#8243; img_size=\u00bbfull\u00bb alignment=\u00bbcenter\u00bb qode_css_animation=\u00bb\u00bb][vc_column_text]<\/p>\n<p style=\"text-align: center;\"><strong>Daniela Auger-Huggenberger<\/strong><\/p>\n<p style=\"text-align: center;\">Tel. +49 821 885882-24<br \/>\n<a class=\"nounderline\" href=\"mailto:daniela.auger-huggenberger@baras9z.myraidbox.de\">daniela.auger-huggenberger@baras9z.myraidbox.de<\/a><\/p>\n<p>[\/vc_column_text][\/vc_column][\/vc_row]<\/p>\n<\/div>","protected":false},"excerpt":{"rendered":"<p>[vc_row css_animation=\u00bb\u00bb row_type=\u00bbrow\u00bb use_row_as_full_screen_section=\u00bbno\u00bb type=\u00bbfull_width\u00bb angled_section=\u00bbno\u00bb text_align=\u00bbleft\u00bb background_image_as_pattern=\u00bbwithout_pattern\u00bb z_index=\u00bb\u00bb][vc_column width=\u00bb1\/2&#8243;][vc_row_inner row_type=\u00bbrow\u00bb type=\u00bbfull_width\u00bb text_align=\u00bbleft\u00bb css_animation=\u00bb\u00bb el_class=\u00bbjobs-red-container\u00bb][vc_column_inner width=\u00bb1\/6&#8243;][\/vc_column_inner][vc_column_inner width=\u00bb5\/6&#8243; css=\u00bb.vc_custom_1593589608424{background-color: #7a212e !important;}\u00bb][vc_empty_space height=\u00bb40&#8243;][vc_column_text]La pr\u00f3xima visi\u00f3n de producto ya te est\u00e1 esperando[\/vc_column_text][vc_empty_space height=\u00bb40&#8243;][\/vc_column_inner][\/vc_row_inner][\/vc_column][vc_column width=\u00bb1\/2&#8243;][vc_single_image image=\u00bb30439&#8243; img_size=\u00bbfull\u00bb qode_css_animation=\u00bb\u00bb][\/vc_column][\/vc_row][vc_row css_animation=\u00bb\u00bb row_type=\u00bbrow\u00bb use_row_as_full_screen_section=\u00bbno\u00bb type=\u00bbfull_width\u00bb angled_section=\u00bbno\u00bb text_align=\u00bbleft\u00bb background_image_as_pattern=\u00bbwithout_pattern\u00bb][vc_column][vc_row_inner row_type=\u00bbrow\u00bb type=\u00bbgrid\u00bb text_align=\u00bbleft\u00bb css_animation=\u00bb\u00bb][vc_column_inner&#8230;<\/p>\n","protected":false},"author":3,"featured_media":0,"parent":30386,"menu_order":0,"comment_status":"closed","ping_status":"closed","template":"full_width.php","meta":{"_acf_changed":false,"inline_featured_image":false,"footnotes":""},"class_list":["post-30782","page","type-page","status-publish","hentry"],"acf":[],"yoast_head":"<!-- This site is optimized with the Yoast SEO plugin v27.3 - https:\/\/yoast.com\/product\/yoast-seo-wordpress\/ -->\n<title>Product Owner &#060; XITASO<\/title>\n<meta name=\"description\" content=\"En colaboraci\u00f3n con nuestros clientes, dise\u00f1as la visi\u00f3n del producto y la estrategia de desarrollo para aplicaciones de software.\" \/>\n<meta name=\"robots\" content=\"index, follow, max-snippet:-1, max-image-preview:large, max-video-preview:-1\" \/>\n<link rel=\"canonical\" href=\"https:\/\/xitaso.com\/es\/carrera\/ofertas-de-empleo\/product-owner\/\" \/>\n<meta property=\"og:locale\" content=\"es_ES\" \/>\n<meta property=\"og:type\" content=\"article\" \/>\n<meta property=\"og:title\" content=\"Product Owner &#060; XITASO\" \/>\n<meta property=\"og:description\" content=\"En colaboraci\u00f3n con nuestros clientes, dise\u00f1as la visi\u00f3n del producto y la estrategia de desarrollo para aplicaciones de software.\" \/>\n<meta property=\"og:url\" content=\"https:\/\/xitaso.com\/es\/carrera\/ofertas-de-empleo\/product-owner\/\" \/>\n<meta property=\"og:site_name\" content=\"XITASO\" \/>\n<meta property=\"article:publisher\" content=\"https:\/\/www.facebook.com\/XITASOGmbH\/\" \/>\n<meta property=\"article:modified_time\" content=\"2023-05-30T12:43:33+00:00\" \/>\n<meta name=\"twitter:card\" content=\"summary_large_image\" \/>\n<meta name=\"twitter:site\" content=\"@xitasogmbh\" \/>\n<meta name=\"twitter:label1\" content=\"Tiempo de lectura\" \/>\n\t<meta name=\"twitter:data1\" content=\"3 minutos\" \/>\n<script type=\"application\/ld+json\" class=\"yoast-schema-graph\">{\"@context\":\"https:\\\/\\\/schema.org\",\"@graph\":[{\"@type\":\"WebPage\",\"@id\":\"https:\\\/\\\/xitaso.com\\\/es\\\/carrera\\\/ofertas-de-empleo\\\/product-owner\\\/\",\"url\":\"https:\\\/\\\/xitaso.com\\\/es\\\/carrera\\\/ofertas-de-empleo\\\/product-owner\\\/\",\"name\":\"Product Owner &#060; XITASO\",\"isPartOf\":{\"@id\":\"https:\\\/\\\/xitaso.com\\\/#website\"},\"datePublished\":\"2021-08-27T13:20:41+00:00\",\"dateModified\":\"2023-05-30T12:43:33+00:00\",\"description\":\"En colaboraci\u00f3n con nuestros clientes, dise\u00f1as la visi\u00f3n del producto y la estrategia de desarrollo para aplicaciones de software.\",\"breadcrumb\":{\"@id\":\"https:\\\/\\\/xitaso.com\\\/es\\\/carrera\\\/ofertas-de-empleo\\\/product-owner\\\/#breadcrumb\"},\"inLanguage\":\"es\",\"potentialAction\":[{\"@type\":\"ReadAction\",\"target\":[\"https:\\\/\\\/xitaso.com\\\/es\\\/carrera\\\/ofertas-de-empleo\\\/product-owner\\\/\"]}]},{\"@type\":\"BreadcrumbList\",\"@id\":\"https:\\\/\\\/xitaso.com\\\/es\\\/carrera\\\/ofertas-de-empleo\\\/product-owner\\\/#breadcrumb\",\"itemListElement\":[{\"@type\":\"ListItem\",\"position\":1,\"name\":\"Startseite\",\"item\":\"https:\\\/\\\/xitaso.com\\\/es\\\/\"},{\"@type\":\"ListItem\",\"position\":2,\"name\":\"Carrera\",\"item\":\"https:\\\/\\\/xitaso.com\\\/es\\\/carrera\\\/\"},{\"@type\":\"ListItem\",\"position\":3,\"name\":\"Ofertas de empleo\",\"item\":\"https:\\\/\\\/xitaso.com\\\/es\\\/carrera\\\/ofertas-de-empleo\\\/\"},{\"@type\":\"ListItem\",\"position\":4,\"name\":\"Product Owner\"}]},{\"@type\":\"WebSite\",\"@id\":\"https:\\\/\\\/xitaso.com\\\/#website\",\"url\":\"https:\\\/\\\/xitaso.com\\\/\",\"name\":\"XITASO\",\"description\":\"\",\"publisher\":{\"@id\":\"https:\\\/\\\/xitaso.com\\\/#organization\"},\"potentialAction\":[{\"@type\":\"SearchAction\",\"target\":{\"@type\":\"EntryPoint\",\"urlTemplate\":\"https:\\\/\\\/xitaso.com\\\/?s={search_term_string}\"},\"query-input\":{\"@type\":\"PropertyValueSpecification\",\"valueRequired\":true,\"valueName\":\"search_term_string\"}}],\"inLanguage\":\"es\"},{\"@type\":\"Organization\",\"@id\":\"https:\\\/\\\/xitaso.com\\\/#organization\",\"name\":\"XITASO GmbH\",\"url\":\"https:\\\/\\\/xitaso.com\\\/\",\"logo\":{\"@type\":\"ImageObject\",\"inLanguage\":\"es\",\"@id\":\"https:\\\/\\\/xitaso.com\\\/#\\\/schema\\\/logo\\\/image\\\/\",\"url\":\"https:\\\/\\\/xitaso.com\\\/wp-content\\\/uploads\\\/XITASO-Logo-quer.png\",\"contentUrl\":\"https:\\\/\\\/xitaso.com\\\/wp-content\\\/uploads\\\/XITASO-Logo-quer.png\",\"width\":1746,\"height\":438,\"caption\":\"XITASO GmbH\"},\"image\":{\"@id\":\"https:\\\/\\\/xitaso.com\\\/#\\\/schema\\\/logo\\\/image\\\/\"},\"sameAs\":[\"https:\\\/\\\/www.facebook.com\\\/XITASOGmbH\\\/\",\"https:\\\/\\\/x.com\\\/xitasogmbh\",\"https:\\\/\\\/www.linkedin.com\\\/organization-guest\\\/company\\\/xitasogmbh\",\"https:\\\/\\\/www.youtube.com\\\/channel\\\/UCQ4Qjq-Pr58NjGVLryNEuyA\"]}]}<\/script>\n<!-- \/ Yoast SEO plugin. -->","yoast_head_json":{"title":"Product Owner &#060; XITASO","description":"En colaboraci\u00f3n con nuestros clientes, dise\u00f1as la visi\u00f3n del producto y la estrategia de desarrollo para aplicaciones de software.","robots":{"index":"index","follow":"follow","max-snippet":"max-snippet:-1","max-image-preview":"max-image-preview:large","max-video-preview":"max-video-preview:-1"},"canonical":"https:\/\/xitaso.com\/es\/carrera\/ofertas-de-empleo\/product-owner\/","og_locale":"es_ES","og_type":"article","og_title":"Product Owner &#060; XITASO","og_description":"En colaboraci\u00f3n con nuestros clientes, dise\u00f1as la visi\u00f3n del producto y la estrategia de desarrollo para aplicaciones de software.","og_url":"https:\/\/xitaso.com\/es\/carrera\/ofertas-de-empleo\/product-owner\/","og_site_name":"XITASO","article_publisher":"https:\/\/www.facebook.com\/XITASOGmbH\/","article_modified_time":"2023-05-30T12:43:33+00:00","twitter_card":"summary_large_image","twitter_site":"@xitasogmbh","twitter_misc":{"Tiempo de lectura":"3 minutos"},"schema":{"@context":"https:\/\/schema.org","@graph":[{"@type":"WebPage","@id":"https:\/\/xitaso.com\/es\/carrera\/ofertas-de-empleo\/product-owner\/","url":"https:\/\/xitaso.com\/es\/carrera\/ofertas-de-empleo\/product-owner\/","name":"Product Owner &#060; XITASO","isPartOf":{"@id":"https:\/\/xitaso.com\/#website"},"datePublished":"2021-08-27T13:20:41+00:00","dateModified":"2023-05-30T12:43:33+00:00","description":"En colaboraci\u00f3n con nuestros clientes, dise\u00f1as la visi\u00f3n del producto y la estrategia de desarrollo para aplicaciones de software.","breadcrumb":{"@id":"https:\/\/xitaso.com\/es\/carrera\/ofertas-de-empleo\/product-owner\/#breadcrumb"},"inLanguage":"es","potentialAction":[{"@type":"ReadAction","target":["https:\/\/xitaso.com\/es\/carrera\/ofertas-de-empleo\/product-owner\/"]}]},{"@type":"BreadcrumbList","@id":"https:\/\/xitaso.com\/es\/carrera\/ofertas-de-empleo\/product-owner\/#breadcrumb","itemListElement":[{"@type":"ListItem","position":1,"name":"Startseite","item":"https:\/\/xitaso.com\/es\/"},{"@type":"ListItem","position":2,"name":"Carrera","item":"https:\/\/xitaso.com\/es\/carrera\/"},{"@type":"ListItem","position":3,"name":"Ofertas de empleo","item":"https:\/\/xitaso.com\/es\/carrera\/ofertas-de-empleo\/"},{"@type":"ListItem","position":4,"name":"Product Owner"}]},{"@type":"WebSite","@id":"https:\/\/xitaso.com\/#website","url":"https:\/\/xitaso.com\/","name":"XITASO","description":"","publisher":{"@id":"https:\/\/xitaso.com\/#organization"},"potentialAction":[{"@type":"SearchAction","target":{"@type":"EntryPoint","urlTemplate":"https:\/\/xitaso.com\/?s={search_term_string}"},"query-input":{"@type":"PropertyValueSpecification","valueRequired":true,"valueName":"search_term_string"}}],"inLanguage":"es"},{"@type":"Organization","@id":"https:\/\/xitaso.com\/#organization","name":"XITASO GmbH","url":"https:\/\/xitaso.com\/","logo":{"@type":"ImageObject","inLanguage":"es","@id":"https:\/\/xitaso.com\/#\/schema\/logo\/image\/","url":"https:\/\/xitaso.com\/wp-content\/uploads\/XITASO-Logo-quer.png","contentUrl":"https:\/\/xitaso.com\/wp-content\/uploads\/XITASO-Logo-quer.png","width":1746,"height":438,"caption":"XITASO GmbH"},"image":{"@id":"https:\/\/xitaso.com\/#\/schema\/logo\/image\/"},"sameAs":["https:\/\/www.facebook.com\/XITASOGmbH\/","https:\/\/x.com\/xitasogmbh","https:\/\/www.linkedin.com\/organization-guest\/company\/xitasogmbh","https:\/\/www.youtube.com\/channel\/UCQ4Qjq-Pr58NjGVLryNEuyA"]}]}},"_links":{"self":[{"href":"https:\/\/xitaso.com\/es\/wp-json\/wp\/v2\/pages\/30782","targetHints":{"allow":["GET"]}}],"collection":[{"href":"https:\/\/xitaso.com\/es\/wp-json\/wp\/v2\/pages"}],"about":[{"href":"https:\/\/xitaso.com\/es\/wp-json\/wp\/v2\/types\/page"}],"author":[{"embeddable":true,"href":"https:\/\/xitaso.com\/es\/wp-json\/wp\/v2\/users\/3"}],"replies":[{"embeddable":true,"href":"https:\/\/xitaso.com\/es\/wp-json\/wp\/v2\/comments?post=30782"}],"version-history":[{"count":0,"href":"https:\/\/xitaso.com\/es\/wp-json\/wp\/v2\/pages\/30782\/revisions"}],"up":[{"embeddable":true,"href":"https:\/\/xitaso.com\/es\/wp-json\/wp\/v2\/pages\/30386"}],"wp:attachment":[{"href":"https:\/\/xitaso.com\/es\/wp-json\/wp\/v2\/media?parent=30782"}],"curies":[{"name":"wp","href":"https:\/\/api.w.org\/{rel}","templated":true}]}}