{"id":30388,"date":"2021-08-27T10:20:58","date_gmt":"2021-08-27T08:20:58","guid":{"rendered":"https:\/\/xitaso.com\/?page_id=30388"},"modified":"2025-08-12T14:12:12","modified_gmt":"2025-08-12T12:12:12","slug":"trabajar-en-xitaso","status":"publish","type":"page","link":"https:\/\/xitaso.com\/es\/carrera\/trabajar-en-xitaso\/","title":{"rendered":"Trabajar en XITASO"},"content":{"rendered":"<div class=\"wpb-content-wrapper\"><p>[vc_row css_animation=\u00bb\u00bb row_type=\u00bbrow\u00bb use_row_as_full_screen_section=\u00bbno\u00bb type=\u00bbfull_width\u00bb angled_section=\u00bbno\u00bb text_align=\u00bbleft\u00bb background_image_as_pattern=\u00bbwithout_pattern\u00bb z_index=\u00bb\u00bb el_class=\u00bbheader_level2_container\u00bb][vc_column][vc_row_inner row_type=\u00bbrow\u00bb type=\u00bbfull_width\u00bb text_align=\u00bbleft\u00bb css_animation=\u00bb\u00bb css=\u00bb.vc_custom_1720290861963{background-image: url(https:\/\/xitaso.com\/wp-content\/uploads\/Teams-Header.jpg?id=27008) !important;}\u00bb][vc_column_inner offset=\u00bbvc_hidden-xs\u00bb][vc_empty_space height=\u00bb350&#8243;][\/vc_column_inner][\/vc_row_inner][vc_row_inner row_type=\u00bbrow\u00bb type=\u00bbfull_width\u00bb text_align=\u00bbleft\u00bb css_animation=\u00bb\u00bb][vc_column_inner offset=\u00bbvc_hidden-lg vc_hidden-md vc_hidden-sm\u00bb][vc_single_image image=\u00bb30424&#8243; img_size=\u00bbfull\u00bb css=\u00bb\u00bb qode_css_animation=\u00bb\u00bb][\/vc_column_inner][\/vc_row_inner][vc_row_inner row_type=\u00bbrow\u00bb type=\u00bbgrid\u00bb text_align=\u00bbleft\u00bb css_animation=\u00bb\u00bb][vc_column_inner][vc_raw_html css=\u00bb\u00bb]JTNDZGl2JTIwY2xhc3MlM0QlMjJoZWFkZXJfbGV2ZWwyJTIyJTNFJTBBJTNDZGl2JTIwY2xhc3MlM0QlMjJ0b3BwZXIlMjIlM0VBdXRvZ2VzdGklQzMlQjNuJTIwZW4lMjBlc3RydWN0dXJhcyUyMCUyOHIlMjlldm9sdWNpb25hcmlhcyUzQyUyRmRpdiUzRSUwQSUzQ2gxJTNFVHJhYmFqYXIlMjBlbiUyMFhJVEFTTyUzQyUyRmgxJTNFJTBBJTNDJTJGZGl2JTNFJTBBJTBB[\/vc_raw_html][\/vc_column_inner][\/vc_row_inner][\/vc_column][\/vc_row][vc_row css_animation=\u00bb\u00bb row_type=\u00bbrow\u00bb use_row_as_full_screen_section=\u00bbno\u00bb type=\u00bbfull_width\u00bb angled_section=\u00bbno\u00bb text_align=\u00bbleft\u00bb background_image_as_pattern=\u00bbwithout_pattern\u00bb css=\u00bb.vc_custom_1720290616052{background-color: #e8e0e0 !important;}\u00bb z_index=\u00bb\u00bb][vc_column el_class=\u00bbpadding-top-30-bottom-45&#8243;][vc_row_inner row_type=\u00bbrow\u00bb type=\u00bbgrid\u00bb text_align=\u00bbleft\u00bb css_animation=\u00bb\u00bb][vc_column_inner width=\u00bb1\/2&#8243;][vc_column_text]<\/p>\n<p>El trabajo en XITASO se caracteriza por creencias y convicciones que pueden englobarse en el concepto de New Work. Vemos a la persona en su conjunto y la consideramos como alguien que no se limita a realizar un trabajo, sino que tambi\u00e9n persigue una vocaci\u00f3n. Sabemos que el aprendizaje constante a lo largo de toda la vida responde a la curiosidad natural de los seres humanos, as\u00ed como que estos solo prosperan realmente cuando son capaces de crear algo \u00fatil y con sentido.<\/p>\n<p>[\/vc_column_text][\/vc_column_inner][vc_column_inner width=\u00bb1\/2&#8243;][vc_column_text]Contemplamos las estructuras de nuestra empresa desde tres perspectivas en las que el reparto de responsabilidades y las jerarqu\u00edas planas ofrecen numerosas oportunidades para avanzar hacia la autoorganizaci\u00f3n, lo que a su vez crea un espacio ideal en el que todos pueden desarrollar sus facultades de una manera \u00f3ptima.[\/vc_column_text][\/vc_column_inner][\/vc_row_inner][\/vc_column][\/vc_row][vc_row css_animation=\u00bb\u00bb row_type=\u00bbrow\u00bb use_row_as_full_screen_section=\u00bbno\u00bb type=\u00bbfull_width\u00bb angled_section=\u00bbno\u00bb text_align=\u00bbleft\u00bb background_image_as_pattern=\u00bbwithout_pattern\u00bb][vc_column][vc_empty_space height=\u00bb30px\u00bb][vc_empty_space height=\u00bb50px\u00bb el_class=\u00bbnot-on-mobile\u00bb][\/vc_column][\/vc_row][vc_row css_animation=\u00bb\u00bb row_type=\u00bbrow\u00bb use_row_as_full_screen_section=\u00bbno\u00bb type=\u00bbfull_width\u00bb angled_section=\u00bbno\u00bb text_align=\u00bbleft\u00bb background_image_as_pattern=\u00bbwithout_pattern\u00bb z_index=\u00bb\u00bb el_class=\u00bbtext-left-75-image-right-25&#8243;][vc_column][vc_row_inner row_type=\u00bbrow\u00bb type=\u00bbgrid\u00bb text_align=\u00bbleft\u00bb css_animation=\u00bb\u00bb][vc_column_inner width=\u00bb1\/4&#8243;][vc_column_text]<\/p>\n<h2 style=\"text-align: left;\">Equipos<\/h2>\n<div class=\"subheadline\">Primera perspectiva<\/div>\n<p>[\/vc_column_text][vc_empty_space][vc_single_image image=\u00bb44652&#8243; img_size=\u00bbfull\u00bb css=\u00bb\u00bb qode_css_animation=\u00bb\u00bb][\/vc_column_inner][vc_column_inner width=\u00bb3\/4&#8243;][vc_column_text]Independientemente de cu\u00e1l sea tu cometido o cargo en nuestra empresa, como XITASOnian siempre estar\u00e1s firmemente arraigado en un equipo y, por lo tanto, encontrar\u00e1s r\u00e1pidamente tu hogar en el d\u00eda a d\u00eda de la empresa. Cada uno de nuestros equipos multidisciplinarios adopta su propia organizaci\u00f3n, toma decisiones de forma aut\u00f3noma y asume la responsabilidad de contenido, cualitativa y econ\u00f3mica de todos sus proyectos.<\/p>\n<p>Recurrimos a la autoorganizaci\u00f3n incluso en las tareas de coordinaci\u00f3n entre equipos, por ejemplo, en el caso de producirse un cambio de equipo. De este modo, los equipos se prestan asistencia mutua y buscan y encuentran juntos las mejores soluciones para cada caso.<\/p>\n<p>Adem\u00e1s, los equipos reciben el apoyo de nuestros Agile Coaches.<\/p>\n<p>Los numerosos eventos de equipo que se celebran, como yoga en com\u00fan, tardes de juegos y pel\u00edculas, tertulias o excursiones y viajes, son solo algunos ejemplos de nuestro esp\u00edritu de equipo y de la cohesi\u00f3n existente entre nosotros.[\/vc_column_text][\/vc_column_inner][\/vc_row_inner][\/vc_column][\/vc_row][vc_row css_animation=\u00bb\u00bb row_type=\u00bbrow\u00bb use_row_as_full_screen_section=\u00bbno\u00bb type=\u00bbfull_width\u00bb angled_section=\u00bbno\u00bb text_align=\u00bbleft\u00bb background_image_as_pattern=\u00bbwithout_pattern\u00bb][vc_column][vc_empty_space height=\u00bb30px\u00bb][vc_empty_space height=\u00bb50px\u00bb el_class=\u00bbnot-on-mobile\u00bb][\/vc_column][\/vc_row][vc_row css_animation=\u00bb\u00bb row_type=\u00bbrow\u00bb use_row_as_full_screen_section=\u00bbno\u00bb type=\u00bbfull_width\u00bb angled_section=\u00bbno\u00bb text_align=\u00bbleft\u00bb background_image_as_pattern=\u00bbwithout_pattern\u00bb z_index=\u00bb\u00bb el_class=\u00bbtext-left-75-image-right-25&#8243;][vc_column][vc_row_inner row_type=\u00bbrow\u00bb type=\u00bbgrid\u00bb text_align=\u00bbleft\u00bb css_animation=\u00bb\u00bb][vc_column_inner width=\u00bb1\/4&#8243;][vc_column_text]<\/p>\n<h2 style=\"text-align: left;\">Comunidades<\/h2>\n<div class=\"subheadline\">Segunda perspectiva<\/div>\n<p>[\/vc_column_text][vc_empty_space][vc_single_image image=\u00bb44649&#8243; img_size=\u00bbfull\u00bb css=\u00bb\u00bb qode_css_animation=\u00bb\u00bb][\/vc_column_inner][vc_column_inner width=\u00bb3\/4&#8243;][vc_column_text]Damos forma a XITASO juntos. Aparte de los equipos en los que se desarrollan los proyectos y la actividad diaria, nos organizamos en comunidades, lo que significa que, durante tu trabajo con nosotros, puedes aportar tu propia contribuci\u00f3n bas\u00e1ndose por completo en tus propios intereses y tus puntos fuertes personales.<\/p>\n<p>Nuestras m\u00e1s de 20 comunidades se encargan de \u00e1reas tem\u00e1ticas tan diversas como DevOps, seguridad inform\u00e1tica, investigaci\u00f3n e innovaci\u00f3n, contrataci\u00f3n, marketing o ventas. Las comunidades generan y comunican conocimientos entre los equipos, mejoran procesos existentes, desarrollan normas e impulsan estrategias en toda la empresa. En consecuencia, el compromiso que adquieres en las comunidades constituye una contribuci\u00f3n fundamental para el desarrollo continuo y el \u00e9xito de XITASO.<\/p>\n<p>Asimismo, para armonizar nuestras comunidades, utilizamos el marco OKR (objectives and key results), lo que permite que todos los XITASOnians vean de forma transparente en qu\u00e9 est\u00e1n trabajando las distintas partes de la organizaci\u00f3n en cada momento.[\/vc_column_text][\/vc_column_inner][\/vc_row_inner][\/vc_column][\/vc_row][vc_row css_animation=\u00bb\u00bb row_type=\u00bbrow\u00bb use_row_as_full_screen_section=\u00bbno\u00bb type=\u00bbfull_width\u00bb angled_section=\u00bbno\u00bb text_align=\u00bbleft\u00bb background_image_as_pattern=\u00bbwithout_pattern\u00bb][vc_column][vc_empty_space height=\u00bb30px\u00bb][vc_empty_space height=\u00bb50px\u00bb el_class=\u00bbnot-on-mobile\u00bb][\/vc_column][\/vc_row][vc_row css_animation=\u00bb\u00bb row_type=\u00bbrow\u00bb use_row_as_full_screen_section=\u00bbno\u00bb type=\u00bbfull_width\u00bb angled_section=\u00bbno\u00bb text_align=\u00bbleft\u00bb background_image_as_pattern=\u00bbwithout_pattern\u00bb z_index=\u00bb\u00bb el_class=\u00bbtext-left-75-image-right-25&#8243;][vc_column][vc_row_inner row_type=\u00bbrow\u00bb type=\u00bbgrid\u00bb text_align=\u00bbleft\u00bb css_animation=\u00bb\u00bb][vc_column_inner width=\u00bb1\/4&#8243;][vc_column_text]<\/p>\n<h2 style=\"text-align: left;\">Mentores<\/h2>\n<div class=\"subheadline\">Tercera perspectiva<\/div>\n<p>[\/vc_column_text][vc_empty_space][vc_single_image image=\u00bb44646&#8243; img_size=\u00bbfull\u00bb css=\u00bb\u00bb qode_css_animation=\u00bb\u00bb][\/vc_column_inner][vc_column_inner width=\u00bb3\/4&#8243;][vc_column_text]En XITASO, desde el principio tendr\u00e1s a tu lado a un mentor o a una mentora que te apoyar\u00e1 en tu desarrollo profesional y personal, de la mejor manera posible y a largo plazo. Trabajamos de forma \u00e1gil, con pocas jerarqu\u00edas y de forma autoorganizada. Pero tambi\u00e9n sabemos que <a href=\"\/es\/competencias\/autogestion-y-direccion-de-equipos\/\">la autoorganizaci\u00f3n<\/a> no se consigue por s\u00ed sola.<\/p>\n<p>As\u00ed pues, junto con los miembros de tu equipo y nuestros coaches \u00e1giles, tu mentor personal te apoyar\u00e1 y te ayudar\u00e1 como persona de confianza y proveedor de feedback, y trabajar\u00e1 contigo de igual a igual para ayudarte a encontrar tu propio camino en el entorno \u00e1gil.<\/p>\n<p>Pero eso no es todo. Esperamos que t\u00fa mismo asumas tambi\u00e9n el papel de mentor o mentora alg\u00fan d\u00eda para desarrollar tus propias habilidades de comunicaci\u00f3n y liderazgo, as\u00ed como para apoyar a nuevos compa\u00f1eros de trabajo e intercambiar valiosos comentarios (en ambas direcciones) con tus aprendices. Porque tu papel de mentor o mentora tambi\u00e9n contribuir\u00e1 a tu desarrollo personal y al desarrollo de XITASO. Y, para que lo consigas m\u00e1s f\u00e1cilmente, te ofrecemos formaci\u00f3n interna y externa, as\u00ed como becas e intercambios de experiencias peri\u00f3dicos, para prestarte el mejor apoyo posible a la hora de ejercer esta funci\u00f3n.[\/vc_column_text][\/vc_column_inner][\/vc_row_inner][\/vc_column][\/vc_row][vc_row css_animation=\u00bb\u00bb row_type=\u00bbrow\u00bb use_row_as_full_screen_section=\u00bbno\u00bb type=\u00bbfull_width\u00bb angled_section=\u00bbno\u00bb text_align=\u00bbleft\u00bb background_image_as_pattern=\u00bbwithout_pattern\u00bb][vc_column][vc_empty_space height=\u00bb30px\u00bb][vc_empty_space height=\u00bb50px\u00bb el_class=\u00bbnot-on-mobile\u00bb][\/vc_column][\/vc_row][vc_row css_animation=\u00bb\u00bb row_type=\u00bbrow\u00bb use_row_as_full_screen_section=\u00bbno\u00bb type=\u00bbfull_width\u00bb angled_section=\u00bbno\u00bb text_align=\u00bbleft\u00bb background_image_as_pattern=\u00bbwithout_pattern\u00bb][vc_column][vc_row_inner row_type=\u00bbrow\u00bb type=\u00bbfull_width\u00bb text_align=\u00bbleft\u00bb css_animation=\u00bb\u00bb css=\u00bb.vc_custom_1618298295870{background-image: url(https:\/\/xitaso.com\/wp-content\/uploads\/Homepage-Collage-Mentoring.jpg?id=25317) !important;}\u00bb][vc_column_inner offset=\u00bbvc_hidden-xs\u00bb][vc_empty_space height=\u00bb350&#8243;][\/vc_column_inner][\/vc_row_inner][vc_row_inner row_type=\u00bbrow\u00bb type=\u00bbfull_width\u00bb text_align=\u00bbleft\u00bb css_animation=\u00bb\u00bb css=\u00bb.vc_custom_1618558181218{background-image: url(https:\/\/xitaso.com\/wp-content\/uploads\/Mentoring-Header-mobile.jpg?id=27011) !important;}\u00bb][vc_column_inner offset=\u00bbvc_hidden-lg vc_hidden-md vc_hidden-sm\u00bb][vc_empty_space height=\u00bb300&#8243;][\/vc_column_inner][\/vc_row_inner][\/vc_column][\/vc_row][vc_row css_animation=\u00bb\u00bb row_type=\u00bbrow\u00bb use_row_as_full_screen_section=\u00bbno\u00bb type=\u00bbfull_width\u00bb angled_section=\u00bbno\u00bb text_align=\u00bbleft\u00bb background_image_as_pattern=\u00bbwithout_pattern\u00bb css=\u00bb.vc_custom_1720290642441{background-color: #e8e0e0 !important;}\u00bb z_index=\u00bb\u00bb el_class=\u00bbyour-contact-person\u00bb][vc_column][vc_column_text]<\/p>\n<p style=\"text-align: center;\">Tu persona de contacto<\/p>\n<p>[\/vc_column_text][vc_single_image image=\u00bb43215&#8243; img_size=\u00bbmedium\u00bb alignment=\u00bbcenter\u00bb style=\u00bbvc_box_circle_2&#8243; css=\u00bb\u00bb qode_css_animation=\u00bb\u00bb][vc_column_text css=\u00bb\u00bb]<\/p>\n<p style=\"text-align: center;\"><strong>Selina Weinberger<\/strong><\/p>\n<p style=\"text-align: center;\">Tel. +49 821 885 882 338<br \/>\n<a href=\"mailto:selina.weinberger@xitaso.com\">selina.weinberger@xitaso.com<\/a><\/p>\n<p>[\/vc_column_text][\/vc_column][\/vc_row]<\/p>\n<\/div>","protected":false},"excerpt":{"rendered":"<p>[vc_row css_animation=\u00bb\u00bb row_type=\u00bbrow\u00bb use_row_as_full_screen_section=\u00bbno\u00bb type=\u00bbfull_width\u00bb angled_section=\u00bbno\u00bb text_align=\u00bbleft\u00bb background_image_as_pattern=\u00bbwithout_pattern\u00bb z_index=\u00bb\u00bb el_class=\u00bbheader_level2_container\u00bb][vc_column][vc_row_inner row_type=\u00bbrow\u00bb type=\u00bbfull_width\u00bb text_align=\u00bbleft\u00bb css_animation=\u00bb\u00bb css=\u00bb.vc_custom_1720290861963{background-image: url(https:\/\/xitaso.com\/wp-content\/uploads\/Teams-Header.jpg?id=27008) !important;}\u00bb][vc_column_inner offset=\u00bbvc_hidden-xs\u00bb][vc_empty_space height=\u00bb350&#8243;][\/vc_column_inner][\/vc_row_inner][vc_row_inner row_type=\u00bbrow\u00bb type=\u00bbfull_width\u00bb text_align=\u00bbleft\u00bb css_animation=\u00bb\u00bb][vc_column_inner offset=\u00bbvc_hidden-lg vc_hidden-md vc_hidden-sm\u00bb][vc_single_image image=\u00bb30424&#8243; img_size=\u00bbfull\u00bb css=\u00bb\u00bb qode_css_animation=\u00bb\u00bb][\/vc_column_inner][\/vc_row_inner][vc_row_inner row_type=\u00bbrow\u00bb type=\u00bbgrid\u00bb text_align=\u00bbleft\u00bb css_animation=\u00bb\u00bb][vc_column_inner][vc_raw_html css=\u00bb\u00bb]JTNDZGl2JTIwY2xhc3MlM0QlMjJoZWFkZXJfbGV2ZWwyJTIyJTNFJTBBJTNDZGl2JTIwY2xhc3MlM0QlMjJ0b3BwZXIlMjIlM0VBdXRvZ2VzdGklQzMlQjNuJTIwZW4lMjBlc3RydWN0dXJhcyUyMCUyOHIlMjlldm9sdWNpb25hcmlhcyUzQyUyRmRpdiUzRSUwQSUzQ2gxJTNFVHJhYmFqYXIlMjBlbiUyMFhJVEFTTyUzQyUyRmgxJTNFJTBBJTNDJTJGZGl2JTNFJTBBJTBB[\/vc_raw_html][\/vc_column_inner][\/vc_row_inner][\/vc_column][\/vc_row][vc_row css_animation=\u00bb\u00bb row_type=\u00bbrow\u00bb use_row_as_full_screen_section=\u00bbno\u00bb type=\u00bbfull_width\u00bb angled_section=\u00bbno\u00bb text_align=\u00bbleft\u00bb background_image_as_pattern=\u00bbwithout_pattern\u00bb css=\u00bb.vc_custom_1720290616052{background-color: #e8e0e0 !important;}\u00bb&#8230;<\/p>\n","protected":false},"author":3,"featured_media":30423,"parent":30271,"menu_order":0,"comment_status":"closed","ping_status":"closed","template":"full_width.php","meta":{"_acf_changed":false,"inline_featured_image":false,"footnotes":""},"class_list":["post-30388","page","type-page","status-publish","has-post-thumbnail","hentry"],"acf":[],"yoast_head":"<!-- This site is optimized with the Yoast SEO plugin v27.3 - https:\/\/yoast.com\/product\/yoast-seo-wordpress\/ -->\n<title>Trabajar en XITASO &#060; XITASO<\/title>\n<meta name=\"description\" content=\"Nuestro trabajo seg\u00fan el New Work: jerarqu\u00edas planas (equipos, comunidades y tutor\u00eda), autoorganizaci\u00f3n y responsabilidad distribuida.\" \/>\n<meta name=\"robots\" content=\"index, follow, max-snippet:-1, max-image-preview:large, max-video-preview:-1\" \/>\n<link rel=\"canonical\" href=\"https:\/\/xitaso.com\/es\/carrera\/trabajar-en-xitaso\/\" \/>\n<meta property=\"og:locale\" content=\"es_ES\" \/>\n<meta property=\"og:type\" content=\"article\" \/>\n<meta property=\"og:title\" content=\"Trabajar en XITASO &#060; XITASO\" \/>\n<meta property=\"og:description\" content=\"Nuestro trabajo seg\u00fan el New Work: jerarqu\u00edas planas (equipos, comunidades y tutor\u00eda), autoorganizaci\u00f3n y responsabilidad distribuida.\" \/>\n<meta property=\"og:url\" content=\"https:\/\/xitaso.com\/es\/carrera\/trabajar-en-xitaso\/\" \/>\n<meta property=\"og:site_name\" content=\"XITASO\" \/>\n<meta property=\"article:publisher\" content=\"https:\/\/www.facebook.com\/XITASOGmbH\/\" \/>\n<meta property=\"article:modified_time\" content=\"2025-08-12T12:12:12+00:00\" \/>\n<meta property=\"og:image\" content=\"https:\/\/xitaso.com\/wp-content\/uploads\/Mentoring-Header-mobile.jpg\" \/>\n\t<meta property=\"og:image:width\" content=\"600\" \/>\n\t<meta property=\"og:image:height\" content=\"300\" \/>\n\t<meta property=\"og:image:type\" content=\"image\/jpeg\" \/>\n<meta name=\"twitter:card\" content=\"summary_large_image\" \/>\n<meta name=\"twitter:site\" content=\"@xitasogmbh\" \/>\n<meta name=\"twitter:label1\" content=\"Tiempo de lectura\" \/>\n\t<meta name=\"twitter:data1\" content=\"7 minutos\" \/>\n<script type=\"application\/ld+json\" class=\"yoast-schema-graph\">{\"@context\":\"https:\\\/\\\/schema.org\",\"@graph\":[{\"@type\":\"WebPage\",\"@id\":\"https:\\\/\\\/xitaso.com\\\/es\\\/carrera\\\/trabajar-en-xitaso\\\/\",\"url\":\"https:\\\/\\\/xitaso.com\\\/es\\\/carrera\\\/trabajar-en-xitaso\\\/\",\"name\":\"Trabajar en XITASO &#060; XITASO\",\"isPartOf\":{\"@id\":\"https:\\\/\\\/xitaso.com\\\/#website\"},\"primaryImageOfPage\":{\"@id\":\"https:\\\/\\\/xitaso.com\\\/es\\\/carrera\\\/trabajar-en-xitaso\\\/#primaryimage\"},\"image\":{\"@id\":\"https:\\\/\\\/xitaso.com\\\/es\\\/carrera\\\/trabajar-en-xitaso\\\/#primaryimage\"},\"thumbnailUrl\":\"https:\\\/\\\/xitaso.com\\\/wp-content\\\/uploads\\\/Mentoring-Header-mobile.jpg\",\"datePublished\":\"2021-08-27T08:20:58+00:00\",\"dateModified\":\"2025-08-12T12:12:12+00:00\",\"description\":\"Nuestro trabajo seg\u00fan el New Work: jerarqu\u00edas planas (equipos, comunidades y tutor\u00eda), autoorganizaci\u00f3n y responsabilidad distribuida.\",\"breadcrumb\":{\"@id\":\"https:\\\/\\\/xitaso.com\\\/es\\\/carrera\\\/trabajar-en-xitaso\\\/#breadcrumb\"},\"inLanguage\":\"es\",\"potentialAction\":[{\"@type\":\"ReadAction\",\"target\":[\"https:\\\/\\\/xitaso.com\\\/es\\\/carrera\\\/trabajar-en-xitaso\\\/\"]}]},{\"@type\":\"ImageObject\",\"inLanguage\":\"es\",\"@id\":\"https:\\\/\\\/xitaso.com\\\/es\\\/carrera\\\/trabajar-en-xitaso\\\/#primaryimage\",\"url\":\"https:\\\/\\\/xitaso.com\\\/wp-content\\\/uploads\\\/Mentoring-Header-mobile.jpg\",\"contentUrl\":\"https:\\\/\\\/xitaso.com\\\/wp-content\\\/uploads\\\/Mentoring-Header-mobile.jpg\",\"width\":600,\"height\":300},{\"@type\":\"BreadcrumbList\",\"@id\":\"https:\\\/\\\/xitaso.com\\\/es\\\/carrera\\\/trabajar-en-xitaso\\\/#breadcrumb\",\"itemListElement\":[{\"@type\":\"ListItem\",\"position\":1,\"name\":\"Startseite\",\"item\":\"https:\\\/\\\/xitaso.com\\\/es\\\/\"},{\"@type\":\"ListItem\",\"position\":2,\"name\":\"Carrera\",\"item\":\"https:\\\/\\\/xitaso.com\\\/es\\\/carrera\\\/\"},{\"@type\":\"ListItem\",\"position\":3,\"name\":\"Trabajar en XITASO\"}]},{\"@type\":\"WebSite\",\"@id\":\"https:\\\/\\\/xitaso.com\\\/#website\",\"url\":\"https:\\\/\\\/xitaso.com\\\/\",\"name\":\"XITASO\",\"description\":\"\",\"publisher\":{\"@id\":\"https:\\\/\\\/xitaso.com\\\/#organization\"},\"potentialAction\":[{\"@type\":\"SearchAction\",\"target\":{\"@type\":\"EntryPoint\",\"urlTemplate\":\"https:\\\/\\\/xitaso.com\\\/?s={search_term_string}\"},\"query-input\":{\"@type\":\"PropertyValueSpecification\",\"valueRequired\":true,\"valueName\":\"search_term_string\"}}],\"inLanguage\":\"es\"},{\"@type\":\"Organization\",\"@id\":\"https:\\\/\\\/xitaso.com\\\/#organization\",\"name\":\"XITASO GmbH\",\"url\":\"https:\\\/\\\/xitaso.com\\\/\",\"logo\":{\"@type\":\"ImageObject\",\"inLanguage\":\"es\",\"@id\":\"https:\\\/\\\/xitaso.com\\\/#\\\/schema\\\/logo\\\/image\\\/\",\"url\":\"https:\\\/\\\/xitaso.com\\\/wp-content\\\/uploads\\\/XITASO-Logo-quer.png\",\"contentUrl\":\"https:\\\/\\\/xitaso.com\\\/wp-content\\\/uploads\\\/XITASO-Logo-quer.png\",\"width\":1746,\"height\":438,\"caption\":\"XITASO GmbH\"},\"image\":{\"@id\":\"https:\\\/\\\/xitaso.com\\\/#\\\/schema\\\/logo\\\/image\\\/\"},\"sameAs\":[\"https:\\\/\\\/www.facebook.com\\\/XITASOGmbH\\\/\",\"https:\\\/\\\/x.com\\\/xitasogmbh\",\"https:\\\/\\\/www.linkedin.com\\\/organization-guest\\\/company\\\/xitasogmbh\",\"https:\\\/\\\/www.youtube.com\\\/channel\\\/UCQ4Qjq-Pr58NjGVLryNEuyA\"]}]}<\/script>\n<!-- \/ Yoast SEO plugin. -->","yoast_head_json":{"title":"Trabajar en XITASO &#060; XITASO","description":"Nuestro trabajo seg\u00fan el New Work: jerarqu\u00edas planas (equipos, comunidades y tutor\u00eda), autoorganizaci\u00f3n y responsabilidad distribuida.","robots":{"index":"index","follow":"follow","max-snippet":"max-snippet:-1","max-image-preview":"max-image-preview:large","max-video-preview":"max-video-preview:-1"},"canonical":"https:\/\/xitaso.com\/es\/carrera\/trabajar-en-xitaso\/","og_locale":"es_ES","og_type":"article","og_title":"Trabajar en XITASO &#060; XITASO","og_description":"Nuestro trabajo seg\u00fan el New Work: jerarqu\u00edas planas (equipos, comunidades y tutor\u00eda), autoorganizaci\u00f3n y responsabilidad distribuida.","og_url":"https:\/\/xitaso.com\/es\/carrera\/trabajar-en-xitaso\/","og_site_name":"XITASO","article_publisher":"https:\/\/www.facebook.com\/XITASOGmbH\/","article_modified_time":"2025-08-12T12:12:12+00:00","og_image":[{"width":600,"height":300,"url":"https:\/\/xitaso.com\/wp-content\/uploads\/Mentoring-Header-mobile.jpg","type":"image\/jpeg"}],"twitter_card":"summary_large_image","twitter_site":"@xitasogmbh","twitter_misc":{"Tiempo de lectura":"7 minutos"},"schema":{"@context":"https:\/\/schema.org","@graph":[{"@type":"WebPage","@id":"https:\/\/xitaso.com\/es\/carrera\/trabajar-en-xitaso\/","url":"https:\/\/xitaso.com\/es\/carrera\/trabajar-en-xitaso\/","name":"Trabajar en XITASO &#060; XITASO","isPartOf":{"@id":"https:\/\/xitaso.com\/#website"},"primaryImageOfPage":{"@id":"https:\/\/xitaso.com\/es\/carrera\/trabajar-en-xitaso\/#primaryimage"},"image":{"@id":"https:\/\/xitaso.com\/es\/carrera\/trabajar-en-xitaso\/#primaryimage"},"thumbnailUrl":"https:\/\/xitaso.com\/wp-content\/uploads\/Mentoring-Header-mobile.jpg","datePublished":"2021-08-27T08:20:58+00:00","dateModified":"2025-08-12T12:12:12+00:00","description":"Nuestro trabajo seg\u00fan el New Work: jerarqu\u00edas planas (equipos, comunidades y tutor\u00eda), autoorganizaci\u00f3n y responsabilidad distribuida.","breadcrumb":{"@id":"https:\/\/xitaso.com\/es\/carrera\/trabajar-en-xitaso\/#breadcrumb"},"inLanguage":"es","potentialAction":[{"@type":"ReadAction","target":["https:\/\/xitaso.com\/es\/carrera\/trabajar-en-xitaso\/"]}]},{"@type":"ImageObject","inLanguage":"es","@id":"https:\/\/xitaso.com\/es\/carrera\/trabajar-en-xitaso\/#primaryimage","url":"https:\/\/xitaso.com\/wp-content\/uploads\/Mentoring-Header-mobile.jpg","contentUrl":"https:\/\/xitaso.com\/wp-content\/uploads\/Mentoring-Header-mobile.jpg","width":600,"height":300},{"@type":"BreadcrumbList","@id":"https:\/\/xitaso.com\/es\/carrera\/trabajar-en-xitaso\/#breadcrumb","itemListElement":[{"@type":"ListItem","position":1,"name":"Startseite","item":"https:\/\/xitaso.com\/es\/"},{"@type":"ListItem","position":2,"name":"Carrera","item":"https:\/\/xitaso.com\/es\/carrera\/"},{"@type":"ListItem","position":3,"name":"Trabajar en XITASO"}]},{"@type":"WebSite","@id":"https:\/\/xitaso.com\/#website","url":"https:\/\/xitaso.com\/","name":"XITASO","description":"","publisher":{"@id":"https:\/\/xitaso.com\/#organization"},"potentialAction":[{"@type":"SearchAction","target":{"@type":"EntryPoint","urlTemplate":"https:\/\/xitaso.com\/?s={search_term_string}"},"query-input":{"@type":"PropertyValueSpecification","valueRequired":true,"valueName":"search_term_string"}}],"inLanguage":"es"},{"@type":"Organization","@id":"https:\/\/xitaso.com\/#organization","name":"XITASO GmbH","url":"https:\/\/xitaso.com\/","logo":{"@type":"ImageObject","inLanguage":"es","@id":"https:\/\/xitaso.com\/#\/schema\/logo\/image\/","url":"https:\/\/xitaso.com\/wp-content\/uploads\/XITASO-Logo-quer.png","contentUrl":"https:\/\/xitaso.com\/wp-content\/uploads\/XITASO-Logo-quer.png","width":1746,"height":438,"caption":"XITASO GmbH"},"image":{"@id":"https:\/\/xitaso.com\/#\/schema\/logo\/image\/"},"sameAs":["https:\/\/www.facebook.com\/XITASOGmbH\/","https:\/\/x.com\/xitasogmbh","https:\/\/www.linkedin.com\/organization-guest\/company\/xitasogmbh","https:\/\/www.youtube.com\/channel\/UCQ4Qjq-Pr58NjGVLryNEuyA"]}]}},"_links":{"self":[{"href":"https:\/\/xitaso.com\/es\/wp-json\/wp\/v2\/pages\/30388","targetHints":{"allow":["GET"]}}],"collection":[{"href":"https:\/\/xitaso.com\/es\/wp-json\/wp\/v2\/pages"}],"about":[{"href":"https:\/\/xitaso.com\/es\/wp-json\/wp\/v2\/types\/page"}],"author":[{"embeddable":true,"href":"https:\/\/xitaso.com\/es\/wp-json\/wp\/v2\/users\/3"}],"replies":[{"embeddable":true,"href":"https:\/\/xitaso.com\/es\/wp-json\/wp\/v2\/comments?post=30388"}],"version-history":[{"count":0,"href":"https:\/\/xitaso.com\/es\/wp-json\/wp\/v2\/pages\/30388\/revisions"}],"up":[{"embeddable":true,"href":"https:\/\/xitaso.com\/es\/wp-json\/wp\/v2\/pages\/30271"}],"wp:featuredmedia":[{"embeddable":true,"href":"https:\/\/xitaso.com\/es\/wp-json\/wp\/v2\/media\/30423"}],"wp:attachment":[{"href":"https:\/\/xitaso.com\/es\/wp-json\/wp\/v2\/media?parent=30388"}],"curies":[{"name":"wp","href":"https:\/\/api.w.org\/{rel}","templated":true}]}}