{"id":92609,"date":"2025-09-29T13:31:31","date_gmt":"2025-09-29T11:31:31","guid":{"rendered":"https:\/\/xitaso.com\/whitepaper-hub\/"},"modified":"2026-03-10T13:04:55","modified_gmt":"2026-03-10T12:04:55","slug":"whitepaper-hub","status":"publish","type":"page","link":"https:\/\/xitaso.com\/en\/whitepaper-hub\/","title":{"rendered":"Whitepaper Hub"},"content":{"rendered":"<div class=\"wpb-content-wrapper\"><p>[vc_row css_animation=&#8221;&#8221; row_type=&#8221;row&#8221; use_row_as_full_screen_section=&#8221;no&#8221; type=&#8221;grid&#8221; angled_section=&#8221;no&#8221; text_align=&#8221;left&#8221; background_image_as_pattern=&#8221;without_pattern&#8221; z_index=&#8221;&#8221; css=&#8221;.vc_custom_1758869033029{background-color: #50878566 !important;}&#8221;][vc_column][vc_row_inner row_type=&#8221;row&#8221; type=&#8221;full_width&#8221; text_align=&#8221;left&#8221; css_animation=&#8221;&#8221;][vc_column_inner][vc_empty_space height=&#8221;100&#8243;][\/vc_column_inner][\/vc_row_inner][vc_row_inner row_type=&#8221;row&#8221; type=&#8221;grid&#8221; text_align=&#8221;left&#8221; css_animation=&#8221;&#8221;][vc_column_inner][vc_column_text css=&#8221;&#8221;]<\/p>\n<h1 style=\"text-align: left;\">Knowledge that creates added value!<\/h1>\n<h2 style=\"text-align: left;\">Our white papers at a glance<\/h2>\n<p>[\/vc_column_text][\/vc_column_inner][\/vc_row_inner][vc_empty_space height=&#8221;60&#8243;]<a  itemprop=\"url\" href=\"https:\/\/xitaso.com\/en\/appointment-booking\/\" target=\"_parent\" data-hover-background-color=\"#FFFFFF\" data-hover-border-color=\"#005962\" data-hover-color=\"#005962\" class=\"qbutton  big_large center default  qode-button-shadow\" style=\"color: #FFFFFF; border-color: #005962; font-weight: 900; background-color:#005962;\">Free consultation session<\/a>[vc_empty_space height=&#8221;60&#8243;][\/vc_column][\/vc_row][vc_row css_animation=&#8221;&#8221; row_type=&#8221;row&#8221; use_row_as_full_screen_section=&#8221;no&#8221; type=&#8221;grid&#8221; angled_section=&#8221;no&#8221; text_align=&#8221;left&#8221; background_image_as_pattern=&#8221;without_pattern&#8221; z_index=&#8221;&#8221;][vc_column][vc_row_inner row_type=&#8221;row&#8221; type=&#8221;full_width&#8221; text_align=&#8221;left&#8221; css_animation=&#8221;&#8221;][vc_column_inner][vc_empty_space height=&#8221;50&#8243;][\/vc_column_inner][\/vc_row_inner][\/vc_column][\/vc_row][vc_row css_animation=&#8221;&#8221; row_type=&#8221;row&#8221; use_row_as_full_screen_section=&#8221;no&#8221; type=&#8221;grid&#8221; angled_section=&#8221;no&#8221; text_align=&#8221;left&#8221; background_image_as_pattern=&#8221;without_pattern&#8221; z_index=&#8221;&#8221;][vc_column][vc_row_inner row_type=&#8221;row&#8221; type=&#8221;full_width&#8221; text_align=&#8221;left&#8221; css_animation=&#8221;&#8221;][vc_column_inner][vc_column_text css=&#8221;&#8221;]<\/p>\n<h2>Downloads:<\/h2>\n<p>[\/vc_column_text][\/vc_column_inner][\/vc_row_inner][vc_empty_space height=&#8221;15&#8243;][\/vc_column][\/vc_row][vc_row css_animation=&#8221;&#8221; row_type=&#8221;row&#8221; use_row_as_full_screen_section=&#8221;no&#8221; type=&#8221;grid&#8221; angled_section=&#8221;no&#8221; text_align=&#8221;left&#8221; background_image_as_pattern=&#8221;without_pattern&#8221; z_index=&#8221;&#8221;][vc_column el_class=&#8221;outer-container&#8221;][vc_row_inner row_type=&#8221;row&#8221; type=&#8221;full_width&#8221; text_align=&#8221;left&#8221; css_animation=&#8221;&#8221; el_class=&#8221;outer-container&#8221;][vc_column_inner width=&#8221;1\/4&#8243;][vc_empty_space height=&#8221;40&#8243;][vc_single_image image=&#8221;99780&#8243; img_size=&#8221;200&#215;300&#8243; style=&#8221;vc_box_shadow&#8221; onclick=&#8221;custom_link&#8221; img_link_target=&#8221;_blank&#8221; css=&#8221;.vc_custom_1772537953149{padding-right: 30px !important;}&#8221; qode_css_animation=&#8221;&#8221; link=&#8221;https:\/\/xitaso.com\/kompetenzen\/data-science\/whitepaper-ki-agenten\/&#8221;][vc_empty_space][vc_column_text css=&#8221;&#8221; el_class=&#8221;textfeld&#8221;]<\/p>\n<h3>AI agents in<br \/>\npraxis<\/h3>\n<p>[\/vc_column_text][vc_column_text css=&#8221;&#8221; el_class=&#8221;textfeld&#8221;]System landscapes are becoming increasingly complex. AI agents can help here. This white paper shows how companies can connect fragmented portals, make distributed knowledge accessible, and achieve consistently reliable results with modern quality assurance.[\/vc_column_text][vc_empty_space]<a  itemprop=\"url\" href=\"https:\/\/xitaso.com\/en\/competences\/data-science\/whitepaper-ai-agents\/\" target=\"_parent\" data-hover-background-color=\"#FFFFFF\" data-hover-border-color=\"#005962\" data-hover-color=\"#005962\" class=\"qbutton  center default\" style=\"border-color: #005962; background-color:#005962;\">Free download \u2192<\/a>[vc_empty_space height=&#8221;40&#8243; el_class=&#8221;only-on-mobile&#8221;][\/vc_column_inner][vc_column_inner el_class=&#8221;inner-container&#8221; width=&#8221;1\/4&#8243;][vc_empty_space height=&#8221;40&#8243;][vc_single_image image=&#8221;92139&#8243; img_size=&#8221;200&#215;300&#8243; style=&#8221;vc_box_shadow&#8221; onclick=&#8221;custom_link&#8221; img_link_target=&#8221;_blank&#8221; css=&#8221;.vc_custom_1759225430716{padding-right: 30px !important;}&#8221; qode_css_animation=&#8221;&#8221; link=&#8221;https:\/\/xitaso.com\/en\/competences\/data-science\/whitepaper-ai-assistance-systems\/&#8221;][vc_empty_space][vc_column_text css=&#8221;&#8221; el_class=&#8221;textfeld&#8221;]<\/p>\n<h3>Humans &amp; machines in dialogue<\/h3>\n<p>[\/vc_column_text][vc_column_text css=&#8221;&#8221; el_class=&#8221;textfeld&#8221;]AI-powered assistance systems have long been part of everyday life \u2013 and are real game changers for businesses! This white paper shows how smart technologies optimize processes, reduce errors, and mitigate the shortage of skilled workers. Those who rely on AI today will secure their competitive edge tomorrow.[\/vc_column_text][vc_empty_space]<a  itemprop=\"url\" href=\"https:\/\/xitaso.com\/en\/competences\/data-science\/whitepaper-ai-assistance-systems\/\" target=\"_parent\" data-hover-background-color=\"#FFFFFF\" data-hover-border-color=\"#005962\" data-hover-color=\"#005962\" class=\"qbutton  center default\" style=\"border-color: #005962; background-color:#005962;\">Free download \u2192<\/a>[vc_empty_space height=&#8221;40&#8243; el_class=&#8221;only-on-mobile&#8221;][\/vc_column_inner][vc_column_inner el_class=&#8221;inner-container&#8221; width=&#8221;1\/4&#8243;][vc_empty_space height=&#8221;40&#8243;][vc_single_image image=&#8221;88702&#8243; img_size=&#8221;200&#215;300&#8243; style=&#8221;vc_box_shadow&#8221; onclick=&#8221;custom_link&#8221; img_link_target=&#8221;_blank&#8221; css=&#8221;&#8221; qode_css_animation=&#8221;&#8221; link=&#8221;https:\/\/xitaso.com\/en\/competences\/data-science\/whitepaper-ki-gestuetztes-wissensmanagement\/&#8221;][vc_empty_space][vc_column_text css=&#8221;&#8221; el_class=&#8221;textfeld&#8221;]<\/p>\n<h3>AI-supported knowledge management<\/h3>\n<p>[\/vc_column_text][vc_column_text css=&#8221;&#8221; el_class=&#8221;textfeld&#8221;]Knowledge is power \u2013 and AI makes it usable! Learn how intelligent systems are revolutionizing knowledge management and increasing productivity by up to 12.5%. This white paper provides practical insights for anyone who wants to future-proof their expertise.[\/vc_column_text][vc_empty_space]<a  itemprop=\"url\" href=\"https:\/\/xitaso.com\/en\/competences\/data-science\/whitepaper-ki-gestuetztes-wissensmanagement\/\" target=\"_parent\" data-hover-background-color=\"#FFFFFF\" data-hover-border-color=\"#005962\" data-hover-color=\"#005962\" class=\"qbutton  center default inner-container button\" style=\"border-color: #005962; background-color:#005962;\">Free download \u2192<\/a>[vc_empty_space height=&#8221;40&#8243; el_class=&#8221;only-on-mobile&#8221;][\/vc_column_inner][\/vc_row_inner][vc_empty_space height=&#8221;50&#8243;][\/vc_column][\/vc_row][vc_row css_animation=&#8221;&#8221; row_type=&#8221;row&#8221; use_row_as_full_screen_section=&#8221;no&#8221; type=&#8221;grid&#8221; angled_section=&#8221;no&#8221; text_align=&#8221;left&#8221; background_image_as_pattern=&#8221;without_pattern&#8221; z_index=&#8221;&#8221; el_class=&#8221;ausgeblendet&#8221;][vc_column el_class=&#8221;outer-container&#8221;][vc_row_inner row_type=&#8221;row&#8221; type=&#8221;full_width&#8221; text_align=&#8221;left&#8221; css_animation=&#8221;&#8221; el_class=&#8221;outer-container&#8221;][vc_column_inner el_class=&#8221;inner-container&#8221; width=&#8221;1\/4&#8243;][vc_empty_space height=&#8221;40&#8243;][vc_single_image image=&#8221;91809&#8243; img_size=&#8221;200&#215;300&#8243; style=&#8221;vc_box_shadow&#8221; onclick=&#8221;custom_link&#8221; img_link_target=&#8221;_blank&#8221; css=&#8221;.vc_custom_1758870893027{padding-right: 30px !important;}&#8221; qode_css_animation=&#8221;&#8221; link=&#8221;https:\/\/xitaso.com\/kompetenzen\/data-science\/whitepaper-ki-assistenzsysteme\/&#8221;][vc_empty_space][vc_column_text css=&#8221;&#8221; el_class=&#8221;textfeld&#8221;]<\/p>\n<h3>Humans &amp; machines in dialogue<\/h3>\n<p>[\/vc_column_text][vc_column_text css=&#8221;&#8221; el_class=&#8221;textfeld&#8221;]Assistenzsysteme mit KI sind l\u00e4ngst Alltag \u2013 und echte Gamechanger f\u00fcr Unternehmen! Dieses Whitepaper zeigt, wie smarte Technologien Prozesse optimieren, Fehler reduzieren und den Fachkr\u00e4ftemangel abfedern. Wer heute auf KI setzt, sichert sich morgen den Vorsprung.[\/vc_column_text][vc_empty_space]<a  itemprop=\"url\" href=\"https:\/\/xitaso.com\/kompetenzen\/data-science\/whitepaper-ki-assistenzsysteme\/\" target=\"_parent\" data-hover-background-color=\"#FFFFFF\" data-hover-border-color=\"#005962\" data-hover-color=\"#005962\" class=\"qbutton  center default inner-container button\" style=\"border-color: #005962; background-color:#005962;\">Free download \u2192<\/a>[\/vc_column_inner][vc_column_inner el_class=&#8221;inner-container&#8221; width=&#8221;1\/4&#8243;][vc_empty_space height=&#8221;40&#8243;][vc_single_image image=&#8221;88589&#8243; img_size=&#8221;200&#215;300&#8243; style=&#8221;vc_box_shadow&#8221; onclick=&#8221;custom_link&#8221; img_link_target=&#8221;_blank&#8221; css=&#8221;&#8221; qode_css_animation=&#8221;&#8221; link=&#8221;https:\/\/xitaso.com\/kompetenzen\/data-science\/whitepaper-ki-gestuetztes-wissensmanagement\/&#8221;][vc_empty_space][vc_column_text css=&#8221;&#8221; el_class=&#8221;textfeld&#8221;]<\/p>\n<h3>AI-supported knowledge management<\/h3>\n<p>[\/vc_column_text][vc_column_text css=&#8221;&#8221; el_class=&#8221;textfeld&#8221;]Wissen ist Macht \u2013 und KI macht es nutzbar! Erfahre, wie intelligente Systeme das Wissensmanagement revolutionieren und die Produktivit\u00e4t um bis zu 12,5\u202f% steigern. Dieses Whitepaper liefert praxisnahe Einblicke f\u00fcr alle, die ihr Know-how zukunftssicher machen wollen.[\/vc_column_text][vc_empty_space]<a  itemprop=\"url\" href=\"https:\/\/xitaso.com\/kompetenzen\/data-science\/whitepaper-ki-gestuetztes-wissensmanagement\/\" target=\"_parent\" data-hover-background-color=\"#FFFFFF\" data-hover-border-color=\"#005962\" data-hover-color=\"#005962\" class=\"qbutton  center default inner-container button\" style=\"border-color: #005962; background-color:#005962;\">Jetzt kostenlos downloaden \u2192<\/a>[\/vc_column_inner][vc_column_inner el_class=&#8221;inner-container&#8221; width=&#8221;1\/4&#8243;][vc_empty_space height=&#8221;40&#8243;][vc_single_image image=&#8221;92458&#8243; img_size=&#8221;200&#215;300&#8243; style=&#8221;vc_box_shadow&#8221; onclick=&#8221;custom_link&#8221; img_link_target=&#8221;_blank&#8221; css=&#8221;&#8221; qode_css_animation=&#8221;&#8221; link=&#8221;https:\/\/xitaso.com\/kompetenzen\/data-science\/whitepaper-genai\/&#8221;][vc_empty_space][vc_column_text css=&#8221;&#8221; el_class=&#8221;textfeld&#8221;]<\/p>\n<h3>Generative AI as a growth driver<\/h3>\n<p>[\/vc_column_text][vc_column_text css=&#8221;&#8221; el_class=&#8221;textfeld&#8221;]Der Maschinenbau steckt in der Krise \u2013 aber KI bietet L\u00f6sungen! Dieses Whitepaper zeigt, wie generative KI neue Chancen er\u00f6ffnet, Innovationen beschleunigt und Unternehmen wieder auf Wachstumskurs bringt. Jetzt lesen und den Wandel aktiv mitgestalten.[\/vc_column_text][vc_empty_space]<a  itemprop=\"url\" href=\"https:\/\/xitaso.com\/kompetenzen\/data-science\/whitepaper-genai\/\" target=\"_parent\" data-hover-background-color=\"#FFFFFF\" data-hover-border-color=\"#005962\" data-hover-color=\"#005962\" class=\"qbutton  center default inner-container button\" style=\"border-color: #005962; background-color:#005962;\">Jetzt kostenlos downloaden \u2192<\/a>[\/vc_column_inner][vc_column_inner el_class=&#8221;inner-container&#8221; width=&#8221;1\/4&#8243;][vc_empty_space height=&#8221;40&#8243;][vc_single_image image=&#8221;59946&#8243; img_size=&#8221;200&#215;300&#8243; style=&#8221;vc_box_shadow&#8221; onclick=&#8221;custom_link&#8221; img_link_target=&#8221;_blank&#8221; css=&#8221;&#8221; qode_css_animation=&#8221;&#8221; link=&#8221;https:\/\/xitaso.com\/kompetenzen\/data-science\/whitepaper-ki\/&#8221;][vc_empty_space][vc_column_text css=&#8221;&#8221; el_class=&#8221;textfeld&#8221;]<\/p>\n<h3>An end to waste<\/h3>\n<p>[\/vc_column_text][vc_column_text css=&#8221;&#8221; el_class=&#8221;textfeld&#8221;]Weniger Ausschuss, mehr Effizienz und Qualit\u00e4t! Dieses Whitepaper zeigt, wie KI-basierte Predictive Quality die Versprechen von Industrie 4.0 endlich einl\u00f6st. Erfahre, wie smarte Systeme Fehler fr\u00fchzeitig erkennen, Kosten deutlich senken und die Qualit\u00e4t nachhaltig steigern.[\/vc_column_text][vc_empty_space]<a  itemprop=\"url\" href=\"https:\/\/xitaso.com\/kompetenzen\/data-science\/whitepaper-ki\/\" target=\"_parent\" data-hover-background-color=\"#FFFFFF\" data-hover-border-color=\"#005962\" data-hover-color=\"#005962\" class=\"qbutton  center default inner-container button\" style=\"border-color: #005962; background-color:#005962;\">Jetzt kostenlos downloaden \u2192<\/a>[\/vc_column_inner][\/vc_row_inner][vc_empty_space height=&#8221;50&#8243;][\/vc_column][\/vc_row][vc_row css_animation=&#8221;&#8221; row_type=&#8221;row&#8221; use_row_as_full_screen_section=&#8221;no&#8221; type=&#8221;full_width&#8221; angled_section=&#8221;no&#8221; text_align=&#8221;left&#8221; background_image_as_pattern=&#8221;without_pattern&#8221;][vc_column][vc_row_inner row_type=&#8221;row&#8221; type=&#8221;full_width&#8221; text_align=&#8221;left&#8221; css_animation=&#8221;&#8221;][vc_column_inner][vc_empty_space][\/vc_column_inner][\/vc_row_inner][\/vc_column][\/vc_row]<\/p>\n<\/div>","protected":false},"excerpt":{"rendered":"<p>[vc_row css_animation=&#8221;&#8221; row_type=&#8221;row&#8221; use_row_as_full_screen_section=&#8221;no&#8221; type=&#8221;grid&#8221; angled_section=&#8221;no&#8221; text_align=&#8221;left&#8221; background_image_as_pattern=&#8221;without_pattern&#8221; z_index=&#8221;&#8221; css=&#8221;.vc_custom_1758869033029{background-color: #50878566 !important;}&#8221;][vc_column][vc_row_inner row_type=&#8221;row&#8221; type=&#8221;full_width&#8221; text_align=&#8221;left&#8221; css_animation=&#8221;&#8221;][vc_column_inner][vc_empty_space height=&#8221;100&#8243;][\/vc_column_inner][\/vc_row_inner][vc_row_inner row_type=&#8221;row&#8221; type=&#8221;grid&#8221; text_align=&#8221;left&#8221; css_animation=&#8221;&#8221;][vc_column_inner][vc_column_text css=&#8221;&#8221;] Knowledge that creates added value! Our white papers at a glance [\/vc_column_text][\/vc_column_inner][\/vc_row_inner][vc_empty_space height=&#8221;60&#8243;][vc_empty_space height=&#8221;60&#8243;][\/vc_column][\/vc_row][vc_row css_animation=&#8221;&#8221; row_type=&#8221;row&#8221; use_row_as_full_screen_section=&#8221;no&#8221; type=&#8221;grid&#8221; angled_section=&#8221;no&#8221; text_align=&#8221;left&#8221; background_image_as_pattern=&#8221;without_pattern&#8221; z_index=&#8221;&#8221;][vc_column][vc_row_inner row_type=&#8221;row&#8221;&#8230;<\/p>\n","protected":false},"author":16,"featured_media":0,"parent":0,"menu_order":0,"comment_status":"closed","ping_status":"closed","template":"full_width.php","meta":{"_acf_changed":false,"inline_featured_image":false,"footnotes":""},"class_list":["post-92609","page","type-page","status-publish","hentry"],"acf":[],"yoast_head":"<!-- This site is optimized with the Yoast SEO plugin v27.3 - https:\/\/yoast.com\/product\/yoast-seo-wordpress\/ -->\n<title>Whitepaper Hub &#060; XITASO<\/title>\n<meta name=\"description\" content=\"Software. Beratung. Entwicklung. Realisierung. Wir planen, gestalten und entwickeln digitale L\u00f6sungen f\u00fcr Produkte, Prozesse und Plattformen.\" \/>\n<meta name=\"robots\" content=\"index, follow, max-snippet:-1, max-image-preview:large, max-video-preview:-1\" \/>\n<link rel=\"canonical\" href=\"https:\/\/xitaso.com\/en\/whitepaper-hub\/\" \/>\n<meta property=\"og:locale\" content=\"en_US\" \/>\n<meta property=\"og:type\" content=\"article\" \/>\n<meta property=\"og:title\" content=\"Whitepaper Hub &#060; XITASO\" \/>\n<meta property=\"og:description\" content=\"Software. Beratung. Entwicklung. Realisierung. Wir planen, gestalten und entwickeln digitale L\u00f6sungen f\u00fcr Produkte, Prozesse und Plattformen.\" \/>\n<meta property=\"og:url\" content=\"https:\/\/xitaso.com\/en\/whitepaper-hub\/\" \/>\n<meta property=\"og:site_name\" content=\"XITASO\" \/>\n<meta property=\"article:publisher\" content=\"https:\/\/www.facebook.com\/XITASOGmbH\/\" \/>\n<meta property=\"article:modified_time\" content=\"2026-03-10T12:04:55+00:00\" \/>\n<meta name=\"twitter:card\" content=\"summary_large_image\" \/>\n<meta name=\"twitter:site\" content=\"@xitasogmbh\" \/>\n<meta name=\"twitter:label1\" content=\"Est. reading time\" \/>\n\t<meta name=\"twitter:data1\" content=\"5 minutes\" \/>\n<script type=\"application\/ld+json\" class=\"yoast-schema-graph\">{\"@context\":\"https:\\\/\\\/schema.org\",\"@graph\":[{\"@type\":\"WebPage\",\"@id\":\"https:\\\/\\\/xitaso.com\\\/en\\\/whitepaper-hub\\\/\",\"url\":\"https:\\\/\\\/xitaso.com\\\/en\\\/whitepaper-hub\\\/\",\"name\":\"Whitepaper Hub &#060; XITASO\",\"isPartOf\":{\"@id\":\"https:\\\/\\\/xitaso.com\\\/#website\"},\"datePublished\":\"2025-09-29T11:31:31+00:00\",\"dateModified\":\"2026-03-10T12:04:55+00:00\",\"description\":\"Software. Beratung. Entwicklung. Realisierung. Wir planen, gestalten und entwickeln digitale L\u00f6sungen f\u00fcr Produkte, Prozesse und Plattformen.\",\"breadcrumb\":{\"@id\":\"https:\\\/\\\/xitaso.com\\\/en\\\/whitepaper-hub\\\/#breadcrumb\"},\"inLanguage\":\"en-US\",\"potentialAction\":[{\"@type\":\"ReadAction\",\"target\":[\"https:\\\/\\\/xitaso.com\\\/en\\\/whitepaper-hub\\\/\"]}]},{\"@type\":\"BreadcrumbList\",\"@id\":\"https:\\\/\\\/xitaso.com\\\/en\\\/whitepaper-hub\\\/#breadcrumb\",\"itemListElement\":[{\"@type\":\"ListItem\",\"position\":1,\"name\":\"Startseite\",\"item\":\"https:\\\/\\\/xitaso.com\\\/en\\\/\"},{\"@type\":\"ListItem\",\"position\":2,\"name\":\"Whitepaper Hub\"}]},{\"@type\":\"WebSite\",\"@id\":\"https:\\\/\\\/xitaso.com\\\/#website\",\"url\":\"https:\\\/\\\/xitaso.com\\\/\",\"name\":\"XITASO\",\"description\":\"\",\"publisher\":{\"@id\":\"https:\\\/\\\/xitaso.com\\\/#organization\"},\"potentialAction\":[{\"@type\":\"SearchAction\",\"target\":{\"@type\":\"EntryPoint\",\"urlTemplate\":\"https:\\\/\\\/xitaso.com\\\/?s={search_term_string}\"},\"query-input\":{\"@type\":\"PropertyValueSpecification\",\"valueRequired\":true,\"valueName\":\"search_term_string\"}}],\"inLanguage\":\"en-US\"},{\"@type\":\"Organization\",\"@id\":\"https:\\\/\\\/xitaso.com\\\/#organization\",\"name\":\"XITASO GmbH\",\"url\":\"https:\\\/\\\/xitaso.com\\\/\",\"logo\":{\"@type\":\"ImageObject\",\"inLanguage\":\"en-US\",\"@id\":\"https:\\\/\\\/xitaso.com\\\/#\\\/schema\\\/logo\\\/image\\\/\",\"url\":\"https:\\\/\\\/xitaso.com\\\/wp-content\\\/uploads\\\/XITASO-Logo-quer.png\",\"contentUrl\":\"https:\\\/\\\/xitaso.com\\\/wp-content\\\/uploads\\\/XITASO-Logo-quer.png\",\"width\":1746,\"height\":438,\"caption\":\"XITASO GmbH\"},\"image\":{\"@id\":\"https:\\\/\\\/xitaso.com\\\/#\\\/schema\\\/logo\\\/image\\\/\"},\"sameAs\":[\"https:\\\/\\\/www.facebook.com\\\/XITASOGmbH\\\/\",\"https:\\\/\\\/x.com\\\/xitasogmbh\",\"https:\\\/\\\/www.linkedin.com\\\/organization-guest\\\/company\\\/xitasogmbh\",\"https:\\\/\\\/www.youtube.com\\\/channel\\\/UCQ4Qjq-Pr58NjGVLryNEuyA\"]}]}<\/script>\n<!-- \/ Yoast SEO plugin. -->","yoast_head_json":{"title":"Whitepaper Hub &#060; XITASO","description":"Software. Beratung. Entwicklung. Realisierung. Wir planen, gestalten und entwickeln digitale L\u00f6sungen f\u00fcr Produkte, Prozesse und Plattformen.","robots":{"index":"index","follow":"follow","max-snippet":"max-snippet:-1","max-image-preview":"max-image-preview:large","max-video-preview":"max-video-preview:-1"},"canonical":"https:\/\/xitaso.com\/en\/whitepaper-hub\/","og_locale":"en_US","og_type":"article","og_title":"Whitepaper Hub &#060; XITASO","og_description":"Software. Beratung. Entwicklung. Realisierung. Wir planen, gestalten und entwickeln digitale L\u00f6sungen f\u00fcr Produkte, Prozesse und Plattformen.","og_url":"https:\/\/xitaso.com\/en\/whitepaper-hub\/","og_site_name":"XITASO","article_publisher":"https:\/\/www.facebook.com\/XITASOGmbH\/","article_modified_time":"2026-03-10T12:04:55+00:00","twitter_card":"summary_large_image","twitter_site":"@xitasogmbh","twitter_misc":{"Est. reading time":"5 minutes"},"schema":{"@context":"https:\/\/schema.org","@graph":[{"@type":"WebPage","@id":"https:\/\/xitaso.com\/en\/whitepaper-hub\/","url":"https:\/\/xitaso.com\/en\/whitepaper-hub\/","name":"Whitepaper Hub &#060; XITASO","isPartOf":{"@id":"https:\/\/xitaso.com\/#website"},"datePublished":"2025-09-29T11:31:31+00:00","dateModified":"2026-03-10T12:04:55+00:00","description":"Software. Beratung. Entwicklung. Realisierung. Wir planen, gestalten und entwickeln digitale L\u00f6sungen f\u00fcr Produkte, Prozesse und Plattformen.","breadcrumb":{"@id":"https:\/\/xitaso.com\/en\/whitepaper-hub\/#breadcrumb"},"inLanguage":"en-US","potentialAction":[{"@type":"ReadAction","target":["https:\/\/xitaso.com\/en\/whitepaper-hub\/"]}]},{"@type":"BreadcrumbList","@id":"https:\/\/xitaso.com\/en\/whitepaper-hub\/#breadcrumb","itemListElement":[{"@type":"ListItem","position":1,"name":"Startseite","item":"https:\/\/xitaso.com\/en\/"},{"@type":"ListItem","position":2,"name":"Whitepaper Hub"}]},{"@type":"WebSite","@id":"https:\/\/xitaso.com\/#website","url":"https:\/\/xitaso.com\/","name":"XITASO","description":"","publisher":{"@id":"https:\/\/xitaso.com\/#organization"},"potentialAction":[{"@type":"SearchAction","target":{"@type":"EntryPoint","urlTemplate":"https:\/\/xitaso.com\/?s={search_term_string}"},"query-input":{"@type":"PropertyValueSpecification","valueRequired":true,"valueName":"search_term_string"}}],"inLanguage":"en-US"},{"@type":"Organization","@id":"https:\/\/xitaso.com\/#organization","name":"XITASO GmbH","url":"https:\/\/xitaso.com\/","logo":{"@type":"ImageObject","inLanguage":"en-US","@id":"https:\/\/xitaso.com\/#\/schema\/logo\/image\/","url":"https:\/\/xitaso.com\/wp-content\/uploads\/XITASO-Logo-quer.png","contentUrl":"https:\/\/xitaso.com\/wp-content\/uploads\/XITASO-Logo-quer.png","width":1746,"height":438,"caption":"XITASO GmbH"},"image":{"@id":"https:\/\/xitaso.com\/#\/schema\/logo\/image\/"},"sameAs":["https:\/\/www.facebook.com\/XITASOGmbH\/","https:\/\/x.com\/xitasogmbh","https:\/\/www.linkedin.com\/organization-guest\/company\/xitasogmbh","https:\/\/www.youtube.com\/channel\/UCQ4Qjq-Pr58NjGVLryNEuyA"]}]}},"_links":{"self":[{"href":"https:\/\/xitaso.com\/en\/wp-json\/wp\/v2\/pages\/92609","targetHints":{"allow":["GET"]}}],"collection":[{"href":"https:\/\/xitaso.com\/en\/wp-json\/wp\/v2\/pages"}],"about":[{"href":"https:\/\/xitaso.com\/en\/wp-json\/wp\/v2\/types\/page"}],"author":[{"embeddable":true,"href":"https:\/\/xitaso.com\/en\/wp-json\/wp\/v2\/users\/16"}],"replies":[{"embeddable":true,"href":"https:\/\/xitaso.com\/en\/wp-json\/wp\/v2\/comments?post=92609"}],"version-history":[{"count":0,"href":"https:\/\/xitaso.com\/en\/wp-json\/wp\/v2\/pages\/92609\/revisions"}],"wp:attachment":[{"href":"https:\/\/xitaso.com\/en\/wp-json\/wp\/v2\/media?parent=92609"}],"curies":[{"name":"wp","href":"https:\/\/api.w.org\/{rel}","templated":true}]}}